{"id":3244,"date":"2025-11-13T11:14:07","date_gmt":"2025-11-13T10:14:07","guid":{"rendered":"https:\/\/brainsuite.ai\/?page_id=3244"},"modified":"2026-01-16T12:13:47","modified_gmt":"2026-01-16T11:13:47","slug":"pack-shelf-2","status":"publish","type":"page","link":"https:\/\/brainsuite.ai\/de\/pack-shelf-2\/","title":{"rendered":"Pack &amp; Shelf"},"content":{"rendered":"<section class=\"bde-section-3244-101 bde-section\">\n  \n  \n\t\n\n\n\n<div class=\"section-container\"><div class=\"bde-columns-3244-102 bde-columns\"><div class=\"bde-column-3244-103 bde-column\">\n  \n  \n\t\n\n\n\n<h1 class=\"bde-heading-3244-104 bde-heading\">\nRegalwirkung, die z\u00e4hlt \u2013 noch bevor Ihr Produkt im Handel steht\n<\/h1><div class=\"bde-rich-text-3244-105 bde-rich-text breakdance-rich-text-styles\">\nErkennen Sie fr\u00fchzeitig, was wirkt \u2013 und bringen Sie Verpackungsdesigns auf den Markt, die im Regal \u00fcberzeugen.\n<\/div><div class=\"bde-button-3244-106 bde-button w-100-m\">\n    \n                                    \n    \n    \n    \n    \n            \n                    \n            \n            \n\n    \n    \n    \n    \n    \n    <a class=\"breakdance-link button-atom button-atom--primary bde-button__button\" href=\"\/de\/demo\/\" target=\"_self\" data-type=\"url\"  >\n\n    \n        <span class=\"button-atom__text\">Demo buchen<\/span>\n\n        \n        \n                <\/a>\n\n    \n\n\n<\/div>\n<\/div><div class=\"bde-column-3244-107 bde-column\">\n  \n  \n\t\n\n\n\n<img decoding=\"async\" class=\"bde-image2-3244-108 bde-image2\" src=\"https:\/\/brainsuite.ai\/wp-content\/uploads\/2025\/10\/Screenshot2025-06-24121217.webp\" loading=\"lazy\" srcset=\"https:\/\/brainsuite.ai\/wp-content\/uploads\/2025\/10\/Screenshot2025-06-24121217.webp 1000w, https:\/\/brainsuite.ai\/wp-content\/uploads\/2025\/10\/Screenshot2025-06-24121217-300x285.webp 300w, https:\/\/brainsuite.ai\/wp-content\/uploads\/2025\/10\/Screenshot2025-06-24121217-768x730.webp 768w\" sizes=\"(max-width: 1000px) 100vw, 1000px\">\n<\/div><\/div><\/div>\n<\/section><section class=\"bde-section-3244-109 bde-section\">\n  \n  \n\t\n\n\n\n<div class=\"section-container\"><h2 class=\"bde-heading-3244-110 bde-heading\">\nGewinnen Sie das Regal! \n<\/h2><\/div>\n<\/section><section class=\"bde-section-3244-111 bde-section\">\n  \n  \n\t\n\n\n\n<div class=\"section-container\"><div class=\"bde-columns-3244-112 bde-columns\"><div class=\"bde-column-3244-113 bde-column\">\n  \n  \n\t\n\n\n\n<img decoding=\"async\" class=\"bde-image2-3244-114 bde-image2\" src=\"https:\/\/brainsuite.ai\/wp-content\/uploads\/2025\/10\/ACECategoryManagement.webp\" loading=\"lazy\" srcset=\"https:\/\/brainsuite.ai\/wp-content\/uploads\/2025\/10\/ACECategoryManagement.webp 658w, https:\/\/brainsuite.ai\/wp-content\/uploads\/2025\/10\/ACECategoryManagement-300x166.webp 300w\" sizes=\"(max-width: 658px) 100vw, 658px\">\n<\/div><div class=\"bde-column-3244-115 bde-column\">\n  \n  \n\t\n\n\n\n<h2 class=\"bde-heading-3244-116 bde-heading\">\nSichern Sie sich die Aufmerksamkeit am Point of Sale\n<\/h2><div class=\"bde-rich-text-3244-117 bde-rich-text breakdance-rich-text-styles\">\nMit Pack & Shelf analysieren Sie, wie Ihre Verpackung \u2013 sowohl als Einzelmotiv als auch im Regalumfeld \u2013 wahrgenommen wird. Unsere KI-Anwendung basiert auf neurowissenschaftlichen Erkenntnissen und verarbeitet \u00fcber eine Milliarde echte Konsumentendaten. So prognostiziert Brainsuite zuverl\u00e4ssig, wie Ihre Verpackung in Bezug auf Aufmerksamkeit, Markenwirkung und Verarbeitungsfreundlichkeit abschneidet.\n<\/div>\n<\/div><\/div><\/div>\n<\/section><section class=\"bde-section-3244-118 bde-section\">\n  \n  \n\t\n\n\n\n<div class=\"section-container\"><h2 class=\"bde-heading-3244-119 bde-heading\">\nVermeiden Sie kostspielige \u00dcberraschungen \u2013 testen Sie, bevor produziert wird\n<\/h2><div class=\"bde-rich-text-3244-120 bde-rich-text breakdance-rich-text-styles\">\nNutzen Sie die Insights von Pack & Shelf, um iterativ und zielgerichtet zu entwickeln. Reduzieren Sie Risiken, beschleunigen Sie Ihre Entscheidungsfindung und launchen Sie Verpackungen mit maximaler Performance und optimalem ROI.\n<\/div><img decoding=\"async\" class=\"bde-image2-3244-121 bde-image2\" src=\"https:\/\/brainsuite.ai\/wp-content\/uploads\/2025\/10\/guessingtoknowing_pack.webp\" loading=\"lazy\" srcset=\"https:\/\/brainsuite.ai\/wp-content\/uploads\/2025\/10\/guessingtoknowing_pack.webp 1500w, https:\/\/brainsuite.ai\/wp-content\/uploads\/2025\/10\/guessingtoknowing_pack-300x169.webp 300w, https:\/\/brainsuite.ai\/wp-content\/uploads\/2025\/10\/guessingtoknowing_pack-1024x576.webp 1024w, https:\/\/brainsuite.ai\/wp-content\/uploads\/2025\/10\/guessingtoknowing_pack-768x432.webp 768w\" sizes=\"(max-width: 1500px) 100vw, 1500px\"><\/div>\n<\/section><section class=\"bde-section-3244-122 bde-section\">\n  \n  \n\t\n\n\n\n<div class=\"section-container\"><div class=\"bde-columns-3244-123 bde-columns\"><div class=\"bde-column-3244-124 bde-column\">\n  \n  \n\t\n\n\n\n<div class=\"bde-image-box-3244-125 bde-image-box bde-image-box-content-padding-only\">\n<div class=\"ee-imagebox-image\">\n  <img loading=\"lazy\" decoding=\"async\" class=\"breakdance-image-object\" src=\"https:\/\/brainsuite.ai\/wp-content\/uploads\/2025\/10\/laptop_screen_brainsuite-scaled-e1759391124966.webp\" width=\"401\" height=\"600\" sizes=\"auto, (max-width: 401px) 100vw, 401px\">\n<\/div>\n<div class=\"ee-imagebox-content\">\n      <h3 class=\"ee-imagebox-title bde-h3\" >Retail- & Trade-Marketing-Teams<\/h3>\n    \n      <div class=\"ee-imagebox-text\" >Treffen Sie schnellere und sicherere Go-to-Market-Entscheidungen. Minimieren Sie Korrekturschleifen nach dem Launch durch belastbare Vorab-Insights \u2013 f\u00fcr mehr Wirkung und h\u00f6here Profitabilit\u00e4t.<\/div>\n    \n  <\/div>\n\n<\/div>\n<\/div><div class=\"bde-column-3244-126 bde-column\">\n  \n  \n\t\n\n\n\n<div class=\"bde-image-box-3244-127 bde-image-box bde-image-box-content-padding-only\">\n<div class=\"ee-imagebox-image\">\n  <img loading=\"lazy\" decoding=\"async\" class=\"breakdance-image-object\" src=\"https:\/\/brainsuite.ai\/wp-content\/uploads\/2025\/10\/top-view-people-working-together-office-e1759391198257.webp\" width=\"900\" height=\"600\" sizes=\"auto, (max-width: 900px) 100vw, 900px\">\n<\/div>\n<div class=\"ee-imagebox-content\">\n      <h3 class=\"ee-imagebox-title bde-h3\" >Brand Manager<\/h3>\n    \n      <div class=\"ee-imagebox-text\" >St\u00e4rken Sie Ihre Marke direkt am Regal. Validieren Sie Sichtbarkeit, Konsistenz und Differenzierung \u2013 noch vor der Einf\u00fchrung. So f\u00f6rdern Sie Wiedererkennung und Pr\u00e4ferenz \u2013 SKU f\u00fcr SKU.<\/div>\n    \n  <\/div>\n\n<\/div>\n<\/div><div class=\"bde-column-3244-128 bde-column\">\n  \n  \n\t\n\n\n\n<div class=\"bde-image-box-3244-129 bde-image-box bde-image-box-content-padding-only\">\n<div class=\"ee-imagebox-image\">\n  <img loading=\"lazy\" decoding=\"async\" class=\"breakdance-image-object\" src=\"https:\/\/brainsuite.ai\/wp-content\/uploads\/2025\/10\/future-work-startup-team-modern-office-setting-e1759391264458.webp\" width=\"600\" height=\"600\" sizes=\"auto, (max-width: 600px) 100vw, 600px\">\n<\/div>\n<div class=\"ee-imagebox-content\">\n      <h3 class=\"ee-imagebox-title bde-h3\" >Category Manager<\/h3>\n    \n      <div class=\"ee-imagebox-text\" >Optimieren Sie Ihre Planogramme mit shoppervalidierten Layouts. Erkennen Sie, wie Produkte ins Regalbild passen \u2013 und wie sie die Kaufentscheidung positiv beeinflussen.<\/div>\n    \n  <\/div>\n\n<\/div>\n<\/div><div class=\"bde-column-3244-130 bde-column\">\n  \n  \n\t\n\n\n\n<div class=\"bde-image-box-3244-131 bde-image-box bde-image-box-content-padding-only\">\n<div class=\"ee-imagebox-image\">\n  <img loading=\"lazy\" decoding=\"async\" class=\"breakdance-image-object\" src=\"https:\/\/brainsuite.ai\/wp-content\/uploads\/2025\/10\/Brainsuite_Cockpit_Ipad.webp\" width=\"750\" height=\"600\" srcset=\"https:\/\/brainsuite.ai\/wp-content\/uploads\/2025\/10\/Brainsuite_Cockpit_Ipad.webp 750w, https:\/\/brainsuite.ai\/wp-content\/uploads\/2025\/10\/Brainsuite_Cockpit_Ipad-300x240.webp 300w\" sizes=\"auto, (max-width: 750px) 100vw, 750px\">\n<\/div>\n<div class=\"ee-imagebox-content\">\n      <h3 class=\"ee-imagebox-title bde-h3\" >Marktforschung<\/h3>\n    \n      <div class=\"ee-imagebox-text\" >Entwickeln Sie Verpackungen, die auffallen und \u00fcberzeugen. Analysieren Sie Elemente wie Informationshierarchie, Markenpr\u00e4senz und Lesefluss \u2013 f\u00fcr Designs, die im Handel funktionieren.<\/div>\n    \n  <\/div>\n\n<\/div>\n<\/div><\/div><\/div>\n<\/section><section class=\"bde-section-3244-132 bde-section\">\n  \n  \n\t\n\n\n\n<div class=\"section-container\"><div class=\"bde-columns-3244-133 bde-columns\"><div class=\"bde-column-3244-134 bde-column\">\n  \n  \n\t\n\n\n\n<img decoding=\"async\" class=\"bde-image2-3244-135 bde-image2\" src=\"https:\/\/brainsuite.ai\/wp-content\/uploads\/2025\/10\/Screenshot2025-06-24122120.webp\" loading=\"lazy\" srcset=\"https:\/\/brainsuite.ai\/wp-content\/uploads\/2025\/10\/Screenshot2025-06-24122120.webp 750w, https:\/\/brainsuite.ai\/wp-content\/uploads\/2025\/10\/Screenshot2025-06-24122120-300x201.webp 300w\" sizes=\"(max-width: 750px) 100vw, 750px\">\n<\/div><div class=\"bde-column-3244-136 bde-column\">\n  \n  \n\t\n\n\n\n<h2 class=\"bde-heading-3244-137 bde-heading\">\nMit den Augen der Shopper sehen\n<\/h2><div class=\"bde-rich-text-3244-138 bde-rich-text breakdance-rich-text-styles\">\nPack & Shelf zeigt, wie Ihre Verpackung im realen Regalumfeld wahrgenommen wird. Was sticht hervor, was geht unter? Erkennen Sie die relevanten Designelemente \u2013 und machen Sie Ihr Produkt zur bevorzugten Wahl.\n<\/div>\n<\/div><\/div><\/div>\n<\/section><section class=\"bde-section-3244-139 bde-section\">\n  \n  \n\t\n\n\n\n<div class=\"section-container\"><div class=\"bde-columns-3244-140 bde-columns\"><div class=\"bde-column-3244-141 bde-column\">\n  \n  \n\t\n\n\n\n<h2 class=\"bde-heading-3244-142 bde-heading\">\nZwischen Wiedererkennung und Differenzierung\n<\/h2><div class=\"bde-rich-text-3244-143 bde-rich-text breakdance-rich-text-styles\">\nVerpackungen sollen Ihre Marke verk\u00f6rpern \u2013 und dennoch herausstechen. Pack & Shelf hilft Ihnen, genau diese Balance zu finden: zwischen Markenkoh\u00e4renz und Regalwirkung.\n<\/div>\n<\/div><div class=\"bde-column-3244-144 bde-column\">\n  \n  \n\t\n\n\n\n<img decoding=\"async\" class=\"bde-image2-3244-145 bde-image2\" src=\"https:\/\/brainsuite.ai\/wp-content\/uploads\/2025\/10\/NewSKU_Brandsimilarity.webp\" loading=\"lazy\" srcset=\"https:\/\/brainsuite.ai\/wp-content\/uploads\/2025\/10\/NewSKU_Brandsimilarity.webp 750w, https:\/\/brainsuite.ai\/wp-content\/uploads\/2025\/10\/NewSKU_Brandsimilarity-300x251.webp 300w\" sizes=\"(max-width: 750px) 100vw, 750px\">\n<\/div><\/div><\/div>\n<\/section><section class=\"bde-section-3244-146 bde-section\">\n  \n  \n\t\n\n\n\n<div class=\"section-container\"><div class=\"bde-columns-3244-147 bde-columns\"><div class=\"bde-column-3244-148 bde-column\">\n  \n  \n\t\n\n\n\n<img decoding=\"async\" class=\"bde-image2-3244-149 bde-image2\" src=\"https:\/\/brainsuite.ai\/wp-content\/uploads\/2025\/10\/increaseROIbypre-testingassets1.webp\" loading=\"lazy\" srcset=\"https:\/\/brainsuite.ai\/wp-content\/uploads\/2025\/10\/increaseROIbypre-testingassets1.webp 750w, https:\/\/brainsuite.ai\/wp-content\/uploads\/2025\/10\/increaseROIbypre-testingassets1-300x216.webp 300w\" sizes=\"(max-width: 750px) 100vw, 750px\">\n<\/div><div class=\"bde-column-3244-150 bde-column\">\n  \n  \n\t\n\n\n\n<h2 class=\"bde-heading-3244-151 bde-heading\">\nRelevanz ist keine Einmalentscheidung\n<\/h2><div class=\"bde-rich-text-3244-152 bde-rich-text breakdance-rich-text-styles\">\nDie Anforderungen im Handel ver\u00e4ndern sich st\u00e4ndig. Mit kontinuierlichem Testing bleiben Ihre Verpackungen wettbewerbsf\u00e4hig \u2013 und shopperrelevant. Optimieren Sie regelm\u00e4\u00dfig, um jeden Regalbesuch in einen Verkauf zu verwandeln.\n<\/div>\n<\/div><\/div><\/div>\n<\/section><section class=\"bde-section-3244-154 bde-section\">\n  \n  \n\t\n\n\n\n<div class=\"section-container\"><h2 class=\"bde-heading-3244-155 bde-heading\">\nSo steigern f\u00fchrende Marken ihre Wirksamkeit mit Brainsuite\n<\/h2><div class=\"bde-post-list-3244-157 bde-post-list single-page-recent-post\"><div class=\"bde-loop bde-loop-grid ee-posts ee-posts-grid\">    <article class=\"bde-loop-item ee-post\">\n                                <a class=\"bde-loop-item__image-link ee-post-image-link \" href=\"https:\/\/brainsuite.ai\/de\/resources\/brainsuite-holt-dr-katrin-kizilkan-als-head-of-marketing-an-bord\/\" aria-label=\"Brainsuite holt Dr. Katrin Kizilkan als Head of Marketing an Bord\">\n                <div class=\"bde-loop-item__image ee-post-image\">\n                    <img loading=\"lazy\" decoding=\"async\" width=\"1620\" height=\"1080\" src=\"https:\/\/brainsuite.ai\/wp-content\/uploads\/2026\/02\/Kopie-von-Blogpost_Vorschaubilder_Templates-25.png\" class=\"attachment-full size-full wp-post-image\" alt=\"\" srcset=\"https:\/\/brainsuite.ai\/wp-content\/uploads\/2026\/02\/Kopie-von-Blogpost_Vorschaubilder_Templates-25.png 1620w, https:\/\/brainsuite.ai\/wp-content\/uploads\/2026\/02\/Kopie-von-Blogpost_Vorschaubilder_Templates-25-300x200.png 300w, https:\/\/brainsuite.ai\/wp-content\/uploads\/2026\/02\/Kopie-von-Blogpost_Vorschaubilder_Templates-25-1024x683.png 1024w, https:\/\/brainsuite.ai\/wp-content\/uploads\/2026\/02\/Kopie-von-Blogpost_Vorschaubilder_Templates-25-768x512.png 768w, https:\/\/brainsuite.ai\/wp-content\/uploads\/2026\/02\/Kopie-von-Blogpost_Vorschaubilder_Templates-25-1536x1024.png 1536w\" sizes=\"auto, (max-width: 1620px) 100vw, 1620px\" \/>                <\/div>\n            <\/a>\n        \n        \n        <div class=\"bde-loop-item__wrap ee-post-wrap\">\n            \n                            <h3 class=\"ee-post-title\">\n                    <a class=\"bde-loop-item__title-link ee-post-title-link\" href=\"https:\/\/brainsuite.ai\/de\/resources\/brainsuite-holt-dr-katrin-kizilkan-als-head-of-marketing-an-bord\/\" >\n                        Brainsuite holt Dr. Katrin Kizilkan als Head of Marketing an Bord                    <\/a>\n                <\/h3>\n            \n    \n                        \n                        \n    \n    \n    \n    \n            \n                    \n            \n            \n\n    \n    \n    \n    \n    \n    <a class=\"breakdance-link button-atom button-atom--custom bde-loop-item__button ee-post-button\" href=\"https:\/\/brainsuite.ai\/de\/resources\/brainsuite-holt-dr-katrin-kizilkan-als-head-of-marketing-an-bord\/\" target=\"_self\" data-type=\"\"  >\n\n    \n        <span class=\"button-atom__text\">Read more<\/span>\n\n        \n        \n                <\/a>\n\n    \n\n\n\n\n            \n        <\/div>\n\n    <\/article>\n\n    <article class=\"bde-loop-item ee-post\">\n                                <a class=\"bde-loop-item__image-link ee-post-image-link \" href=\"https:\/\/brainsuite.ai\/de\/resources\/brainsuite-launcht-mit-sage-script-den-ersten-synthetischen-experten-fuer-tvc-skripte\/\" aria-label=\"Brainsuite launcht mit \u201eSage Script\u201c den ersten synthetischen Experten f\u00fcr TVC-Skripte\">\n                <div class=\"bde-loop-item__image ee-post-image\">\n                    <img loading=\"lazy\" decoding=\"async\" width=\"1620\" height=\"1080\" src=\"https:\/\/brainsuite.ai\/wp-content\/uploads\/2025\/09\/Kopie-von-Blogpost_Vorschaubilder_Templates-19-1.png\" class=\"attachment-full size-full wp-post-image\" alt=\"\" srcset=\"https:\/\/brainsuite.ai\/wp-content\/uploads\/2025\/09\/Kopie-von-Blogpost_Vorschaubilder_Templates-19-1.png 1620w, https:\/\/brainsuite.ai\/wp-content\/uploads\/2025\/09\/Kopie-von-Blogpost_Vorschaubilder_Templates-19-1-300x200.png 300w, https:\/\/brainsuite.ai\/wp-content\/uploads\/2025\/09\/Kopie-von-Blogpost_Vorschaubilder_Templates-19-1-1024x683.png 1024w, https:\/\/brainsuite.ai\/wp-content\/uploads\/2025\/09\/Kopie-von-Blogpost_Vorschaubilder_Templates-19-1-768x512.png 768w, https:\/\/brainsuite.ai\/wp-content\/uploads\/2025\/09\/Kopie-von-Blogpost_Vorschaubilder_Templates-19-1-1536x1024.png 1536w\" sizes=\"auto, (max-width: 1620px) 100vw, 1620px\" \/>                <\/div>\n            <\/a>\n        \n        \n        <div class=\"bde-loop-item__wrap ee-post-wrap\">\n            \n                            <h3 class=\"ee-post-title\">\n                    <a class=\"bde-loop-item__title-link ee-post-title-link\" href=\"https:\/\/brainsuite.ai\/de\/resources\/brainsuite-launcht-mit-sage-script-den-ersten-synthetischen-experten-fuer-tvc-skripte\/\" >\n                        Brainsuite launcht mit \u201eSage Script\u201c den ersten synthetischen Experten f\u00fcr TVC-Skripte                    <\/a>\n                <\/h3>\n            \n    \n                        \n                        \n    \n    \n    \n    \n            \n                    \n            \n            \n\n    \n    \n    \n    \n    \n    <a class=\"breakdance-link button-atom button-atom--custom bde-loop-item__button ee-post-button\" href=\"https:\/\/brainsuite.ai\/de\/resources\/brainsuite-launcht-mit-sage-script-den-ersten-synthetischen-experten-fuer-tvc-skripte\/\" target=\"_self\" data-type=\"\"  >\n\n    \n        <span class=\"button-atom__text\">Read more<\/span>\n\n        \n        \n                <\/a>\n\n    \n\n\n\n\n            \n        <\/div>\n\n    <\/article>\n\n    <article class=\"bde-loop-item ee-post\">\n                                <a class=\"bde-loop-item__image-link ee-post-image-link \" href=\"https:\/\/brainsuite.ai\/de\/resources\/mehr-markenwirkung-durch-datenbasierte-optimierung-von-ooh-kampagnen\/\" aria-label=\"Mehr Markenwirkung durch datenbasierte Optimierung von OOH-Kampagnen\">\n                <div class=\"bde-loop-item__image ee-post-image\">\n                    <img loading=\"lazy\" decoding=\"async\" width=\"1620\" height=\"1080\" src=\"https:\/\/brainsuite.ai\/wp-content\/uploads\/2025\/09\/Kopie-von-Blogpost_Vorschaubilder_Templates-11.png\" class=\"attachment-full size-full wp-post-image\" alt=\"\" srcset=\"https:\/\/brainsuite.ai\/wp-content\/uploads\/2025\/09\/Kopie-von-Blogpost_Vorschaubilder_Templates-11.png 1620w, https:\/\/brainsuite.ai\/wp-content\/uploads\/2025\/09\/Kopie-von-Blogpost_Vorschaubilder_Templates-11-300x200.png 300w, https:\/\/brainsuite.ai\/wp-content\/uploads\/2025\/09\/Kopie-von-Blogpost_Vorschaubilder_Templates-11-1024x683.png 1024w, https:\/\/brainsuite.ai\/wp-content\/uploads\/2025\/09\/Kopie-von-Blogpost_Vorschaubilder_Templates-11-768x512.png 768w, https:\/\/brainsuite.ai\/wp-content\/uploads\/2025\/09\/Kopie-von-Blogpost_Vorschaubilder_Templates-11-1536x1024.png 1536w\" sizes=\"auto, (max-width: 1620px) 100vw, 1620px\" \/>                <\/div>\n            <\/a>\n        \n        \n        <div class=\"bde-loop-item__wrap ee-post-wrap\">\n            \n                            <h3 class=\"ee-post-title\">\n                    <a class=\"bde-loop-item__title-link ee-post-title-link\" href=\"https:\/\/brainsuite.ai\/de\/resources\/mehr-markenwirkung-durch-datenbasierte-optimierung-von-ooh-kampagnen\/\" >\n                        Mehr Markenwirkung durch datenbasierte Optimierung von OOH-Kampagnen                    <\/a>\n                <\/h3>\n            \n    \n                        \n                        \n    \n    \n    \n    \n            \n                    \n            \n            \n\n    \n    \n    \n    \n    \n    <a class=\"breakdance-link button-atom button-atom--custom bde-loop-item__button ee-post-button\" href=\"https:\/\/brainsuite.ai\/de\/resources\/mehr-markenwirkung-durch-datenbasierte-optimierung-von-ooh-kampagnen\/\" target=\"_self\" data-type=\"\"  >\n\n    \n        <span class=\"button-atom__text\">Read more<\/span>\n\n        \n        \n                <\/a>\n\n    \n\n\n\n\n            \n        <\/div>\n\n    <\/article>\n\n    <article class=\"bde-loop-item ee-post\">\n                                <a class=\"bde-loop-item__image-link ee-post-image-link \" href=\"https:\/\/brainsuite.ai\/de\/resources\/shopper-marketing-am-pos-wie-imi-salesmarketing-mit-ki-verkaufsflaechen-optimiert\/\" aria-label=\"Shopper Marketing am POS: Wie iMi salesmarketing mit KI Verkaufsfl\u00e4chen optimiert\">\n                <div class=\"bde-loop-item__image ee-post-image\">\n                    <img loading=\"lazy\" decoding=\"async\" width=\"1620\" height=\"1080\" src=\"https:\/\/brainsuite.ai\/wp-content\/uploads\/2025\/10\/KopievonBlogpost_Vorschaubilder_Templates8.webp\" class=\"attachment-full size-full wp-post-image\" alt=\"\" srcset=\"https:\/\/brainsuite.ai\/wp-content\/uploads\/2025\/10\/KopievonBlogpost_Vorschaubilder_Templates8.webp 1620w, https:\/\/brainsuite.ai\/wp-content\/uploads\/2025\/10\/KopievonBlogpost_Vorschaubilder_Templates8-300x200.webp 300w, https:\/\/brainsuite.ai\/wp-content\/uploads\/2025\/10\/KopievonBlogpost_Vorschaubilder_Templates8-1024x683.webp 1024w, https:\/\/brainsuite.ai\/wp-content\/uploads\/2025\/10\/KopievonBlogpost_Vorschaubilder_Templates8-768x512.webp 768w, https:\/\/brainsuite.ai\/wp-content\/uploads\/2025\/10\/KopievonBlogpost_Vorschaubilder_Templates8-1536x1024.webp 1536w\" sizes=\"auto, (max-width: 1620px) 100vw, 1620px\" \/>                <\/div>\n            <\/a>\n        \n        \n        <div class=\"bde-loop-item__wrap ee-post-wrap\">\n            \n                            <h3 class=\"ee-post-title\">\n                    <a class=\"bde-loop-item__title-link ee-post-title-link\" href=\"https:\/\/brainsuite.ai\/de\/resources\/shopper-marketing-am-pos-wie-imi-salesmarketing-mit-ki-verkaufsflaechen-optimiert\/\" >\n                        Shopper Marketing am POS: Wie iMi salesmarketing mit KI Verkaufsfl\u00e4chen optimiert                    <\/a>\n                <\/h3>\n            \n    \n                        \n                        \n    \n    \n    \n    \n            \n                    \n            \n            \n\n    \n    \n    \n    \n    \n    <a class=\"breakdance-link button-atom button-atom--custom bde-loop-item__button ee-post-button\" href=\"https:\/\/brainsuite.ai\/de\/resources\/shopper-marketing-am-pos-wie-imi-salesmarketing-mit-ki-verkaufsflaechen-optimiert\/\" target=\"_self\" data-type=\"\"  >\n\n    \n        <span class=\"button-atom__text\">Read more<\/span>\n\n        \n        \n                <\/a>\n\n    \n\n\n\n\n            \n        <\/div>\n\n    <\/article>\n\n<\/div><div class='bde-posts-pagination' data-ssr-path='breakdance\/subplugins\/breakdance-elements\/elements\/PostsList\/ssr.php'>\n\n                                    \n    \n    \n    \n    \n            \n            <button type=\"submit\" class=\"button-atom button-atom--custom bde-posts-pagination-loadmore-button\"  >\n    \n        <span class=\"button-atom__text\">Load More Articles<\/span>\n\n        \n        \n            <\/button>\n    \n\n<\/div><\/div><\/div>\n<\/section><div class=\"bde-globalblock-3244-153 bde-globalblock\"><section class=\"bde-section-216-100-216-1 bde-section bde-section-216-100\">\n  \n  \n\t\n\n\n\n<div class=\"section-container\"><h2 class=\"bde-heading-216-101-216-1 bde-heading bde-heading-216-101\">\nStarten Sie noch heute mit der Optimierung Ihrer Marketingerfolge\n<\/h2><div class=\"bde-rich-text-216-102-216-1 bde-rich-text bde-rich-text-216-102 breakdance-rich-text-styles\">\nSchlie\u00dfen Sie sich 400+ globalen Marken an, die mit Brainsuite ihren Marketing-ROI maximieren.\n<\/div><div class=\"bde-button-216-103-216-1 bde-button w-100-m bde-button-216-103\">\n    \n                        \n                        \n    \n    \n    \n    \n            \n                    \n            \n            \n\n    \n    \n    \n    \n    \n    <a class=\"breakdance-link button-atom button-atom--secondary bde-button__button\" href=\"\/de\/demo\" target=\"_self\" data-type=\"url\"  >\n\n    \n        <span class=\"button-atom__text\">Jetzt kostenlose Demo buchen<\/span>\n\n        \n        \n                <\/a>\n\n    \n\n\n<\/div><\/div>\n<\/section><\/div>","protected":false},"excerpt":{"rendered":"","protected":false},"author":3,"featured_media":0,"parent":0,"menu_order":0,"comment_status":"closed","ping_status":"closed","template":"","meta":{"_breakdance_hide_in_design_set":false,"_breakdance_tags":"","footnotes":""},"class_list":["post-3244","page","type-page","status-publish","hentry"],"_links":{"self":[{"href":"https:\/\/brainsuite.ai\/de\/wp-json\/wp\/v2\/pages\/3244","targetHints":{"allow":["GET"]}}],"collection":[{"href":"https:\/\/brainsuite.ai\/de\/wp-json\/wp\/v2\/pages"}],"about":[{"href":"https:\/\/brainsuite.ai\/de\/wp-json\/wp\/v2\/types\/page"}],"author":[{"embeddable":true,"href":"https:\/\/brainsuite.ai\/de\/wp-json\/wp\/v2\/users\/3"}],"replies":[{"embeddable":true,"href":"https:\/\/brainsuite.ai\/de\/wp-json\/wp\/v2\/comments?post=3244"}],"version-history":[{"count":1,"href":"https:\/\/brainsuite.ai\/de\/wp-json\/wp\/v2\/pages\/3244\/revisions"}],"predecessor-version":[{"id":3246,"href":"https:\/\/brainsuite.ai\/de\/wp-json\/wp\/v2\/pages\/3244\/revisions\/3246"}],"wp:attachment":[{"href":"https:\/\/brainsuite.ai\/de\/wp-json\/wp\/v2\/media?parent=3244"}],"curies":[{"name":"wp","href":"https:\/\/api.w.org\/{rel}","templated":true}]}}