{"id":3370,"date":"2025-12-04T13:05:58","date_gmt":"2025-12-04T12:05:58","guid":{"rendered":"https:\/\/brainsuite.ai\/?page_id=3370"},"modified":"2025-12-04T13:05:58","modified_gmt":"2025-12-04T12:05:58","slug":"category-management-2","status":"publish","type":"page","link":"https:\/\/brainsuite.ai\/de\/category-management-2\/","title":{"rendered":"Category Management"},"content":{"rendered":"<section class=\"bde-section-3370-101 bde-section\">\n  \n  \n\t\n\n\n\n<div class=\"section-container\"><div class=\"bde-columns-3370-102 bde-columns\"><div class=\"bde-column-3370-103 bde-column\">\n  \n  \n\t\n\n\n\n<h1 class=\"bde-heading-3370-105 bde-heading\">\nVerwandeln Sie Regalstrategien in messbares Umsatzwachstum\n<\/h1><div class=\"bde-rich-text-3370-106 bde-rich-text breakdance-rich-text-styles\">\nNutzen Sie neurowissenschaftlich fundierte KI-Analysen, um Platzierung, Sichtbarkeit und Sortimentsgestaltung datenbasiert zu optimieren \u2013 f\u00fcr nachhaltigen Erfolg im Regal und dar\u00fcber hinaus.\n<\/div><div class=\"bde-button-3370-107 bde-button w-100-m\">\n    \n                        \n                        \n    \n    \n    \n    \n            \n                    \n            \n            \n\n    \n    \n    \n    \n    \n    <a class=\"breakdance-link button-atom button-atom--primary bde-button__button\" href=\"\/de\/demo\/\" target=\"_self\" data-type=\"url\"  >\n\n    \n        <span class=\"button-atom__text\">Demo buchen<\/span>\n\n        \n        \n                <\/a>\n\n    \n\n\n<\/div>\n<\/div><div class=\"bde-column-3370-104 bde-column\">\n  \n  \n\t\n\n\n\n<img decoding=\"async\" class=\"bde-image2-3370-108 bde-image2\" src=\"https:\/\/brainsuite.ai\/wp-content\/uploads\/2025\/10\/ace_pack_shelf.webp\" loading=\"lazy\" srcset=\"https:\/\/brainsuite.ai\/wp-content\/uploads\/2025\/10\/ace_pack_shelf.webp 500w, https:\/\/brainsuite.ai\/wp-content\/uploads\/2025\/10\/ace_pack_shelf-300x170.webp 300w\" sizes=\"(max-width: 500px) 100vw, 500px\">\n<\/div><\/div><\/div>\n<\/section><section class=\"bde-section-3370-109 bde-section\">\n  \n  \n\t\n\n\n\n<div class=\"section-container\"><h2 class=\"bde-heading-3370-110 bde-heading\">\nKategorien aus Shopper-Sicht denken und gestalten\n<\/h2><\/div>\n<\/section><section class=\"bde-section-3370-111 bde-section\">\n  \n  \n\t\n\n\n\n<div class=\"section-container\"><div class=\"bde-columns-3370-112 bde-columns\"><div class=\"bde-column-3370-113 bde-column\">\n  \n  \n\t\n\n\n\n<img decoding=\"async\" class=\"bde-image2-3370-115 bde-image2\" src=\"https:\/\/brainsuite.ai\/wp-content\/uploads\/2025\/10\/CategoryManagement_benefits.webp\" loading=\"lazy\" srcset=\"https:\/\/brainsuite.ai\/wp-content\/uploads\/2025\/10\/CategoryManagement_benefits.webp 1000w, https:\/\/brainsuite.ai\/wp-content\/uploads\/2025\/10\/CategoryManagement_benefits-300x206.webp 300w, https:\/\/brainsuite.ai\/wp-content\/uploads\/2025\/10\/CategoryManagement_benefits-768x527.webp 768w\" sizes=\"(max-width: 1000px) 100vw, 1000px\">\n<\/div><div class=\"bde-column-3370-114 bde-column\">\n  \n  \n\t\n\n\n\n<h2 class=\"bde-heading-3370-116 bde-heading\">\nErfolgreich am POS: Mit intelligenter Regalplanung punkten\n<\/h2><div class=\"bde-rich-text-3370-117 bde-rich-text breakdance-rich-text-styles\">\nACE Category Management unterst\u00fctzt Sie dabei, die richtigen Produkte am richtigen Ort zu platzieren \u2013 gezielt, sichtbar und wachstumsf\u00f6rdernd. Die App analysiert Shopper-Aufmerksamkeit, Navigationsfluss und Produktsichtbarkeit im Regal. So treffen Sie fundierte Entscheidungen, die sowohl zur Strategie des H\u00e4ndlers als auch zum Verhalten Ihrer Zielgruppe passen \u2013 noch bevor das Layout live geht.\n<\/div>\n<\/div><\/div><\/div>\n<\/section><section class=\"bde-section-3370-118 bde-section\">\n  \n  \n\t\n\n\n\n<div class=\"section-container\"><h2 class=\"bde-heading-3370-119 bde-heading\">\nErfahren Sie, wie Lavazza mit Brainsuite  Category Management neu denkt\n<\/h2><div class=\"bde-video-3370-120 bde-video\">\n<div class=\"ee-video-container\">\n            \n                                                    \n                                <div class=\"ee-video ee-vimeo\">\n                    <iframe\n                            class=\"ee-video lozad\"\n                    title=\"\"\n                    data-src=\n                    \"https:\/\/player.vimeo.com\/video\/1115514103?dnt=1&amp;app_id=122963&controls=1&playsinline=0\n                    \"\n                    width=\"100%\" height=\"100%\" frameborder=\"0\"\n                    allow=\"autoplay; fullscreen; picture-in-picture\" allowfullscreen>\n                    <\/iframe>\n                <\/div>\n                    \n            \n    <\/div>\n\n<\/div><\/div>\n<\/section><section class=\"bde-section-3370-121 bde-section\">\n  \n  \n\t\n\n\n\n<div class=\"section-container\"><div class=\"bde-columns-3370-122 bde-columns\"><div class=\"bde-column-3370-123 bde-column\">\n  \n  \n\t\n\n\n\n<div class=\"bde-image-box-3370-127 bde-image-box bde-image-box-content-padding-only\">\n<div class=\"ee-imagebox-image\">\n  <img loading=\"lazy\" decoding=\"async\" class=\"breakdance-image-object\" src=\"https:\/\/brainsuite.ai\/wp-content\/uploads\/2025\/10\/laptop_screen_brainsuite-scaled-e1759391124966.webp\" width=\"401\" height=\"600\" sizes=\"auto, (max-width: 401px) 100vw, 401px\">\n<\/div>\n<div class=\"ee-imagebox-content\">\n      <h3 class=\"ee-imagebox-title bde-h3\" >Strategy Directors<\/h3>\n    \n      <div class=\"ee-imagebox-text\" >Beschleunigen Sie Ihre Prozesse und statten Sie Ihre Teams mit vorausschauenden Insights aus, die Kampagnen dort optimieren, wo es z\u00e4hlt.<\/div>\n    \n  <\/div>\n\n<\/div>\n<\/div><div class=\"bde-column-3370-124 bde-column\">\n  \n  \n\t\n\n\n\n<div class=\"bde-image-box-3370-129 bde-image-box bde-image-box-content-padding-only\">\n<div class=\"ee-imagebox-image\">\n  <img loading=\"lazy\" decoding=\"async\" class=\"breakdance-image-object\" src=\"https:\/\/brainsuite.ai\/wp-content\/uploads\/2025\/10\/top-view-people-working-together-office-e1759391198257.webp\" width=\"900\" height=\"600\" sizes=\"auto, (max-width: 900px) 100vw, 900px\">\n<\/div>\n<div class=\"ee-imagebox-content\">\n      <h3 class=\"ee-imagebox-title bde-h3\" >Sales & Trade Marketing Teams<\/h3>\n    \n      <div class=\"ee-imagebox-text\" >St\u00e4rken Sie die Regalwirkung von Promotions, Core-SKUs und Innovationen \u2013 jede Platzierung zahlt auf Sichtbarkeit und Abverkauf ein.<\/div>\n    \n  <\/div>\n\n<\/div>\n<\/div><div class=\"bde-column-3370-125 bde-column\">\n  \n  \n\t\n\n\n\n<div class=\"bde-image-box-3370-130 bde-image-box bde-image-box-content-padding-only\">\n<div class=\"ee-imagebox-image\">\n  <img loading=\"lazy\" decoding=\"async\" class=\"breakdance-image-object\" src=\"https:\/\/brainsuite.ai\/wp-content\/uploads\/2025\/10\/future-work-startup-team-modern-office-setting-e1759391264458.webp\" width=\"600\" height=\"600\" sizes=\"auto, (max-width: 600px) 100vw, 600px\">\n<\/div>\n<div class=\"ee-imagebox-content\">\n      <h3 class=\"ee-imagebox-title bde-h3\" >Category Manager<\/h3>\n    \n      <div class=\"ee-imagebox-text\" >Treffen Sie souver\u00e4ne Layout-Entscheidungen im Spannungsfeld zwischen Markenstrategie, H\u00e4ndleranforderungen und Shopper-Bed\u00fcrfnissen \u2013 messbar belegt durch KPIs.<\/div>\n    \n  <\/div>\n\n<\/div>\n<\/div><div class=\"bde-column-3370-126 bde-column\">\n  \n  \n\t\n\n\n\n<div class=\"bde-image-box-3370-128 bde-image-box bde-image-box-content-padding-only\">\n<div class=\"ee-imagebox-image\">\n  <img loading=\"lazy\" decoding=\"async\" class=\"breakdance-image-object\" src=\"https:\/\/brainsuite.ai\/wp-content\/uploads\/2025\/10\/Brainsuite_Cockpit_Ipad.webp\" width=\"750\" height=\"600\" srcset=\"https:\/\/brainsuite.ai\/wp-content\/uploads\/2025\/10\/Brainsuite_Cockpit_Ipad.webp 750w, https:\/\/brainsuite.ai\/wp-content\/uploads\/2025\/10\/Brainsuite_Cockpit_Ipad-300x240.webp 300w\" sizes=\"auto, (max-width: 750px) 100vw, 750px\">\n<\/div>\n<div class=\"ee-imagebox-content\">\n      <h3 class=\"ee-imagebox-title bde-h3\" >Insights-Teams<\/h3>\n    \n      <div class=\"ee-imagebox-text\" >Bringen Sie datenbasierte Empfehlungen ins Unternehmen ein \u2013 f\u00fcr mehr Vertrauen, Transparenz und Umsetzungserfolg.<\/div>\n    \n  <\/div>\n\n<\/div>\n<\/div><\/div><\/div>\n<\/section><section class=\"bde-section-3370-131 bde-section\">\n  \n  \n\t\n\n\n\n<div class=\"section-container\"><div class=\"bde-columns-3370-132 bde-columns\"><div class=\"bde-column-3370-133 bde-column\">\n  \n  \n\t\n\n\n\n<img decoding=\"async\" class=\"bde-image2-3370-137 bde-image2\" src=\"https:\/\/brainsuite.ai\/wp-content\/uploads\/2025\/10\/CategoryManagement_shelf.gif\" loading=\"lazy\" sizes=\"(max-width: 750px) 100vw, 750px\">\n<\/div><div class=\"bde-column-3370-134 bde-column\">\n  \n  \n\t\n\n\n\n<h2 class=\"bde-heading-3370-135 bde-heading\">\nShopper-zentrierte Strategien in die Praxis bringen\n<\/h2><div class=\"bde-rich-text-3370-136 bde-rich-text breakdance-rich-text-styles\">\nPlanen Sie Ihre Regallayouts mit echtem Konsumentenverhalten im Blick: ACE Category Management zeigt, wie sich Aufmerksamkeit \u00fcber das Regal verteilt. So wird Sichtbarkeit zur KPI und Aufmerksamkeit zur strategischen Hebelwirkung. Gestalten Sie Shopper-Assets, die Orientierung bieten \u2013 und es Konsumenten leichter machen, Ihre Produkte zu finden, zu verstehen und zu w\u00e4hlen.\n<\/div>\n<\/div><\/div><\/div>\n<\/section><section class=\"bde-section-3370-138 bde-section\">\n  \n  \n\t\n\n\n\n<div class=\"section-container\"><div class=\"bde-columns-3370-139 bde-columns\"><div class=\"bde-column-3370-142 bde-column\">\n  \n  \n\t\n\n\n\n<h2 class=\"bde-heading-3370-143 bde-heading\">\nDort auffallen, wo der Wettbewerb am st\u00e4rksten ist\n<\/h2><div class=\"bde-rich-text-3370-144 bde-rich-text breakdance-rich-text-styles\">\nVergleichen Sie Ihre Regalperformance mit Benchmarks auf Basis von Aufmerksamkeit \u2013 wettbewerbs\u00fcbergreifend. Erkennen Sie St\u00e4rken, identifizieren Sie ungenutzte Potenziale und pr\u00e4sentieren Sie Regalkonzepte, die nachweislich im Handel funktionieren.\n<\/div>\n<\/div><div class=\"bde-column-3370-140 bde-column\">\n  \n  \n\t\n\n\n\n<img decoding=\"async\" class=\"bde-image2-3370-141 bde-image2\" src=\"https:\/\/brainsuite.ai\/wp-content\/uploads\/2025\/10\/CategoryManagementAttentionIndex_1.webp\" loading=\"lazy\" srcset=\"https:\/\/brainsuite.ai\/wp-content\/uploads\/2025\/10\/CategoryManagementAttentionIndex_1.webp 500w, https:\/\/brainsuite.ai\/wp-content\/uploads\/2025\/10\/CategoryManagementAttentionIndex_1-300x290.webp 300w\" sizes=\"(max-width: 500px) 100vw, 500px\"><img decoding=\"async\" class=\"bde-image2-3370-165 bde-image2\" src=\"https:\/\/brainsuite.ai\/wp-content\/uploads\/2025\/10\/ShelfIndexattention_CategoryManagement.gif\" loading=\"lazy\" sizes=\"(max-width: 750px) 100vw, 750px\">\n<\/div><\/div><\/div>\n<\/section><section class=\"bde-section-3370-145 bde-section\">\n  \n  \n\t\n\n\n\n<div class=\"section-container\"><div class=\"bde-columns-3370-146 bde-columns\"><div class=\"bde-column-3370-147 bde-column\">\n  \n  \n\t\n\n\n\n<img decoding=\"async\" class=\"bde-image2-3370-148 bde-image2\" src=\"https:\/\/brainsuite.ai\/wp-content\/uploads\/2025\/10\/Screenshot2025-09-18135310.webp\" loading=\"lazy\" srcset=\"https:\/\/brainsuite.ai\/wp-content\/uploads\/2025\/10\/Screenshot2025-09-18135310.webp 750w, https:\/\/brainsuite.ai\/wp-content\/uploads\/2025\/10\/Screenshot2025-09-18135310-300x262.webp 300w\" sizes=\"(max-width: 750px) 100vw, 750px\">\n<\/div><div class=\"bde-column-3370-149 bde-column\">\n  \n  \n\t\n\n\n\n<h2 class=\"bde-heading-3370-150 bde-heading\">\nNahtlos integrierbar in Ihre bestehenden Prozesse\n<\/h2><div class=\"bde-rich-text-3370-151 bde-rich-text breakdance-rich-text-styles\">\nACE Category Management f\u00fcgt sich reibungslos in Ihre bestehenden Planungs- und Freigabeprozesse ein. Ob Planogramme oder ma\u00dfgeschneiderte H\u00e4ndlerlayouts \u2013 die App liefert schnell und konsistent Insights, die Alignment erleichtern und Entscheidungen beschleunigen.\n<\/div>\n<\/div><\/div><\/div>\n<\/section><section class=\"bde-section-3370-152 bde-section\">\n  \n  \n\t\n\n\n\n<div class=\"section-container\"><h2 class=\"bde-heading-3370-153 bde-heading\">\nSo steigern f\u00fchrende Marken ihre Wirksamkeit mit Brainsuite\n<\/h2><div class=\"bde-post-list-3370-162 bde-post-list single-page-recent-post\"><div class=\"bde-loop bde-loop-grid ee-posts ee-posts-grid\">    <article class=\"bde-loop-item ee-post\">\n                                <a class=\"bde-loop-item__image-link ee-post-image-link \" href=\"https:\/\/brainsuite.ai\/de\/resources\/brainsuite-holt-dr-katrin-kizilkan-als-head-of-marketing-an-bord\/\" aria-label=\"Brainsuite holt Dr. Katrin Kizilkan als Head of Marketing an Bord\">\n                <div class=\"bde-loop-item__image ee-post-image\">\n                    <img loading=\"lazy\" decoding=\"async\" width=\"1620\" height=\"1080\" src=\"https:\/\/brainsuite.ai\/wp-content\/uploads\/2026\/02\/Kopie-von-Blogpost_Vorschaubilder_Templates-25.png\" class=\"attachment-full size-full wp-post-image\" alt=\"\" srcset=\"https:\/\/brainsuite.ai\/wp-content\/uploads\/2026\/02\/Kopie-von-Blogpost_Vorschaubilder_Templates-25.png 1620w, https:\/\/brainsuite.ai\/wp-content\/uploads\/2026\/02\/Kopie-von-Blogpost_Vorschaubilder_Templates-25-300x200.png 300w, https:\/\/brainsuite.ai\/wp-content\/uploads\/2026\/02\/Kopie-von-Blogpost_Vorschaubilder_Templates-25-1024x683.png 1024w, https:\/\/brainsuite.ai\/wp-content\/uploads\/2026\/02\/Kopie-von-Blogpost_Vorschaubilder_Templates-25-768x512.png 768w, https:\/\/brainsuite.ai\/wp-content\/uploads\/2026\/02\/Kopie-von-Blogpost_Vorschaubilder_Templates-25-1536x1024.png 1536w\" sizes=\"auto, (max-width: 1620px) 100vw, 1620px\" \/>                <\/div>\n            <\/a>\n        \n        \n        <div class=\"bde-loop-item__wrap ee-post-wrap\">\n            \n                            <h3 class=\"ee-post-title\">\n                    <a class=\"bde-loop-item__title-link ee-post-title-link\" href=\"https:\/\/brainsuite.ai\/de\/resources\/brainsuite-holt-dr-katrin-kizilkan-als-head-of-marketing-an-bord\/\" >\n                        Brainsuite holt Dr. Katrin Kizilkan als Head of Marketing an Bord                    <\/a>\n                <\/h3>\n            \n    \n                        \n                        \n    \n    \n    \n    \n            \n                    \n            \n            \n\n    \n    \n    \n    \n    \n    <a class=\"breakdance-link button-atom button-atom--custom bde-loop-item__button ee-post-button\" href=\"https:\/\/brainsuite.ai\/de\/resources\/brainsuite-holt-dr-katrin-kizilkan-als-head-of-marketing-an-bord\/\" target=\"_self\" data-type=\"\"  >\n\n    \n        <span class=\"button-atom__text\">Read more<\/span>\n\n        \n        \n                <\/a>\n\n    \n\n\n\n\n            \n        <\/div>\n\n    <\/article>\n\n    <article class=\"bde-loop-item ee-post\">\n                                <a class=\"bde-loop-item__image-link ee-post-image-link \" href=\"https:\/\/brainsuite.ai\/de\/resources\/brainsuite-launcht-mit-sage-script-den-ersten-synthetischen-experten-fuer-tvc-skripte\/\" aria-label=\"Brainsuite launcht mit \u201eSage Script\u201c den ersten synthetischen Experten f\u00fcr TVC-Skripte\">\n                <div class=\"bde-loop-item__image ee-post-image\">\n                    <img loading=\"lazy\" decoding=\"async\" width=\"1620\" height=\"1080\" src=\"https:\/\/brainsuite.ai\/wp-content\/uploads\/2025\/09\/Kopie-von-Blogpost_Vorschaubilder_Templates-19-1.png\" class=\"attachment-full size-full wp-post-image\" alt=\"\" srcset=\"https:\/\/brainsuite.ai\/wp-content\/uploads\/2025\/09\/Kopie-von-Blogpost_Vorschaubilder_Templates-19-1.png 1620w, https:\/\/brainsuite.ai\/wp-content\/uploads\/2025\/09\/Kopie-von-Blogpost_Vorschaubilder_Templates-19-1-300x200.png 300w, https:\/\/brainsuite.ai\/wp-content\/uploads\/2025\/09\/Kopie-von-Blogpost_Vorschaubilder_Templates-19-1-1024x683.png 1024w, https:\/\/brainsuite.ai\/wp-content\/uploads\/2025\/09\/Kopie-von-Blogpost_Vorschaubilder_Templates-19-1-768x512.png 768w, https:\/\/brainsuite.ai\/wp-content\/uploads\/2025\/09\/Kopie-von-Blogpost_Vorschaubilder_Templates-19-1-1536x1024.png 1536w\" sizes=\"auto, (max-width: 1620px) 100vw, 1620px\" \/>                <\/div>\n            <\/a>\n        \n        \n        <div class=\"bde-loop-item__wrap ee-post-wrap\">\n            \n                            <h3 class=\"ee-post-title\">\n                    <a class=\"bde-loop-item__title-link ee-post-title-link\" href=\"https:\/\/brainsuite.ai\/de\/resources\/brainsuite-launcht-mit-sage-script-den-ersten-synthetischen-experten-fuer-tvc-skripte\/\" >\n                        Brainsuite launcht mit \u201eSage Script\u201c den ersten synthetischen Experten f\u00fcr TVC-Skripte                    <\/a>\n                <\/h3>\n            \n    \n                        \n                        \n    \n    \n    \n    \n            \n                    \n            \n            \n\n    \n    \n    \n    \n    \n    <a class=\"breakdance-link button-atom button-atom--custom bde-loop-item__button ee-post-button\" href=\"https:\/\/brainsuite.ai\/de\/resources\/brainsuite-launcht-mit-sage-script-den-ersten-synthetischen-experten-fuer-tvc-skripte\/\" target=\"_self\" data-type=\"\"  >\n\n    \n        <span class=\"button-atom__text\">Read more<\/span>\n\n        \n        \n                <\/a>\n\n    \n\n\n\n\n            \n        <\/div>\n\n    <\/article>\n\n    <article class=\"bde-loop-item ee-post\">\n                                <a class=\"bde-loop-item__image-link ee-post-image-link \" href=\"https:\/\/brainsuite.ai\/de\/resources\/mehr-markenwirkung-durch-datenbasierte-optimierung-von-ooh-kampagnen\/\" aria-label=\"Mehr Markenwirkung durch datenbasierte Optimierung von OOH-Kampagnen\">\n                <div class=\"bde-loop-item__image ee-post-image\">\n                    <img loading=\"lazy\" decoding=\"async\" width=\"1620\" height=\"1080\" src=\"https:\/\/brainsuite.ai\/wp-content\/uploads\/2025\/09\/Kopie-von-Blogpost_Vorschaubilder_Templates-11.png\" class=\"attachment-full size-full wp-post-image\" alt=\"\" srcset=\"https:\/\/brainsuite.ai\/wp-content\/uploads\/2025\/09\/Kopie-von-Blogpost_Vorschaubilder_Templates-11.png 1620w, https:\/\/brainsuite.ai\/wp-content\/uploads\/2025\/09\/Kopie-von-Blogpost_Vorschaubilder_Templates-11-300x200.png 300w, https:\/\/brainsuite.ai\/wp-content\/uploads\/2025\/09\/Kopie-von-Blogpost_Vorschaubilder_Templates-11-1024x683.png 1024w, https:\/\/brainsuite.ai\/wp-content\/uploads\/2025\/09\/Kopie-von-Blogpost_Vorschaubilder_Templates-11-768x512.png 768w, https:\/\/brainsuite.ai\/wp-content\/uploads\/2025\/09\/Kopie-von-Blogpost_Vorschaubilder_Templates-11-1536x1024.png 1536w\" sizes=\"auto, (max-width: 1620px) 100vw, 1620px\" \/>                <\/div>\n            <\/a>\n        \n        \n        <div class=\"bde-loop-item__wrap ee-post-wrap\">\n            \n                            <h3 class=\"ee-post-title\">\n                    <a class=\"bde-loop-item__title-link ee-post-title-link\" href=\"https:\/\/brainsuite.ai\/de\/resources\/mehr-markenwirkung-durch-datenbasierte-optimierung-von-ooh-kampagnen\/\" >\n                        Mehr Markenwirkung durch datenbasierte Optimierung von OOH-Kampagnen                    <\/a>\n                <\/h3>\n            \n    \n                        \n                        \n    \n    \n    \n    \n            \n                    \n            \n            \n\n    \n    \n    \n    \n    \n    <a class=\"breakdance-link button-atom button-atom--custom bde-loop-item__button ee-post-button\" href=\"https:\/\/brainsuite.ai\/de\/resources\/mehr-markenwirkung-durch-datenbasierte-optimierung-von-ooh-kampagnen\/\" target=\"_self\" data-type=\"\"  >\n\n    \n        <span class=\"button-atom__text\">Read more<\/span>\n\n        \n        \n                <\/a>\n\n    \n\n\n\n\n            \n        <\/div>\n\n    <\/article>\n\n    <article class=\"bde-loop-item ee-post\">\n                                <a class=\"bde-loop-item__image-link ee-post-image-link \" href=\"https:\/\/brainsuite.ai\/de\/resources\/shopper-marketing-am-pos-wie-imi-salesmarketing-mit-ki-verkaufsflaechen-optimiert\/\" aria-label=\"Shopper Marketing am POS: Wie iMi salesmarketing mit KI Verkaufsfl\u00e4chen optimiert\">\n                <div class=\"bde-loop-item__image ee-post-image\">\n                    <img loading=\"lazy\" decoding=\"async\" width=\"1620\" height=\"1080\" src=\"https:\/\/brainsuite.ai\/wp-content\/uploads\/2025\/10\/KopievonBlogpost_Vorschaubilder_Templates8.webp\" class=\"attachment-full size-full wp-post-image\" alt=\"\" srcset=\"https:\/\/brainsuite.ai\/wp-content\/uploads\/2025\/10\/KopievonBlogpost_Vorschaubilder_Templates8.webp 1620w, https:\/\/brainsuite.ai\/wp-content\/uploads\/2025\/10\/KopievonBlogpost_Vorschaubilder_Templates8-300x200.webp 300w, https:\/\/brainsuite.ai\/wp-content\/uploads\/2025\/10\/KopievonBlogpost_Vorschaubilder_Templates8-1024x683.webp 1024w, https:\/\/brainsuite.ai\/wp-content\/uploads\/2025\/10\/KopievonBlogpost_Vorschaubilder_Templates8-768x512.webp 768w, https:\/\/brainsuite.ai\/wp-content\/uploads\/2025\/10\/KopievonBlogpost_Vorschaubilder_Templates8-1536x1024.webp 1536w\" sizes=\"auto, (max-width: 1620px) 100vw, 1620px\" \/>                <\/div>\n            <\/a>\n        \n        \n        <div class=\"bde-loop-item__wrap ee-post-wrap\">\n            \n                            <h3 class=\"ee-post-title\">\n                    <a class=\"bde-loop-item__title-link ee-post-title-link\" href=\"https:\/\/brainsuite.ai\/de\/resources\/shopper-marketing-am-pos-wie-imi-salesmarketing-mit-ki-verkaufsflaechen-optimiert\/\" >\n                        Shopper Marketing am POS: Wie iMi salesmarketing mit KI Verkaufsfl\u00e4chen optimiert                    <\/a>\n                <\/h3>\n            \n    \n                        \n                        \n    \n    \n    \n    \n            \n                    \n            \n            \n\n    \n    \n    \n    \n    \n    <a class=\"breakdance-link button-atom button-atom--custom bde-loop-item__button ee-post-button\" href=\"https:\/\/brainsuite.ai\/de\/resources\/shopper-marketing-am-pos-wie-imi-salesmarketing-mit-ki-verkaufsflaechen-optimiert\/\" target=\"_self\" data-type=\"\"  >\n\n    \n        <span class=\"button-atom__text\">Read more<\/span>\n\n        \n        \n                <\/a>\n\n    \n\n\n\n\n            \n        <\/div>\n\n    <\/article>\n\n<\/div><div class='bde-posts-pagination' data-ssr-path='breakdance\/subplugins\/breakdance-elements\/elements\/PostsList\/ssr.php'>\n\n                                    \n    \n    \n    \n    \n            \n            <button type=\"submit\" class=\"button-atom button-atom--custom bde-posts-pagination-loadmore-button\"  >\n    \n        <span class=\"button-atom__text\">Load More Articles<\/span>\n\n        \n        \n            <\/button>\n    \n\n<\/div><\/div><\/div>\n<\/section><div class=\"bde-globalblock-3370-159 bde-globalblock\"><section class=\"bde-section-216-100-216-1 bde-section bde-section-216-100\">\n  \n  \n\t\n\n\n\n<div class=\"section-container\"><h2 class=\"bde-heading-216-101-216-1 bde-heading bde-heading-216-101\">\nStarten Sie noch heute mit der Optimierung Ihrer Marketingerfolge\n<\/h2><div class=\"bde-rich-text-216-102-216-1 bde-rich-text bde-rich-text-216-102 breakdance-rich-text-styles\">\nSchlie\u00dfen Sie sich 400+ globalen Marken an, die mit Brainsuite ihren Marketing-ROI maximieren.\n<\/div><div class=\"bde-button-216-103-216-1 bde-button w-100-m bde-button-216-103\">\n    \n                        \n                        \n    \n    \n    \n    \n            \n                    \n            \n            \n\n    \n    \n    \n    \n    \n    <a class=\"breakdance-link button-atom button-atom--secondary bde-button__button\" href=\"\/de\/demo\" target=\"_self\" data-type=\"url\"  >\n\n    \n        <span class=\"button-atom__text\">Jetzt kostenlose Demo buchen<\/span>\n\n        \n        \n                <\/a>\n\n    \n\n\n<\/div><\/div>\n<\/section><\/div>","protected":false},"excerpt":{"rendered":"","protected":false},"author":3,"featured_media":0,"parent":0,"menu_order":0,"comment_status":"closed","ping_status":"closed","template":"","meta":{"_breakdance_hide_in_design_set":false,"_breakdance_tags":"","footnotes":""},"class_list":["post-3370","page","type-page","status-publish","hentry"],"_links":{"self":[{"href":"https:\/\/brainsuite.ai\/de\/wp-json\/wp\/v2\/pages\/3370","targetHints":{"allow":["GET"]}}],"collection":[{"href":"https:\/\/brainsuite.ai\/de\/wp-json\/wp\/v2\/pages"}],"about":[{"href":"https:\/\/brainsuite.ai\/de\/wp-json\/wp\/v2\/types\/page"}],"author":[{"embeddable":true,"href":"https:\/\/brainsuite.ai\/de\/wp-json\/wp\/v2\/users\/3"}],"replies":[{"embeddable":true,"href":"https:\/\/brainsuite.ai\/de\/wp-json\/wp\/v2\/comments?post=3370"}],"version-history":[{"count":1,"href":"https:\/\/brainsuite.ai\/de\/wp-json\/wp\/v2\/pages\/3370\/revisions"}],"predecessor-version":[{"id":3371,"href":"https:\/\/brainsuite.ai\/de\/wp-json\/wp\/v2\/pages\/3370\/revisions\/3371"}],"wp:attachment":[{"href":"https:\/\/brainsuite.ai\/de\/wp-json\/wp\/v2\/media?parent=3370"}],"curies":[{"name":"wp","href":"https:\/\/api.w.org\/{rel}","templated":true}]}}