{"id":62,"date":"2025-09-23T14:52:55","date_gmt":"2025-09-23T12:52:55","guid":{"rendered":"https:\/\/brainsuite.ai\/?page_id=62"},"modified":"2026-01-16T12:18:46","modified_gmt":"2026-01-16T11:18:46","slug":"ueber-brainsuite","status":"publish","type":"page","link":"https:\/\/brainsuite.ai\/de\/ueber-brainsuite\/","title":{"rendered":"\u00dcber Brainsuite"},"content":{"rendered":"<section class=\"bde-section-62-100 bde-section\">\n  \n  \n\t\n\n\n\n<div class=\"section-container\"><div class=\"bde-columns-62-101 bde-columns\"><div class=\"bde-column-62-102 bde-column\">\n  \n  \n\t\n\n\n\n<h1 class=\"bde-heading-62-104 bde-heading\">\n<mark>Brainsuite.<\/mark><br>Unsere Story.\n<\/h1><img decoding=\"async\" class=\"bde-image2-62-105 bde-image2\" src=\"https:\/\/brainsuite.ai\/wp-content\/uploads\/2025\/10\/avif.webp\" loading=\"lazy\" srcset=\"https:\/\/brainsuite.ai\/wp-content\/uploads\/2025\/10\/avif.webp 1520w, https:\/\/brainsuite.ai\/wp-content\/uploads\/2025\/10\/avif-300x200.webp 300w, https:\/\/brainsuite.ai\/wp-content\/uploads\/2025\/10\/avif-1024x682.webp 1024w, https:\/\/brainsuite.ai\/wp-content\/uploads\/2025\/10\/avif-768x512.webp 768w\" sizes=\"(max-width: 1520px) 100vw, 1520px\"><div class=\"bde-div-62-107 bde-div\">\n  \n  \n\t\n\n\n\n<div class=\"bde-text-62-108 bde-text\">\naimpower - Mitglied des:\n<\/div><img decoding=\"async\" class=\"bde-image2-62-109 bde-image2\" src=\"https:\/\/brainsuite.ai\/wp-content\/uploads\/2025\/10\/ki-verband-gross.webp\" loading=\"lazy\" sizes=\"(max-width: 300px) 100vw, 300px\">\n<\/div>\n<\/div><div class=\"bde-column-62-103 bde-column\">\n  \n  \n\t\n\n\n\n<div class=\"bde-rich-text-62-106 bde-rich-text breakdance-rich-text-styles\">\n<p>Brainsuite wurde im Jahr 2020 von einem Neurowissenschaftler, einem Psychologen und einem Spezialisten f\u00fcr digitale Transformation gegr\u00fcndet. Mit ihrer langj\u00e4hrigen Erfahrung aus der Markenberatung, der Marktforschung und der Verhaltenswissenschaft sahen sie die M\u00f6glichkeit, mithilfe von AI eine neue Form der Markenf\u00fchrung und des Werbemitteltestings zu entwickeln.<\/p><p>Doch vor der Umsetzung stand zuerst die erforderliche wissenschaftliche Validierung ihrer Hypothesen, gefolgt von der Publikation eines Bestsellers zum Thema \u201cK\u00fcnstliche Intelligenz in der Markenf\u00fchrung\u201d. Erm\u00f6glicht wurde diese Entwicklung auch durch die Tatsache, dass sich einer der Gr\u00fcnder bereits seit Karrierebeginn mit dem Thema AI und den daraus entstehenden M\u00f6glichkeiten intensiv auseinandersetzt.<\/p><p>In enger Zusammenarbeit mit Marktf\u00fchrern aus dem FMCG-Bereich und weiteren Branchen begann das Team dann mit der Entwicklung von AI-Tools zur exakten Vorhersage der Konsumentenwahrnehmung von Werbemitteln.<\/p><p>Diese Tools sind heute auf unserer nutzerfreundlichen SaaS-Plattform brainsuite 24\/7 f\u00fcr unsere Kunden zug\u00e4nglich.<\/p>\n<\/div>\n<\/div><\/div><\/div>\n<\/section><section class=\"bde-section-62-110 bde-section\">\n  \n  \n\t\n\n\n\n<div class=\"section-container\"><div class=\"bde-columns-62-111 bde-columns\"><div class=\"bde-column-62-112 bde-column\">\n  \n  \n\t\n\n\n\n<h2 class=\"bde-heading-62-113 bde-heading\">\nUnser globales Netzwerk\n<\/h2><div class=\"bde-rich-text-62-114 bde-rich-text breakdance-rich-text-styles\">\n<p>Ein zentraler Aspekt unserer Vision ist es, die Anpassbarkeit unserer L\u00f6sungen an verschiedene Marken, Zielm\u00e4rkte, Zeitzonen, Teams und Sprachen zu erm\u00f6glichen. Mit unserer SaaS-Plattform brainsuite bieten wir daf\u00fcr die technische L\u00f6sung.<\/p><p>Ebenso wichtig die die technische Exzellenz ist es f\u00fcr uns, unsere Mitarbeiter und unsere Organisation stetig weiterzuentwickeln. Unser Team aus Experten f\u00fcr AI und Markenf\u00fchrung arbeitet f\u00fcr global agierende Kunden, vorrangig kommen diese aus Nordamerika, Lateinamerika und Europa. F\u00fcr die Regionen Asien-Pazifik und Afrika kooperieren wir mit ausgew\u00e4hlten Partnern.<\/p><p>Wir freuen uns immer \u00fcber neue Partner, die unser Wachstum unterst\u00fctzen. Wenn Sie Interesse haben, unsere L\u00f6sungen in Ihrem Markt zu etablieren, dann nehmen Sie Kontakt mit uns auf.<\/p>\n<\/div>\n<\/div><div class=\"bde-column-62-115 bde-column\">\n  \n  \n\t\n\n\n\n<img decoding=\"async\" class=\"bde-image2-62-116 bde-image2\" src=\"https:\/\/brainsuite.ai\/wp-content\/uploads\/2025\/10\/brandsuite_world_wide1.webp\" loading=\"lazy\" srcset=\"https:\/\/brainsuite.ai\/wp-content\/uploads\/2025\/10\/brandsuite_world_wide1.webp 1000w, https:\/\/brainsuite.ai\/wp-content\/uploads\/2025\/10\/brandsuite_world_wide1-300x300.webp 300w, https:\/\/brainsuite.ai\/wp-content\/uploads\/2025\/10\/brandsuite_world_wide1-150x150.webp 150w, https:\/\/brainsuite.ai\/wp-content\/uploads\/2025\/10\/brandsuite_world_wide1-768x769.webp 768w\" sizes=\"(max-width: 1000px) 100vw, 1000px\">\n<\/div><\/div><\/div>\n<\/section><section class=\"bde-section-62-117 bde-section\">\n  \n  \n\t\n\n\n\n<div class=\"section-container\"><h2 class=\"bde-heading-62-118 bde-heading\">\nUnsere Partner\n<\/h2><div class=\"bde-logo-list-62-119 bde-logo-list gradient-overlay__both un-image-carousel-container\">\n\n  <div class=\"un-logo-bar__marquee-content carousel-type__stop-on-hover\">\n                            <div class=\"un-logo-bar__logo-wrapper\">\n          <img loading=\"lazy\" decoding=\"async\" class=\"breakdance-image-object\" src=\"https:\/\/brainsuite.ai\/wp-content\/uploads\/2025\/10\/15780665257031.webp\" width=\"200\" height=\"200\" srcset=\"https:\/\/brainsuite.ai\/wp-content\/uploads\/2025\/10\/15780665257031.webp 200w, https:\/\/brainsuite.ai\/wp-content\/uploads\/2025\/10\/15780665257031-150x150.webp 150w\" sizes=\"auto, (max-width: 200px) 100vw, 200px\">\n        <\/div>\n                              <div class=\"un-logo-bar__logo-wrapper\">\n          <img loading=\"lazy\" decoding=\"async\" class=\"breakdance-image-object\" src=\"https:\/\/brainsuite.ai\/wp-content\/uploads\/2025\/10\/GS1_Corporate_Large_RGB_2014-12-17.webp\" width=\"500\" height=\"418\" srcset=\"https:\/\/brainsuite.ai\/wp-content\/uploads\/2025\/10\/GS1_Corporate_Large_RGB_2014-12-17.webp 500w, https:\/\/brainsuite.ai\/wp-content\/uploads\/2025\/10\/GS1_Corporate_Large_RGB_2014-12-17-300x251.webp 300w\" sizes=\"auto, (max-width: 500px) 100vw, 500px\">\n        <\/div>\n                              <div class=\"un-logo-bar__logo-wrapper\">\n          <img loading=\"lazy\" decoding=\"async\" class=\"breakdance-image-object\" src=\"https:\/\/brainsuite.ai\/wp-content\/uploads\/2025\/10\/EHI-Logo-RGB.webp\" width=\"300\" height=\"75\" sizes=\"auto, (max-width: 300px) 100vw, 300px\">\n        <\/div>\n                              <div class=\"un-logo-bar__logo-wrapper\">\n          <img loading=\"lazy\" decoding=\"async\" class=\"breakdance-image-object\" src=\"https:\/\/brainsuite.ai\/wp-content\/uploads\/2025\/10\/Screenshot2025-05-07101338.webp\" width=\"500\" height=\"150\" srcset=\"https:\/\/brainsuite.ai\/wp-content\/uploads\/2025\/10\/Screenshot2025-05-07101338.webp 500w, https:\/\/brainsuite.ai\/wp-content\/uploads\/2025\/10\/Screenshot2025-05-07101338-300x90.webp 300w\" sizes=\"auto, (max-width: 500px) 100vw, 500px\">\n        <\/div>\n                                        <div class=\"un-logo-bar__logo-wrapper\">\n          <img loading=\"lazy\" decoding=\"async\" class=\"breakdance-image-object\" src=\"https:\/\/brainsuite.ai\/wp-content\/uploads\/2025\/10\/15780665257031.webp\" width=\"200\" height=\"200\" srcset=\"https:\/\/brainsuite.ai\/wp-content\/uploads\/2025\/10\/15780665257031.webp 200w, https:\/\/brainsuite.ai\/wp-content\/uploads\/2025\/10\/15780665257031-150x150.webp 150w\" sizes=\"auto, (max-width: 200px) 100vw, 200px\">\n        <\/div>\n                              <div class=\"un-logo-bar__logo-wrapper\">\n          <img loading=\"lazy\" decoding=\"async\" class=\"breakdance-image-object\" src=\"https:\/\/brainsuite.ai\/wp-content\/uploads\/2025\/10\/GS1_Corporate_Large_RGB_2014-12-17.webp\" width=\"500\" height=\"418\" srcset=\"https:\/\/brainsuite.ai\/wp-content\/uploads\/2025\/10\/GS1_Corporate_Large_RGB_2014-12-17.webp 500w, https:\/\/brainsuite.ai\/wp-content\/uploads\/2025\/10\/GS1_Corporate_Large_RGB_2014-12-17-300x251.webp 300w\" sizes=\"auto, (max-width: 500px) 100vw, 500px\">\n        <\/div>\n                              <div class=\"un-logo-bar__logo-wrapper\">\n          <img loading=\"lazy\" decoding=\"async\" class=\"breakdance-image-object\" src=\"https:\/\/brainsuite.ai\/wp-content\/uploads\/2025\/10\/EHI-Logo-RGB.webp\" width=\"300\" height=\"75\" sizes=\"auto, (max-width: 300px) 100vw, 300px\">\n        <\/div>\n                              <div class=\"un-logo-bar__logo-wrapper\">\n          <img loading=\"lazy\" decoding=\"async\" class=\"breakdance-image-object\" src=\"https:\/\/brainsuite.ai\/wp-content\/uploads\/2025\/10\/Screenshot2025-05-07101338.webp\" width=\"500\" height=\"150\" srcset=\"https:\/\/brainsuite.ai\/wp-content\/uploads\/2025\/10\/Screenshot2025-05-07101338.webp 500w, https:\/\/brainsuite.ai\/wp-content\/uploads\/2025\/10\/Screenshot2025-05-07101338-300x90.webp 300w\" sizes=\"auto, (max-width: 500px) 100vw, 500px\">\n        <\/div>\n                                        <div class=\"un-logo-bar__logo-wrapper\">\n          <img loading=\"lazy\" decoding=\"async\" class=\"breakdance-image-object\" src=\"https:\/\/brainsuite.ai\/wp-content\/uploads\/2025\/10\/15780665257031.webp\" width=\"200\" height=\"200\" srcset=\"https:\/\/brainsuite.ai\/wp-content\/uploads\/2025\/10\/15780665257031.webp 200w, https:\/\/brainsuite.ai\/wp-content\/uploads\/2025\/10\/15780665257031-150x150.webp 150w\" sizes=\"auto, (max-width: 200px) 100vw, 200px\">\n        <\/div>\n                              <div class=\"un-logo-bar__logo-wrapper\">\n          <img loading=\"lazy\" decoding=\"async\" class=\"breakdance-image-object\" src=\"https:\/\/brainsuite.ai\/wp-content\/uploads\/2025\/10\/GS1_Corporate_Large_RGB_2014-12-17.webp\" width=\"500\" height=\"418\" srcset=\"https:\/\/brainsuite.ai\/wp-content\/uploads\/2025\/10\/GS1_Corporate_Large_RGB_2014-12-17.webp 500w, https:\/\/brainsuite.ai\/wp-content\/uploads\/2025\/10\/GS1_Corporate_Large_RGB_2014-12-17-300x251.webp 300w\" sizes=\"auto, (max-width: 500px) 100vw, 500px\">\n        <\/div>\n                              <div class=\"un-logo-bar__logo-wrapper\">\n          <img loading=\"lazy\" decoding=\"async\" class=\"breakdance-image-object\" src=\"https:\/\/brainsuite.ai\/wp-content\/uploads\/2025\/10\/EHI-Logo-RGB.webp\" width=\"300\" height=\"75\" sizes=\"auto, (max-width: 300px) 100vw, 300px\">\n        <\/div>\n                              <div class=\"un-logo-bar__logo-wrapper\">\n          <img loading=\"lazy\" decoding=\"async\" class=\"breakdance-image-object\" src=\"https:\/\/brainsuite.ai\/wp-content\/uploads\/2025\/10\/Screenshot2025-05-07101338.webp\" width=\"500\" height=\"150\" srcset=\"https:\/\/brainsuite.ai\/wp-content\/uploads\/2025\/10\/Screenshot2025-05-07101338.webp 500w, https:\/\/brainsuite.ai\/wp-content\/uploads\/2025\/10\/Screenshot2025-05-07101338-300x90.webp 300w\" sizes=\"auto, (max-width: 500px) 100vw, 500px\">\n        <\/div>\n                                        <div class=\"un-logo-bar__logo-wrapper\">\n          <img loading=\"lazy\" decoding=\"async\" class=\"breakdance-image-object\" src=\"https:\/\/brainsuite.ai\/wp-content\/uploads\/2025\/10\/15780665257031.webp\" width=\"200\" height=\"200\" srcset=\"https:\/\/brainsuite.ai\/wp-content\/uploads\/2025\/10\/15780665257031.webp 200w, https:\/\/brainsuite.ai\/wp-content\/uploads\/2025\/10\/15780665257031-150x150.webp 150w\" sizes=\"auto, (max-width: 200px) 100vw, 200px\">\n        <\/div>\n                              <div class=\"un-logo-bar__logo-wrapper\">\n          <img loading=\"lazy\" decoding=\"async\" class=\"breakdance-image-object\" src=\"https:\/\/brainsuite.ai\/wp-content\/uploads\/2025\/10\/GS1_Corporate_Large_RGB_2014-12-17.webp\" width=\"500\" height=\"418\" srcset=\"https:\/\/brainsuite.ai\/wp-content\/uploads\/2025\/10\/GS1_Corporate_Large_RGB_2014-12-17.webp 500w, https:\/\/brainsuite.ai\/wp-content\/uploads\/2025\/10\/GS1_Corporate_Large_RGB_2014-12-17-300x251.webp 300w\" sizes=\"auto, (max-width: 500px) 100vw, 500px\">\n        <\/div>\n                              <div class=\"un-logo-bar__logo-wrapper\">\n          <img loading=\"lazy\" decoding=\"async\" class=\"breakdance-image-object\" src=\"https:\/\/brainsuite.ai\/wp-content\/uploads\/2025\/10\/EHI-Logo-RGB.webp\" width=\"300\" height=\"75\" sizes=\"auto, (max-width: 300px) 100vw, 300px\">\n        <\/div>\n                              <div class=\"un-logo-bar__logo-wrapper\">\n          <img loading=\"lazy\" decoding=\"async\" class=\"breakdance-image-object\" src=\"https:\/\/brainsuite.ai\/wp-content\/uploads\/2025\/10\/Screenshot2025-05-07101338.webp\" width=\"500\" height=\"150\" srcset=\"https:\/\/brainsuite.ai\/wp-content\/uploads\/2025\/10\/Screenshot2025-05-07101338.webp 500w, https:\/\/brainsuite.ai\/wp-content\/uploads\/2025\/10\/Screenshot2025-05-07101338-300x90.webp 300w\" sizes=\"auto, (max-width: 500px) 100vw, 500px\">\n        <\/div>\n                                        <div class=\"un-logo-bar__logo-wrapper\">\n          <img loading=\"lazy\" decoding=\"async\" class=\"breakdance-image-object\" src=\"https:\/\/brainsuite.ai\/wp-content\/uploads\/2025\/10\/15780665257031.webp\" width=\"200\" height=\"200\" srcset=\"https:\/\/brainsuite.ai\/wp-content\/uploads\/2025\/10\/15780665257031.webp 200w, https:\/\/brainsuite.ai\/wp-content\/uploads\/2025\/10\/15780665257031-150x150.webp 150w\" sizes=\"auto, (max-width: 200px) 100vw, 200px\">\n        <\/div>\n                              <div class=\"un-logo-bar__logo-wrapper\">\n          <img loading=\"lazy\" decoding=\"async\" class=\"breakdance-image-object\" src=\"https:\/\/brainsuite.ai\/wp-content\/uploads\/2025\/10\/GS1_Corporate_Large_RGB_2014-12-17.webp\" width=\"500\" height=\"418\" srcset=\"https:\/\/brainsuite.ai\/wp-content\/uploads\/2025\/10\/GS1_Corporate_Large_RGB_2014-12-17.webp 500w, https:\/\/brainsuite.ai\/wp-content\/uploads\/2025\/10\/GS1_Corporate_Large_RGB_2014-12-17-300x251.webp 300w\" sizes=\"auto, (max-width: 500px) 100vw, 500px\">\n        <\/div>\n                              <div class=\"un-logo-bar__logo-wrapper\">\n          <img loading=\"lazy\" decoding=\"async\" class=\"breakdance-image-object\" src=\"https:\/\/brainsuite.ai\/wp-content\/uploads\/2025\/10\/EHI-Logo-RGB.webp\" width=\"300\" height=\"75\" sizes=\"auto, (max-width: 300px) 100vw, 300px\">\n        <\/div>\n                              <div class=\"un-logo-bar__logo-wrapper\">\n          <img loading=\"lazy\" decoding=\"async\" class=\"breakdance-image-object\" src=\"https:\/\/brainsuite.ai\/wp-content\/uploads\/2025\/10\/Screenshot2025-05-07101338.webp\" width=\"500\" height=\"150\" srcset=\"https:\/\/brainsuite.ai\/wp-content\/uploads\/2025\/10\/Screenshot2025-05-07101338.webp 500w, https:\/\/brainsuite.ai\/wp-content\/uploads\/2025\/10\/Screenshot2025-05-07101338-300x90.webp 300w\" sizes=\"auto, (max-width: 500px) 100vw, 500px\">\n        <\/div>\n                                        <div class=\"un-logo-bar__logo-wrapper\">\n          <img loading=\"lazy\" decoding=\"async\" class=\"breakdance-image-object\" src=\"https:\/\/brainsuite.ai\/wp-content\/uploads\/2025\/10\/15780665257031.webp\" width=\"200\" height=\"200\" srcset=\"https:\/\/brainsuite.ai\/wp-content\/uploads\/2025\/10\/15780665257031.webp 200w, https:\/\/brainsuite.ai\/wp-content\/uploads\/2025\/10\/15780665257031-150x150.webp 150w\" sizes=\"auto, (max-width: 200px) 100vw, 200px\">\n        <\/div>\n                              <div class=\"un-logo-bar__logo-wrapper\">\n          <img loading=\"lazy\" decoding=\"async\" class=\"breakdance-image-object\" src=\"https:\/\/brainsuite.ai\/wp-content\/uploads\/2025\/10\/GS1_Corporate_Large_RGB_2014-12-17.webp\" width=\"500\" height=\"418\" srcset=\"https:\/\/brainsuite.ai\/wp-content\/uploads\/2025\/10\/GS1_Corporate_Large_RGB_2014-12-17.webp 500w, https:\/\/brainsuite.ai\/wp-content\/uploads\/2025\/10\/GS1_Corporate_Large_RGB_2014-12-17-300x251.webp 300w\" sizes=\"auto, (max-width: 500px) 100vw, 500px\">\n        <\/div>\n                              <div class=\"un-logo-bar__logo-wrapper\">\n          <img loading=\"lazy\" decoding=\"async\" class=\"breakdance-image-object\" src=\"https:\/\/brainsuite.ai\/wp-content\/uploads\/2025\/10\/EHI-Logo-RGB.webp\" width=\"300\" height=\"75\" sizes=\"auto, (max-width: 300px) 100vw, 300px\">\n        <\/div>\n                              <div class=\"un-logo-bar__logo-wrapper\">\n          <img loading=\"lazy\" decoding=\"async\" class=\"breakdance-image-object\" src=\"https:\/\/brainsuite.ai\/wp-content\/uploads\/2025\/10\/Screenshot2025-05-07101338.webp\" width=\"500\" height=\"150\" srcset=\"https:\/\/brainsuite.ai\/wp-content\/uploads\/2025\/10\/Screenshot2025-05-07101338.webp 500w, https:\/\/brainsuite.ai\/wp-content\/uploads\/2025\/10\/Screenshot2025-05-07101338-300x90.webp 300w\" sizes=\"auto, (max-width: 500px) 100vw, 500px\">\n        <\/div>\n                      <\/div>\n<\/div><\/div>\n<\/section><div class=\"bde-globalblock-62-120 bde-globalblock\"><section class=\"bde-section-216-100-216-1 bde-section bde-section-216-100\">\n  \n  \n\t\n\n\n\n<div class=\"section-container\"><h2 class=\"bde-heading-216-101-216-1 bde-heading bde-heading-216-101\">\nStarten Sie noch heute mit der Optimierung Ihrer Marketingerfolge\n<\/h2><div class=\"bde-rich-text-216-102-216-1 bde-rich-text bde-rich-text-216-102 breakdance-rich-text-styles\">\nSchlie\u00dfen Sie sich 400+ globalen Marken an, die mit Brainsuite ihren Marketing-ROI maximieren.\n<\/div><div class=\"bde-button-216-103-216-1 bde-button w-100-m bde-button-216-103\">\n    \n                        \n                        \n    \n    \n    \n    \n            \n                    \n            \n            \n\n    \n    \n    \n    \n    \n    <a class=\"breakdance-link button-atom button-atom--secondary bde-button__button\" href=\"\/de\/demo\" target=\"_self\" data-type=\"url\"  >\n\n    \n        <span class=\"button-atom__text\">Jetzt kostenlose Demo buchen<\/span>\n\n        \n        \n                <\/a>\n\n    \n\n\n<\/div><\/div>\n<\/section><\/div>","protected":false},"excerpt":{"rendered":"<p>Brainsuite.Unsere Story. aimpower &#8211; Mitglied des: Brainsuite wurde im Jahr 2020 von einem Neurowissenschaftler, einem Psychologen und einem Spezialisten f\u00fcr digitale Transformation gegr\u00fcndet. Mit ihrer langj\u00e4hrigen Erfahrung aus der Markenberatung, der Marktforschung und der Verhaltenswissenschaft sahen sie die M\u00f6glichkeit, mithilfe von AI eine neue Form der Markenf\u00fchrung und des Werbemitteltestings zu entwickeln.Doch vor der Umsetzung [&hellip;]<\/p>\n","protected":false},"author":5,"featured_media":0,"parent":0,"menu_order":0,"comment_status":"closed","ping_status":"closed","template":"","meta":{"_breakdance_hide_in_design_set":false,"_breakdance_tags":"","footnotes":""},"class_list":["post-62","page","type-page","status-publish","hentry"],"_links":{"self":[{"href":"https:\/\/brainsuite.ai\/de\/wp-json\/wp\/v2\/pages\/62","targetHints":{"allow":["GET"]}}],"collection":[{"href":"https:\/\/brainsuite.ai\/de\/wp-json\/wp\/v2\/pages"}],"about":[{"href":"https:\/\/brainsuite.ai\/de\/wp-json\/wp\/v2\/types\/page"}],"author":[{"embeddable":true,"href":"https:\/\/brainsuite.ai\/de\/wp-json\/wp\/v2\/users\/5"}],"replies":[{"embeddable":true,"href":"https:\/\/brainsuite.ai\/de\/wp-json\/wp\/v2\/comments?post=62"}],"version-history":[{"count":15,"href":"https:\/\/brainsuite.ai\/de\/wp-json\/wp\/v2\/pages\/62\/revisions"}],"predecessor-version":[{"id":2936,"href":"https:\/\/brainsuite.ai\/de\/wp-json\/wp\/v2\/pages\/62\/revisions\/2936"}],"wp:attachment":[{"href":"https:\/\/brainsuite.ai\/de\/wp-json\/wp\/v2\/media?parent=62"}],"curies":[{"name":"wp","href":"https:\/\/api.w.org\/{rel}","templated":true}]}}