{"id":636,"date":"2025-10-07T14:29:32","date_gmt":"2025-10-07T12:29:32","guid":{"rendered":"https:\/\/brainsuite.ai\/?page_id=636"},"modified":"2026-04-13T15:57:19","modified_gmt":"2026-04-13T13:57:19","slug":"newsletter-de","status":"publish","type":"page","link":"https:\/\/brainsuite.ai\/de\/newsletter-de\/","title":{"rendered":"Newsletter"},"content":{"rendered":"<section class=\"bde-section-636-100 bde-section\">\n  \n  \n\t\n\n\n\n<div class=\"section-container\"><div class=\"bde-columns-636-101 bde-columns\"><div class=\"bde-column-636-102 bde-column\">\n  \n  \n\t\n\n\n\n<h1 class=\"bde-heading-636-104 bde-heading\">\nBrainsuite Newsletter: <br><mark>Jetzt abonnieren!<\/mark>\n<\/h1><div class=\"bde-rich-text-636-105 bde-rich-text breakdance-rich-text-styles\">\n<p>Monatliche News zu KI, Marketing und Neurowissenschaft - Entfesseln Sie die Kraft KI-gesteuerter Marketing-Insights.<\/p>\n<\/div>\n<\/div><div class=\"bde-column-636-103 bde-column\">\n  \n  \n\t\n\n\n\n<img decoding=\"async\" class=\"bde-image2-636-106 bde-image2\" src=\"https:\/\/brainsuite.ai\/wp-content\/uploads\/2025\/10\/brainsuite_logo_circle.webp\" loading=\"lazy\" srcset=\"https:\/\/brainsuite.ai\/wp-content\/uploads\/2025\/10\/brainsuite_logo_circle.webp 750w, https:\/\/brainsuite.ai\/wp-content\/uploads\/2025\/10\/brainsuite_logo_circle-300x300.webp 300w, https:\/\/brainsuite.ai\/wp-content\/uploads\/2025\/10\/brainsuite_logo_circle-150x150.webp 150w\" sizes=\"(max-width: 750px) 100vw, 750px\">\n<\/div><\/div><\/div>\n<\/section><section class=\"bde-section-636-107 bde-section\">\n  \n  \n\t\n\n\n\n<div class=\"section-container\"><div class=\"bde-columns-636-108 bde-columns\"><div class=\"bde-column-636-109 bde-column\">\n  \n  \n\t\n\n\n\n<h2 class=\"bde-heading-636-111 bde-heading\">\nMelden Sie sich jetzt zum Newsletter an!\n<\/h2><div class=\"bde-rich-text-636-112 bde-rich-text breakdance-rich-text-styles\">\n<p>Bleiben Sie am Puls der Zeit mit den neuesten Einblicken von Brainsuite. Abonnieren Sie unseren Newsletter und erfahren Sie, wie <strong>KI, Marketingstrategien und Neurowissenschaften<\/strong> die Zukunft Ihres Unternehmens pr\u00e4gen. Zudem erhalten Sie als Erste Updates zu Produktverbesserungen und innovativen L\u00f6sungen, die Ihren Marketingerfolg steigern k\u00f6nnen.<\/p>\n<p>Mit dem Abonnement des Brainsuite-Newsletters erhalten Sie:<\/p>\n<ul>\n<li>Experteneinblicke in die Schnittstellen von <strong>KI, Marketing und Neurowissenschaften<\/strong><\/li>\n<li>Praktische Tipps zur <strong>Maximierung der Effektivit\u00e4t<\/strong> Ihrer kreativen Assets.<\/li>\n<li>Exklusive Produktupdates und Neuigkeiten zu unserer neuesten KI-basierten Brainsuite<\/li>\n<\/ul>\n<p>Werden Sie Teil einer Community zukunftsorientierter Marketer und erhalten Sie das Wissen, das Sie brauchen, um in einem sich st\u00e4ndig wandelnden Markt wettbewerbsf\u00e4hig zu bleiben.<\/p>\n<\/div>\n<\/div><div class=\"bde-column-636-110 bde-column\">\n  \n  \n\t\n\n\n\n<div class=\"bde-code-block-636-117 bde-code-block bs-form\">\n\n  <script charset=\"utf-8\" type=\"text\/javascript\" src=\"\/\/js-eu1.hsforms.net\/forms\/embed\/v2.js\"><\/script>\n<script>\n  hbspt.forms.create({\n    portalId: \"25232834\",\n    formId: \"f7ba0f8b-25d5-4093-b8d7-f8aa5dce0302\",\n    region: \"eu1\"\n  });\n<\/script>\n\n\n<\/div>\n<\/div><\/div><\/div>\n<\/section><section class=\"bde-section-636-113 bde-section\">\n  \n  \n\t\n\n\n\n<div class=\"section-container\"><h2 class=\"bde-heading-636-114 bde-heading\">\nWeltweit vertrauen uns <mark>400+ <\/mark> Marken in <mark> 30+ <\/mark> L\u00e4ndern\n<\/h2><div class=\"bde-logo-list-636-115 bde-logo-list gradient-overlay__both un-image-carousel-container\">\n\n  <div class=\"un-logo-bar__marquee-content carousel-type__stop-on-hover\">\n                            <div class=\"un-logo-bar__logo-wrapper\">\n          <img loading=\"lazy\" decoding=\"async\" class=\"breakdance-image-object\" src=\"https:\/\/brainsuite.ai\/wp-content\/uploads\/2025\/10\/cart_logo_white.webp\" width=\"231\" height=\"181\" sizes=\"auto, (max-width: 231px) 100vw, 231px\">\n        <\/div>\n                              <div class=\"un-logo-bar__logo-wrapper\">\n          <img loading=\"lazy\" decoding=\"async\" class=\"breakdance-image-object\" src=\"https:\/\/brainsuite.ai\/wp-content\/uploads\/2025\/10\/DesignohneTitel6.webp\" width=\"181\" height=\"94\" sizes=\"auto, (max-width: 181px) 100vw, 181px\">\n        <\/div>\n                              <div class=\"un-logo-bar__logo-wrapper\">\n          <img loading=\"lazy\" decoding=\"async\" class=\"breakdance-image-object\" src=\"https:\/\/brainsuite.ai\/wp-content\/uploads\/2025\/10\/ebay_logo_white.webp\" width=\"189\" height=\"181\" sizes=\"auto, (max-width: 189px) 100vw, 189px\">\n        <\/div>\n                              <div class=\"un-logo-bar__logo-wrapper\">\n          <img loading=\"lazy\" decoding=\"async\" class=\"breakdance-image-object\" src=\"https:\/\/brainsuite.ai\/wp-content\/uploads\/2025\/10\/henkel_logo_dusky_blue.webp\" width=\"161\" height=\"181\" sizes=\"auto, (max-width: 161px) 100vw, 161px\">\n        <\/div>\n                              <div class=\"un-logo-bar__logo-wrapper\">\n          <img loading=\"lazy\" decoding=\"async\" class=\"breakdance-image-object\" src=\"https:\/\/brainsuite.ai\/wp-content\/uploads\/2025\/10\/KeinTitel382x188px1.webp\" width=\"382\" height=\"188\" srcset=\"https:\/\/brainsuite.ai\/wp-content\/uploads\/2025\/10\/KeinTitel382x188px1.webp 382w, https:\/\/brainsuite.ai\/wp-content\/uploads\/2025\/10\/KeinTitel382x188px1-300x148.webp 300w\" sizes=\"auto, (max-width: 382px) 100vw, 382px\">\n        <\/div>\n                              <div class=\"un-logo-bar__logo-wrapper\">\n          <img loading=\"lazy\" decoding=\"async\" class=\"breakdance-image-object\" src=\"https:\/\/brainsuite.ai\/wp-content\/uploads\/2025\/10\/kenvue_logo_white.webp\" width=\"275\" height=\"181\" sizes=\"auto, (max-width: 275px) 100vw, 275px\">\n        <\/div>\n                              <div class=\"un-logo-bar__logo-wrapper\">\n          <img loading=\"lazy\" decoding=\"async\" class=\"breakdance-image-object\" src=\"https:\/\/brainsuite.ai\/wp-content\/uploads\/2025\/10\/pepsico_logo_white.webp\" width=\"341\" height=\"181\" srcset=\"https:\/\/brainsuite.ai\/wp-content\/uploads\/2025\/10\/pepsico_logo_white.webp 341w, https:\/\/brainsuite.ai\/wp-content\/uploads\/2025\/10\/pepsico_logo_white-300x159.webp 300w\" sizes=\"auto, (max-width: 341px) 100vw, 341px\">\n        <\/div>\n                                        <div class=\"un-logo-bar__logo-wrapper\">\n          <img loading=\"lazy\" decoding=\"async\" class=\"breakdance-image-object\" src=\"https:\/\/brainsuite.ai\/wp-content\/uploads\/2025\/10\/cart_logo_white.webp\" width=\"231\" height=\"181\" sizes=\"auto, (max-width: 231px) 100vw, 231px\">\n        <\/div>\n                              <div class=\"un-logo-bar__logo-wrapper\">\n          <img loading=\"lazy\" decoding=\"async\" class=\"breakdance-image-object\" src=\"https:\/\/brainsuite.ai\/wp-content\/uploads\/2025\/10\/DesignohneTitel6.webp\" width=\"181\" height=\"94\" sizes=\"auto, (max-width: 181px) 100vw, 181px\">\n        <\/div>\n                              <div class=\"un-logo-bar__logo-wrapper\">\n          <img loading=\"lazy\" decoding=\"async\" class=\"breakdance-image-object\" src=\"https:\/\/brainsuite.ai\/wp-content\/uploads\/2025\/10\/ebay_logo_white.webp\" width=\"189\" height=\"181\" sizes=\"auto, (max-width: 189px) 100vw, 189px\">\n        <\/div>\n                              <div class=\"un-logo-bar__logo-wrapper\">\n          <img loading=\"lazy\" decoding=\"async\" class=\"breakdance-image-object\" src=\"https:\/\/brainsuite.ai\/wp-content\/uploads\/2025\/10\/henkel_logo_dusky_blue.webp\" width=\"161\" height=\"181\" sizes=\"auto, (max-width: 161px) 100vw, 161px\">\n        <\/div>\n                              <div class=\"un-logo-bar__logo-wrapper\">\n          <img loading=\"lazy\" decoding=\"async\" class=\"breakdance-image-object\" src=\"https:\/\/brainsuite.ai\/wp-content\/uploads\/2025\/10\/KeinTitel382x188px1.webp\" width=\"382\" height=\"188\" srcset=\"https:\/\/brainsuite.ai\/wp-content\/uploads\/2025\/10\/KeinTitel382x188px1.webp 382w, https:\/\/brainsuite.ai\/wp-content\/uploads\/2025\/10\/KeinTitel382x188px1-300x148.webp 300w\" sizes=\"auto, (max-width: 382px) 100vw, 382px\">\n        <\/div>\n                              <div class=\"un-logo-bar__logo-wrapper\">\n          <img loading=\"lazy\" decoding=\"async\" class=\"breakdance-image-object\" src=\"https:\/\/brainsuite.ai\/wp-content\/uploads\/2025\/10\/kenvue_logo_white.webp\" width=\"275\" height=\"181\" sizes=\"auto, (max-width: 275px) 100vw, 275px\">\n        <\/div>\n                              <div class=\"un-logo-bar__logo-wrapper\">\n          <img loading=\"lazy\" decoding=\"async\" class=\"breakdance-image-object\" src=\"https:\/\/brainsuite.ai\/wp-content\/uploads\/2025\/10\/pepsico_logo_white.webp\" width=\"341\" height=\"181\" srcset=\"https:\/\/brainsuite.ai\/wp-content\/uploads\/2025\/10\/pepsico_logo_white.webp 341w, https:\/\/brainsuite.ai\/wp-content\/uploads\/2025\/10\/pepsico_logo_white-300x159.webp 300w\" sizes=\"auto, (max-width: 341px) 100vw, 341px\">\n        <\/div>\n                                        <div class=\"un-logo-bar__logo-wrapper\">\n          <img loading=\"lazy\" decoding=\"async\" class=\"breakdance-image-object\" src=\"https:\/\/brainsuite.ai\/wp-content\/uploads\/2025\/10\/cart_logo_white.webp\" width=\"231\" height=\"181\" sizes=\"auto, (max-width: 231px) 100vw, 231px\">\n        <\/div>\n                              <div class=\"un-logo-bar__logo-wrapper\">\n          <img loading=\"lazy\" decoding=\"async\" class=\"breakdance-image-object\" src=\"https:\/\/brainsuite.ai\/wp-content\/uploads\/2025\/10\/DesignohneTitel6.webp\" width=\"181\" height=\"94\" sizes=\"auto, (max-width: 181px) 100vw, 181px\">\n        <\/div>\n                              <div class=\"un-logo-bar__logo-wrapper\">\n          <img loading=\"lazy\" decoding=\"async\" class=\"breakdance-image-object\" src=\"https:\/\/brainsuite.ai\/wp-content\/uploads\/2025\/10\/ebay_logo_white.webp\" width=\"189\" height=\"181\" sizes=\"auto, (max-width: 189px) 100vw, 189px\">\n        <\/div>\n                              <div class=\"un-logo-bar__logo-wrapper\">\n          <img loading=\"lazy\" decoding=\"async\" class=\"breakdance-image-object\" src=\"https:\/\/brainsuite.ai\/wp-content\/uploads\/2025\/10\/henkel_logo_dusky_blue.webp\" width=\"161\" height=\"181\" sizes=\"auto, (max-width: 161px) 100vw, 161px\">\n        <\/div>\n                              <div class=\"un-logo-bar__logo-wrapper\">\n          <img loading=\"lazy\" decoding=\"async\" class=\"breakdance-image-object\" src=\"https:\/\/brainsuite.ai\/wp-content\/uploads\/2025\/10\/KeinTitel382x188px1.webp\" width=\"382\" height=\"188\" srcset=\"https:\/\/brainsuite.ai\/wp-content\/uploads\/2025\/10\/KeinTitel382x188px1.webp 382w, https:\/\/brainsuite.ai\/wp-content\/uploads\/2025\/10\/KeinTitel382x188px1-300x148.webp 300w\" sizes=\"auto, (max-width: 382px) 100vw, 382px\">\n        <\/div>\n                              <div class=\"un-logo-bar__logo-wrapper\">\n          <img loading=\"lazy\" decoding=\"async\" class=\"breakdance-image-object\" src=\"https:\/\/brainsuite.ai\/wp-content\/uploads\/2025\/10\/kenvue_logo_white.webp\" width=\"275\" height=\"181\" sizes=\"auto, (max-width: 275px) 100vw, 275px\">\n        <\/div>\n                              <div class=\"un-logo-bar__logo-wrapper\">\n          <img loading=\"lazy\" decoding=\"async\" class=\"breakdance-image-object\" src=\"https:\/\/brainsuite.ai\/wp-content\/uploads\/2025\/10\/pepsico_logo_white.webp\" width=\"341\" height=\"181\" srcset=\"https:\/\/brainsuite.ai\/wp-content\/uploads\/2025\/10\/pepsico_logo_white.webp 341w, https:\/\/brainsuite.ai\/wp-content\/uploads\/2025\/10\/pepsico_logo_white-300x159.webp 300w\" sizes=\"auto, (max-width: 341px) 100vw, 341px\">\n        <\/div>\n                                        <div class=\"un-logo-bar__logo-wrapper\">\n          <img loading=\"lazy\" decoding=\"async\" class=\"breakdance-image-object\" src=\"https:\/\/brainsuite.ai\/wp-content\/uploads\/2025\/10\/cart_logo_white.webp\" width=\"231\" height=\"181\" sizes=\"auto, (max-width: 231px) 100vw, 231px\">\n        <\/div>\n                              <div class=\"un-logo-bar__logo-wrapper\">\n          <img loading=\"lazy\" decoding=\"async\" class=\"breakdance-image-object\" src=\"https:\/\/brainsuite.ai\/wp-content\/uploads\/2025\/10\/DesignohneTitel6.webp\" width=\"181\" height=\"94\" sizes=\"auto, (max-width: 181px) 100vw, 181px\">\n        <\/div>\n                              <div class=\"un-logo-bar__logo-wrapper\">\n          <img loading=\"lazy\" decoding=\"async\" class=\"breakdance-image-object\" src=\"https:\/\/brainsuite.ai\/wp-content\/uploads\/2025\/10\/ebay_logo_white.webp\" width=\"189\" height=\"181\" sizes=\"auto, (max-width: 189px) 100vw, 189px\">\n        <\/div>\n                              <div class=\"un-logo-bar__logo-wrapper\">\n          <img loading=\"lazy\" decoding=\"async\" class=\"breakdance-image-object\" src=\"https:\/\/brainsuite.ai\/wp-content\/uploads\/2025\/10\/henkel_logo_dusky_blue.webp\" width=\"161\" height=\"181\" sizes=\"auto, (max-width: 161px) 100vw, 161px\">\n        <\/div>\n                              <div class=\"un-logo-bar__logo-wrapper\">\n          <img loading=\"lazy\" decoding=\"async\" class=\"breakdance-image-object\" src=\"https:\/\/brainsuite.ai\/wp-content\/uploads\/2025\/10\/KeinTitel382x188px1.webp\" width=\"382\" height=\"188\" srcset=\"https:\/\/brainsuite.ai\/wp-content\/uploads\/2025\/10\/KeinTitel382x188px1.webp 382w, https:\/\/brainsuite.ai\/wp-content\/uploads\/2025\/10\/KeinTitel382x188px1-300x148.webp 300w\" sizes=\"auto, (max-width: 382px) 100vw, 382px\">\n        <\/div>\n                              <div class=\"un-logo-bar__logo-wrapper\">\n          <img loading=\"lazy\" decoding=\"async\" class=\"breakdance-image-object\" src=\"https:\/\/brainsuite.ai\/wp-content\/uploads\/2025\/10\/kenvue_logo_white.webp\" width=\"275\" height=\"181\" sizes=\"auto, (max-width: 275px) 100vw, 275px\">\n        <\/div>\n                              <div class=\"un-logo-bar__logo-wrapper\">\n          <img loading=\"lazy\" decoding=\"async\" class=\"breakdance-image-object\" src=\"https:\/\/brainsuite.ai\/wp-content\/uploads\/2025\/10\/pepsico_logo_white.webp\" width=\"341\" height=\"181\" srcset=\"https:\/\/brainsuite.ai\/wp-content\/uploads\/2025\/10\/pepsico_logo_white.webp 341w, https:\/\/brainsuite.ai\/wp-content\/uploads\/2025\/10\/pepsico_logo_white-300x159.webp 300w\" sizes=\"auto, (max-width: 341px) 100vw, 341px\">\n        <\/div>\n                                        <div class=\"un-logo-bar__logo-wrapper\">\n          <img loading=\"lazy\" decoding=\"async\" class=\"breakdance-image-object\" src=\"https:\/\/brainsuite.ai\/wp-content\/uploads\/2025\/10\/cart_logo_white.webp\" width=\"231\" height=\"181\" sizes=\"auto, (max-width: 231px) 100vw, 231px\">\n        <\/div>\n                              <div class=\"un-logo-bar__logo-wrapper\">\n          <img loading=\"lazy\" decoding=\"async\" class=\"breakdance-image-object\" src=\"https:\/\/brainsuite.ai\/wp-content\/uploads\/2025\/10\/DesignohneTitel6.webp\" width=\"181\" height=\"94\" sizes=\"auto, (max-width: 181px) 100vw, 181px\">\n        <\/div>\n                              <div class=\"un-logo-bar__logo-wrapper\">\n          <img loading=\"lazy\" decoding=\"async\" class=\"breakdance-image-object\" src=\"https:\/\/brainsuite.ai\/wp-content\/uploads\/2025\/10\/ebay_logo_white.webp\" width=\"189\" height=\"181\" sizes=\"auto, (max-width: 189px) 100vw, 189px\">\n        <\/div>\n                              <div class=\"un-logo-bar__logo-wrapper\">\n          <img loading=\"lazy\" decoding=\"async\" class=\"breakdance-image-object\" src=\"https:\/\/brainsuite.ai\/wp-content\/uploads\/2025\/10\/henkel_logo_dusky_blue.webp\" width=\"161\" height=\"181\" sizes=\"auto, (max-width: 161px) 100vw, 161px\">\n        <\/div>\n                              <div class=\"un-logo-bar__logo-wrapper\">\n          <img loading=\"lazy\" decoding=\"async\" class=\"breakdance-image-object\" src=\"https:\/\/brainsuite.ai\/wp-content\/uploads\/2025\/10\/KeinTitel382x188px1.webp\" width=\"382\" height=\"188\" srcset=\"https:\/\/brainsuite.ai\/wp-content\/uploads\/2025\/10\/KeinTitel382x188px1.webp 382w, https:\/\/brainsuite.ai\/wp-content\/uploads\/2025\/10\/KeinTitel382x188px1-300x148.webp 300w\" sizes=\"auto, (max-width: 382px) 100vw, 382px\">\n        <\/div>\n                              <div class=\"un-logo-bar__logo-wrapper\">\n          <img loading=\"lazy\" decoding=\"async\" class=\"breakdance-image-object\" src=\"https:\/\/brainsuite.ai\/wp-content\/uploads\/2025\/10\/kenvue_logo_white.webp\" width=\"275\" height=\"181\" sizes=\"auto, (max-width: 275px) 100vw, 275px\">\n        <\/div>\n                              <div class=\"un-logo-bar__logo-wrapper\">\n          <img loading=\"lazy\" decoding=\"async\" class=\"breakdance-image-object\" src=\"https:\/\/brainsuite.ai\/wp-content\/uploads\/2025\/10\/pepsico_logo_white.webp\" width=\"341\" height=\"181\" srcset=\"https:\/\/brainsuite.ai\/wp-content\/uploads\/2025\/10\/pepsico_logo_white.webp 341w, https:\/\/brainsuite.ai\/wp-content\/uploads\/2025\/10\/pepsico_logo_white-300x159.webp 300w\" sizes=\"auto, (max-width: 341px) 100vw, 341px\">\n        <\/div>\n                                        <div class=\"un-logo-bar__logo-wrapper\">\n          <img loading=\"lazy\" decoding=\"async\" class=\"breakdance-image-object\" src=\"https:\/\/brainsuite.ai\/wp-content\/uploads\/2025\/10\/cart_logo_white.webp\" width=\"231\" height=\"181\" sizes=\"auto, (max-width: 231px) 100vw, 231px\">\n        <\/div>\n                              <div class=\"un-logo-bar__logo-wrapper\">\n          <img loading=\"lazy\" decoding=\"async\" class=\"breakdance-image-object\" src=\"https:\/\/brainsuite.ai\/wp-content\/uploads\/2025\/10\/DesignohneTitel6.webp\" width=\"181\" height=\"94\" sizes=\"auto, (max-width: 181px) 100vw, 181px\">\n        <\/div>\n                              <div class=\"un-logo-bar__logo-wrapper\">\n          <img loading=\"lazy\" decoding=\"async\" class=\"breakdance-image-object\" src=\"https:\/\/brainsuite.ai\/wp-content\/uploads\/2025\/10\/ebay_logo_white.webp\" width=\"189\" height=\"181\" sizes=\"auto, (max-width: 189px) 100vw, 189px\">\n        <\/div>\n                              <div class=\"un-logo-bar__logo-wrapper\">\n          <img loading=\"lazy\" decoding=\"async\" class=\"breakdance-image-object\" src=\"https:\/\/brainsuite.ai\/wp-content\/uploads\/2025\/10\/henkel_logo_dusky_blue.webp\" width=\"161\" height=\"181\" sizes=\"auto, (max-width: 161px) 100vw, 161px\">\n        <\/div>\n                              <div class=\"un-logo-bar__logo-wrapper\">\n          <img loading=\"lazy\" decoding=\"async\" class=\"breakdance-image-object\" src=\"https:\/\/brainsuite.ai\/wp-content\/uploads\/2025\/10\/KeinTitel382x188px1.webp\" width=\"382\" height=\"188\" srcset=\"https:\/\/brainsuite.ai\/wp-content\/uploads\/2025\/10\/KeinTitel382x188px1.webp 382w, https:\/\/brainsuite.ai\/wp-content\/uploads\/2025\/10\/KeinTitel382x188px1-300x148.webp 300w\" sizes=\"auto, (max-width: 382px) 100vw, 382px\">\n        <\/div>\n                              <div class=\"un-logo-bar__logo-wrapper\">\n          <img loading=\"lazy\" decoding=\"async\" class=\"breakdance-image-object\" src=\"https:\/\/brainsuite.ai\/wp-content\/uploads\/2025\/10\/kenvue_logo_white.webp\" width=\"275\" height=\"181\" sizes=\"auto, (max-width: 275px) 100vw, 275px\">\n        <\/div>\n                              <div class=\"un-logo-bar__logo-wrapper\">\n          <img loading=\"lazy\" decoding=\"async\" class=\"breakdance-image-object\" src=\"https:\/\/brainsuite.ai\/wp-content\/uploads\/2025\/10\/pepsico_logo_white.webp\" width=\"341\" height=\"181\" srcset=\"https:\/\/brainsuite.ai\/wp-content\/uploads\/2025\/10\/pepsico_logo_white.webp 341w, https:\/\/brainsuite.ai\/wp-content\/uploads\/2025\/10\/pepsico_logo_white-300x159.webp 300w\" sizes=\"auto, (max-width: 341px) 100vw, 341px\">\n        <\/div>\n                      <\/div>\n<\/div><\/div>\n<\/section><div class=\"bde-globalblock-636-116 bde-globalblock\"><section class=\"bde-section-216-100-216-1 bde-section bde-section-216-100\">\n  \n  \n\t\n\n\n\n<div class=\"section-container\"><h2 class=\"bde-heading-216-101-216-1 bde-heading bde-heading-216-101\">\nStarten Sie noch heute mit der Optimierung Ihrer Marketingerfolge\n<\/h2><div class=\"bde-rich-text-216-102-216-1 bde-rich-text bde-rich-text-216-102 breakdance-rich-text-styles\">\nSchlie\u00dfen Sie sich 400+ globalen Marken an, die mit Brainsuite ihren Marketing-ROI maximieren.\n<\/div><div class=\"bde-button-216-103-216-1 bde-button w-100-m bde-button-216-103\">\n    \n                        \n                        \n    \n    \n    \n    \n            \n                    \n            \n            \n\n    \n    \n    \n    \n    \n    <a class=\"breakdance-link button-atom button-atom--secondary bde-button__button\" href=\"\/de\/demo\" target=\"_self\" data-type=\"url\"  >\n\n    \n        <span class=\"button-atom__text\">Jetzt kostenlose Demo buchen<\/span>\n\n        \n        \n                <\/a>\n\n    \n\n\n<\/div><\/div>\n<\/section><\/div>","protected":false},"excerpt":{"rendered":"<p>Brainsuite Newsletter: Jetzt abonnieren! Monatliche News zu KI, Marketing und Neurowissenschaft &#8211; Entfesseln Sie die Kraft KI-gesteuerter Marketing-Insights. Melden Sie sich jetzt zum Newsletter an! Bleiben Sie am Puls der Zeit mit den neuesten Einblicken von Brainsuite. Abonnieren Sie unseren Newsletter und erfahren Sie, wie KI, Marketingstrategien und Neurowissenschaften die Zukunft Ihres Unternehmens pr\u00e4gen. Zudem [&hellip;]<\/p>\n","protected":false},"author":5,"featured_media":0,"parent":0,"menu_order":0,"comment_status":"closed","ping_status":"closed","template":"","meta":{"_breakdance_hide_in_design_set":false,"_breakdance_tags":"","footnotes":""},"class_list":["post-636","page","type-page","status-publish","hentry"],"_links":{"self":[{"href":"https:\/\/brainsuite.ai\/de\/wp-json\/wp\/v2\/pages\/636","targetHints":{"allow":["GET"]}}],"collection":[{"href":"https:\/\/brainsuite.ai\/de\/wp-json\/wp\/v2\/pages"}],"about":[{"href":"https:\/\/brainsuite.ai\/de\/wp-json\/wp\/v2\/types\/page"}],"author":[{"embeddable":true,"href":"https:\/\/brainsuite.ai\/de\/wp-json\/wp\/v2\/users\/5"}],"replies":[{"embeddable":true,"href":"https:\/\/brainsuite.ai\/de\/wp-json\/wp\/v2\/comments?post=636"}],"version-history":[{"count":14,"href":"https:\/\/brainsuite.ai\/de\/wp-json\/wp\/v2\/pages\/636\/revisions"}],"predecessor-version":[{"id":3044,"href":"https:\/\/brainsuite.ai\/de\/wp-json\/wp\/v2\/pages\/636\/revisions\/3044"}],"wp:attachment":[{"href":"https:\/\/brainsuite.ai\/de\/wp-json\/wp\/v2\/media?parent=636"}],"curies":[{"name":"wp","href":"https:\/\/api.w.org\/{rel}","templated":true}]}}