{"id":64,"date":"2025-09-23T14:53:10","date_gmt":"2025-09-23T12:53:10","guid":{"rendered":"https:\/\/brainsuite.ai\/?page_id=64"},"modified":"2026-01-16T12:06:50","modified_gmt":"2026-01-16T11:06:50","slug":"management-team","status":"publish","type":"page","link":"https:\/\/brainsuite.ai\/de\/management-team\/","title":{"rendered":"Management-Team"},"content":{"rendered":"<section class=\"bde-section-64-100 bde-section\">\n  \n  \n\t\n\n\n\n<div class=\"section-container\"><div class=\"bde-columns-64-101 bde-columns\"><div class=\"bde-column-64-102 bde-column\">\n  \n  \n\t\n\n\n\n<h1 class=\"bde-heading-64-104 bde-heading\">\nDas Brainsuite Management- Team\n<\/h1>\n<\/div><div class=\"bde-column-64-103 bde-column\">\n  \n  \n\t\n\n\n\n<div class=\"bde-rich-text-64-105 bde-rich-text breakdance-rich-text-styles\">\n<p>Das Zusammenspiel von umfangreichem Expertenwissen aus den Bereichen k\u00fcnstliche Intelligenz, Verhaltenswissenschaft, Markenberatung und digitale Transformation macht Brainsuite so einzigartig. Erg\u00e4nzt wird das durch die langj\u00e4hrige Erfahrung in der Entwicklung und Einf\u00fchrung erfolgreicher Customer Experience L\u00f6sungen sowie digitalen Produkten.<\/p>\n<p>Unser Kernteam zeichnet sich durch langj\u00e4hrige Erfahrung in der technischen und strategischen Beratung von Konzernen und gro\u00dfen Marken aus und hat sowohl im Tech- als auch im Marktforschungsbereich bereits mehrere Unternehmen aufgebaut und erfolgreich wachsen lassen.<\/p>\n<\/div>\n<\/div><\/div><\/div>\n<\/section><section class=\"bde-section-64-106 bde-section\">\n  \n  \n\t\n\n\n\n<div class=\"section-container\"><div class=\"bde-columns-64-107 bde-columns\"><div class=\"bde-column-64-108 bde-column\">\n  \n  \n\t\n\n\n\n<img decoding=\"async\" class=\"bde-image2-64-112 bde-image2\" src=\"https:\/\/brainsuite.ai\/wp-content\/uploads\/2025\/10\/Christian_rectangle_1200x800.webp\" loading=\"lazy\" srcset=\"https:\/\/brainsuite.ai\/wp-content\/uploads\/2025\/10\/Christian_rectangle_1200x800.webp 1200w, https:\/\/brainsuite.ai\/wp-content\/uploads\/2025\/10\/Christian_rectangle_1200x800-300x200.webp 300w, https:\/\/brainsuite.ai\/wp-content\/uploads\/2025\/10\/Christian_rectangle_1200x800-1024x683.webp 1024w, https:\/\/brainsuite.ai\/wp-content\/uploads\/2025\/10\/Christian_rectangle_1200x800-768x512.webp 768w\" sizes=\"(max-width: 1200px) 100vw, 1200px\"><div class=\"bde-div-64-154 bde-div\">\n  \n  \n\t\n\n\n\n<h3 class=\"bde-heading-64-113 bde-heading\">\nDr. Christian Scheier\n<\/h3><div class=\"bde-icon-64-116 bde-icon\">\n\n    \n                    \n            \n            \n\n    \n    \n    \n    \n    \n    <a class=\"breakdance-link bde-icon-icon breakdance-icon-atom\" href=\"https:\/\/www.linkedin.com\/in\/dr-christian-scheier-a3ab065\/\" target=\"_self\" data-type=\"url\" rel=\"noopener\">\n\n    \n                    <svg xmlns=\"http:\/\/www.w3.org\/2000\/svg\" id=\"icon-linkedin\" viewBox=\"0 0 32 32\">\n<path d=\"M29 0h-26c-1.65 0-3 1.35-3 3v26c0 1.65 1.35 3 3 3h26c1.65 0 3-1.35 3-3v-26c0-1.65-1.35-3-3-3zM12 26h-4v-14h4v14zM10 10c-1.106 0-2-0.894-2-2s0.894-2 2-2c1.106 0 2 0.894 2 2s-0.894 2-2 2zM26 26h-4v-8c0-1.106-0.894-2-2-2s-2 0.894-2 2v8h-4v-14h4v2.481c0.825-1.131 2.087-2.481 3.5-2.481 2.488 0 4.5 2.238 4.5 5v9z\"\/>\n<\/svg>\n        \n        \n        \n                <\/a>\n\n    \n\n\n<\/div>\n<\/div><h5 class=\"bde-heading-64-114 bde-heading\">\nCo-Founder, CAIO | Chief AI Officer\n<\/h5><div class=\"bde-rich-text-64-115 bde-rich-text breakdance-rich-text-styles\">\n<p>Dr. Christian Scheier ist nicht nur seit \u00fcber 20 Jahren im Bereich KI aktiv, sondern auch weltweit einer der wenigen Neuropsychologen, die sowohl in der Forschung als auch in der Markenberatung erfolgreich t\u00e4tig sind<\/p>\n<p>Nach einer wissenschaftlichen Karriere am renommierten California Institute of Technology (Caltech) und dem erfolgreichen Aufbau einer Marktforschungsagentur, gr\u00fcndete er zusammen mit Dr. Dirk Held zun\u00e4chst die DECODE Marketingberatung GmbH und im Jahr 2020 die Brainsuite GmbH. Er ist Autor mehrerer Sachbuch-Bestseller zu den Themen Markenf\u00fchrung und Neuropsychologie. Zuletzt erschienen ist der Titel \u201eK\u00fcnstliche Intelligenz in der Markenf\u00fchrung\u201c.<\/p>\n<p>Dar\u00fcber hinaus ist er Autor des Standardwerkes zu verhaltensbasierter KI, \u201eUnderstanding Intelligence\u201c (MIT Press), sowie zahlreicher wissenschaftlicher Publikationen.<\/p>\n<\/div>\n<\/div><div class=\"bde-column-64-117 bde-column\">\n  \n  \n\t\n\n\n\n<img decoding=\"async\" class=\"bde-image2-64-118 bde-image2\" src=\"https:\/\/brainsuite.ai\/wp-content\/uploads\/2025\/10\/peternew.webp\" loading=\"lazy\" srcset=\"https:\/\/brainsuite.ai\/wp-content\/uploads\/2025\/10\/peternew.webp 1200w, https:\/\/brainsuite.ai\/wp-content\/uploads\/2025\/10\/peternew-300x200.webp 300w, https:\/\/brainsuite.ai\/wp-content\/uploads\/2025\/10\/peternew-1024x683.webp 1024w, https:\/\/brainsuite.ai\/wp-content\/uploads\/2025\/10\/peternew-768x512.webp 768w\" sizes=\"(max-width: 1200px) 100vw, 1200px\"><div class=\"bde-div-64-155 bde-div\">\n  \n  \n\t\n\n\n\n<h3 class=\"bde-heading-64-119 bde-heading\">\nPeter Krause\n<\/h3><div class=\"bde-icon-64-122 bde-icon\">\n\n    \n                    \n            \n            \n\n    \n    \n    \n    \n    \n    <a class=\"breakdance-link bde-icon-icon breakdance-icon-atom\" href=\"https:\/\/www.linkedin.com\/in\/peter-krause-aimpower\/\" target=\"_self\" data-type=\"url\" rel=\"noopener\">\n\n    \n                    <svg xmlns=\"http:\/\/www.w3.org\/2000\/svg\" id=\"icon-linkedin\" viewBox=\"0 0 32 32\">\n<path d=\"M29 0h-26c-1.65 0-3 1.35-3 3v26c0 1.65 1.35 3 3 3h26c1.65 0 3-1.35 3-3v-26c0-1.65-1.35-3-3-3zM12 26h-4v-14h4v14zM10 10c-1.106 0-2-0.894-2-2s0.894-2 2-2c1.106 0 2 0.894 2 2s-0.894 2-2 2zM26 26h-4v-8c0-1.106-0.894-2-2-2s-2 0.894-2 2v8h-4v-14h4v2.481c0.825-1.131 2.087-2.481 3.5-2.481 2.488 0 4.5 2.238 4.5 5v9z\"\/>\n<\/svg>\n        \n        \n        \n                <\/a>\n\n    \n\n\n<\/div>\n<\/div><h5 class=\"bde-heading-64-120 bde-heading\">\nCo-Founder, CEO | Chief Executive Officer\n<\/h5><div class=\"bde-rich-text-64-121 bde-rich-text breakdance-rich-text-styles\">\n<p>Peter Krause bewegt sich seit \u00fcber 20 Jahren erfolgreich in der Marketing- und Technologiebranche.<\/p>\n<p>Nach Stationen bei renommierten Werbe- und Digitalagenturen wie Ogilvy und Syzygy konnte er mehrere Jahre Erfahrung als Gesch\u00e4ftsf\u00fchrer bei Triplesense Reply in Frankfurt sammeln, einer gro\u00dfen Digitalagentur mit Fokus auf User Experience und digitale Transformation.<\/p>\n<p>Seit 2018 befasst er sich aktiv mit dem Thema k\u00fcnstliche Intelligenz und hat 2020 zusammen mit Dr. Christian Scheier und Dr. Dirk Held die Brainsuite GmbH gegr\u00fcndet. Als CEO bringt er hier u.a. seine Plattform-Erfahrung als auch seine Leidenschaft f\u00fcr digitale Produktentwicklung ein.<\/p>\n<\/div>\n<\/div><div class=\"bde-column-64-123 bde-column\">\n  \n  \n\t\n\n\n\n<img decoding=\"async\" class=\"bde-image2-64-124 bde-image2\" src=\"https:\/\/brainsuite.ai\/wp-content\/uploads\/2025\/10\/Dirk_rectangle_1200x800.webp\" loading=\"lazy\" srcset=\"https:\/\/brainsuite.ai\/wp-content\/uploads\/2025\/10\/Dirk_rectangle_1200x800.webp 1200w, https:\/\/brainsuite.ai\/wp-content\/uploads\/2025\/10\/Dirk_rectangle_1200x800-300x200.webp 300w, https:\/\/brainsuite.ai\/wp-content\/uploads\/2025\/10\/Dirk_rectangle_1200x800-1024x683.webp 1024w, https:\/\/brainsuite.ai\/wp-content\/uploads\/2025\/10\/Dirk_rectangle_1200x800-768x512.webp 768w\" sizes=\"(max-width: 1200px) 100vw, 1200px\"><div class=\"bde-div-64-157 bde-div\">\n  \n  \n\t\n\n\n\n<h3 class=\"bde-heading-64-125 bde-heading\">\nDr. Dirk Held\n<\/h3><div class=\"bde-icon-64-128 bde-icon\">\n\n    \n                    \n            \n            \n\n    \n    \n    \n    \n    \n    <a class=\"breakdance-link bde-icon-icon breakdance-icon-atom\" href=\"https:\/\/www.linkedin.com\/in\/dr-dirk-held\/\" target=\"_self\" data-type=\"url\" rel=\"noopener\">\n\n    \n                    <svg xmlns=\"http:\/\/www.w3.org\/2000\/svg\" id=\"icon-linkedin\" viewBox=\"0 0 32 32\">\n<path d=\"M29 0h-26c-1.65 0-3 1.35-3 3v26c0 1.65 1.35 3 3 3h26c1.65 0 3-1.35 3-3v-26c0-1.65-1.35-3-3-3zM12 26h-4v-14h4v14zM10 10c-1.106 0-2-0.894-2-2s0.894-2 2-2c1.106 0 2 0.894 2 2s-0.894 2-2 2zM26 26h-4v-8c0-1.106-0.894-2-2-2s-2 0.894-2 2v8h-4v-14h4v2.481c0.825-1.131 2.087-2.481 3.5-2.481 2.488 0 4.5 2.238 4.5 5v9z\"\/>\n<\/svg>\n        \n        \n        \n                <\/a>\n\n    \n\n\n<\/div>\n<\/div><h5 class=\"bde-heading-64-126 bde-heading\">\nCo-Founder, CSO | Chief Strategy Officer\n<\/h5><div class=\"bde-rich-text-64-127 bde-rich-text breakdance-rich-text-styles\">\n<p>Dr. Dirk Held ist f\u00fchrender Experte bei der \u00dcbersetzung von wissenschaftlichen Erkenntnissen in konkrete Marketingma\u00dfnahmen. Er ist Autor mehrerer Sachbuch-Bestseller zu Neuromarketing und ber\u00e4t internationale Kunden zur Optimierung ihrer Markenf\u00fchrung.<\/p>\n<p>Nach seinem Psychologie-Studium setzte er sich in seiner Promotion in Verhaltens\u00f6konomie intensiv mit dem Einfluss von Marken auf Kaufentscheidungen auseinander.<\/p>\n<p>Gemeinsam mit Dr. Christian Scheier gr\u00fcndete er die DECODE Marketingberatung GmbH und 2020 die Brainsuite GmbH. Dazu verfasset ist er zusammen mit Dr. Christian Scheier mehrere Sachbuch-Bestseller zu Markenf\u00fchrung und Neuropsychologie, zuletzt das erfolgreiche Buch \u201eK\u00fcnstliche Intelligenz in der Markenf\u00fchrung\u201c.<\/p>\n<\/div>\n<\/div><\/div><div class=\"bde-columns-64-129 bde-columns\"><div class=\"bde-column-64-130 bde-column\">\n  \n  \n\t\n\n\n\n<img decoding=\"async\" class=\"bde-image2-64-131 bde-image2\" src=\"https:\/\/brainsuite.ai\/wp-content\/uploads\/2025\/10\/Martin_rectangle_1200x800px.webp\" loading=\"lazy\" srcset=\"https:\/\/brainsuite.ai\/wp-content\/uploads\/2025\/10\/Martin_rectangle_1200x800px.webp 1200w, https:\/\/brainsuite.ai\/wp-content\/uploads\/2025\/10\/Martin_rectangle_1200x800px-300x200.webp 300w, https:\/\/brainsuite.ai\/wp-content\/uploads\/2025\/10\/Martin_rectangle_1200x800px-1024x683.webp 1024w, https:\/\/brainsuite.ai\/wp-content\/uploads\/2025\/10\/Martin_rectangle_1200x800px-768x512.webp 768w\" sizes=\"(max-width: 1200px) 100vw, 1200px\"><div class=\"bde-div-64-158 bde-div\">\n  \n  \n\t\n\n\n\n<h3 class=\"bde-heading-64-132 bde-heading\">\nMartin Fr\u00f6hlich\n<\/h3><div class=\"bde-icon-64-135 bde-icon\">\n\n    \n                    \n            \n            \n\n    \n    \n    \n    \n    \n    <a class=\"breakdance-link bde-icon-icon breakdance-icon-atom\" href=\"https:\/\/www.linkedin.com\/in\/martin-fr%C3%B6hlich-03a527180\/\" target=\"_self\" data-type=\"url\" rel=\"noopener\">\n\n    \n                    <svg xmlns=\"http:\/\/www.w3.org\/2000\/svg\" id=\"icon-linkedin\" viewBox=\"0 0 32 32\">\n<path d=\"M29 0h-26c-1.65 0-3 1.35-3 3v26c0 1.65 1.35 3 3 3h26c1.65 0 3-1.35 3-3v-26c0-1.65-1.35-3-3-3zM12 26h-4v-14h4v14zM10 10c-1.106 0-2-0.894-2-2s0.894-2 2-2c1.106 0 2 0.894 2 2s-0.894 2-2 2zM26 26h-4v-8c0-1.106-0.894-2-2-2s-2 0.894-2 2v8h-4v-14h4v2.481c0.825-1.131 2.087-2.481 3.5-2.481 2.488 0 4.5 2.238 4.5 5v9z\"\/>\n<\/svg>\n        \n        \n        \n                <\/a>\n\n    \n\n\n<\/div>\n<\/div><h5 class=\"bde-heading-64-133 bde-heading\">\nCIO | Chief Information Officer\n<\/h5><div class=\"bde-rich-text-64-134 bde-rich-text breakdance-rich-text-styles\">\n<p>Martin Fr\u00f6hlich plant und konzipiert seit mehr als 10 Jahren stabile Software auf Enterpriseniveau.<\/p>\n<p>Seine Karriere beginnt in der klassischen Marken- und Organisationsberatung. Mit einem akademischen Background der angewandten Medienwissenschaften und -informatik spezialisiert er sich auf weiteren Stationen wie SYZYGY und Reply auf die Migration von Businessprozessen in digitale Produkte.<\/p>\n<p>Die Realisation komplexer technischer Plattformen geschieht dabei nicht nur strategisch, sondern stets auch operativ. Stabilit\u00e4t, Skalierbarkeit und Effizienz stehen im Mittelpunkt seiner Arbeit und Architektur.<\/p>\n<p>Das Spannungsfeld zwischen dem unbedingten Fokus auf das technische System und der anspruchsvollen Innensicht auf interdisziplin\u00e4re, verteilte Teams sind seine gro\u00dfe Herausforderung und Expertise. Seit Mai 2021 geh\u00f6rt er zum Management-Team von Brainsuite.<\/p>\n<\/div>\n<\/div><div class=\"bde-column-64-136 bde-column\">\n  \n  \n\t\n\n\n\n<img decoding=\"async\" class=\"bde-image2-64-137 bde-image2\" src=\"https:\/\/brainsuite.ai\/wp-content\/uploads\/2025\/10\/MarkusRottmaier_Pass_1-scaled.webp\" loading=\"lazy\" srcset=\"https:\/\/brainsuite.ai\/wp-content\/uploads\/2025\/10\/MarkusRottmaier_Pass_1-scaled.webp 1989w, https:\/\/brainsuite.ai\/wp-content\/uploads\/2025\/10\/MarkusRottmaier_Pass_1-233x300.webp 233w, https:\/\/brainsuite.ai\/wp-content\/uploads\/2025\/10\/MarkusRottmaier_Pass_1-796x1024.webp 796w, https:\/\/brainsuite.ai\/wp-content\/uploads\/2025\/10\/MarkusRottmaier_Pass_1-768x989.webp 768w, https:\/\/brainsuite.ai\/wp-content\/uploads\/2025\/10\/MarkusRottmaier_Pass_1-1193x1536.webp 1193w, https:\/\/brainsuite.ai\/wp-content\/uploads\/2025\/10\/MarkusRottmaier_Pass_1-1591x2048.webp 1591w\" sizes=\"(max-width: 1989px) 100vw, 1989px\"><div class=\"bde-div-64-159 bde-div\">\n  \n  \n\t\n\n\n\n<h3 class=\"bde-heading-64-138 bde-heading\">\nMarkus Rottmaier\n<\/h3><div class=\"bde-icon-64-141 bde-icon\">\n\n    \n                    \n            \n            \n\n    \n    \n    \n    \n    \n    <a class=\"breakdance-link bde-icon-icon breakdance-icon-atom\" href=\"https:\/\/www.linkedin.com\/in\/mrottmaier\/\" target=\"_self\" data-type=\"url\" rel=\"noopener\">\n\n    \n                    <svg xmlns=\"http:\/\/www.w3.org\/2000\/svg\" id=\"icon-linkedin\" viewBox=\"0 0 32 32\">\n<path d=\"M29 0h-26c-1.65 0-3 1.35-3 3v26c0 1.65 1.35 3 3 3h26c1.65 0 3-1.35 3-3v-26c0-1.65-1.35-3-3-3zM12 26h-4v-14h4v14zM10 10c-1.106 0-2-0.894-2-2s0.894-2 2-2c1.106 0 2 0.894 2 2s-0.894 2-2 2zM26 26h-4v-8c0-1.106-0.894-2-2-2s-2 0.894-2 2v8h-4v-14h4v2.481c0.825-1.131 2.087-2.481 3.5-2.481 2.488 0 4.5 2.238 4.5 5v9z\"\/>\n<\/svg>\n        \n        \n        \n                <\/a>\n\n    \n\n\n<\/div>\n<\/div><h5 class=\"bde-heading-64-139 bde-heading\">\nCSO | Chief Sales Officer\n<\/h5><div class=\"bde-rich-text-64-140 bde-rich-text breakdance-rich-text-styles\">\n<p>Markus Rottmaier ist eine erfahrene F\u00fchrungskraft mit \u00fcber zwei Jahrzehnten Erfahrung in den Bereichen Wachstum und Innovation in der Technologie- und SaaS-Branche.<\/p>\n<p>Als Chief of Sales bei Brainsuite bringt Markus umfassende Expertise in der internationalen Gesch\u00e4ftsentwicklung, im strategischen Vertriebsmanagement und in der Implementierung skalierbarer Umsatzstrategien mit.<\/p>\n<p>Vor seiner T\u00e4tigkeit bei Brainsuite hatte er leitende Positionen bei Unternehmen wie CHILI publish, Productsup und Microsoft inne, wo er erfolgreich globale Teams leitete, komplexe Verkaufsprozesse managte und signifikantes Umsatzwachstum erzielte. Markus' strategische Vision und sein tiefes Verst\u00e4ndnis f\u00fcr digitales Marketing und SaaS-Plattformen machen ihn zu einer wertvollen Bereicherung f\u00fcr die Mission von Brainsuite, Marktf\u00fchrer im Bereich neurowissenschaftlich fundierter Marketingl\u00f6sungen zu werden.<\/p>\n<\/div>\n<\/div><div class=\"bde-column-64-160 bde-column\">\n  \n  \n\t\n\n\n\n\n<\/div><\/div><\/div>\n<\/section>","protected":false},"excerpt":{"rendered":"<p>Das Brainsuite Management- Team Das Zusammenspiel von umfangreichem Expertenwissen aus den Bereichen k\u00fcnstliche Intelligenz, Verhaltenswissenschaft, Markenberatung und digitale Transformation macht Brainsuite so einzigartig. Erg\u00e4nzt wird das durch die langj\u00e4hrige Erfahrung in der Entwicklung und Einf\u00fchrung erfolgreicher Customer Experience L\u00f6sungen sowie digitalen Produkten. Unser Kernteam zeichnet sich durch langj\u00e4hrige Erfahrung in der technischen und strategischen Beratung [&hellip;]<\/p>\n","protected":false},"author":5,"featured_media":0,"parent":0,"menu_order":0,"comment_status":"closed","ping_status":"closed","template":"","meta":{"_breakdance_hide_in_design_set":false,"_breakdance_tags":"","footnotes":""},"class_list":["post-64","page","type-page","status-publish","hentry"],"_links":{"self":[{"href":"https:\/\/brainsuite.ai\/de\/wp-json\/wp\/v2\/pages\/64","targetHints":{"allow":["GET"]}}],"collection":[{"href":"https:\/\/brainsuite.ai\/de\/wp-json\/wp\/v2\/pages"}],"about":[{"href":"https:\/\/brainsuite.ai\/de\/wp-json\/wp\/v2\/types\/page"}],"author":[{"embeddable":true,"href":"https:\/\/brainsuite.ai\/de\/wp-json\/wp\/v2\/users\/5"}],"replies":[{"embeddable":true,"href":"https:\/\/brainsuite.ai\/de\/wp-json\/wp\/v2\/comments?post=64"}],"version-history":[{"count":15,"href":"https:\/\/brainsuite.ai\/de\/wp-json\/wp\/v2\/pages\/64\/revisions"}],"predecessor-version":[{"id":2933,"href":"https:\/\/brainsuite.ai\/de\/wp-json\/wp\/v2\/pages\/64\/revisions\/2933"}],"wp:attachment":[{"href":"https:\/\/brainsuite.ai\/de\/wp-json\/wp\/v2\/media?parent=64"}],"curies":[{"name":"wp","href":"https:\/\/api.w.org\/{rel}","templated":true}]}}