{"id":66,"date":"2025-09-23T14:53:17","date_gmt":"2025-09-23T12:53:17","guid":{"rendered":"https:\/\/brainsuite.ai\/?page_id=66"},"modified":"2026-04-17T13:58:08","modified_gmt":"2026-04-17T11:58:08","slug":"karriere","status":"publish","type":"page","link":"https:\/\/brainsuite.ai\/de\/karriere\/","title":{"rendered":"Karriere"},"content":{"rendered":"<section class=\"bde-section-66-100 bde-section hero-bg-image\">\n  \n  \n\t\n\n\n\n<div class=\"section-container\"><div class=\"bde-columns-66-101 bde-columns\"><div class=\"bde-column-66-102 bde-column\">\n  \n  \n\t\n\n\n\n<h1 class=\"bde-heading-66-103 bde-heading\">\nDeine Karriere bei Brainsuite startet jetzt\n<\/h1><img decoding=\"async\" class=\"bde-image2-66-199 bde-image2\" src=\"https:\/\/brainsuite.ai\/wp-content\/uploads\/2025\/10\/SummerPartyBrainsuite2025.webp\" loading=\"lazy\" srcset=\"https:\/\/brainsuite.ai\/wp-content\/uploads\/2025\/10\/SummerPartyBrainsuite2025.webp 2000w, https:\/\/brainsuite.ai\/wp-content\/uploads\/2025\/10\/SummerPartyBrainsuite2025-300x200.webp 300w, https:\/\/brainsuite.ai\/wp-content\/uploads\/2025\/10\/SummerPartyBrainsuite2025-1024x682.webp 1024w, https:\/\/brainsuite.ai\/wp-content\/uploads\/2025\/10\/SummerPartyBrainsuite2025-768x512.webp 768w, https:\/\/brainsuite.ai\/wp-content\/uploads\/2025\/10\/SummerPartyBrainsuite2025-1536x1024.webp 1536w\" sizes=\"(max-width: 2000px) 100vw, 2000px\"><div class=\"bde-rich-text-66-104 bde-rich-text breakdance-rich-text-styles\">\nWerde Teil des Teams und gestalte die Zukunft des Brand Managements\n<\/div><div class=\"bde-button-66-105 bde-button w-100-m\">\n    \n                        \n                        \n    \n    \n    \n    \n            \n                    \n            \n            \n\n    \n    \n    \n    \n    \n    <a class=\"breakdance-link button-atom button-atom--primary bde-button__button\" href=\"https:\/\/brainsuite-gmbh.jobs.personio.de\/#all\" target=\"_blank\" data-type=\"url\" rel=\"noopener\">\n\n    \n        <span class=\"button-atom__text\">Alle offenen Stellen<\/span>\n\n        \n        \n                <\/a>\n\n    \n\n\n<\/div>\n<\/div><div class=\"bde-column-66-106 bde-column\">\n  \n  \n\t\n\n\n\n\n<\/div><\/div><\/div>\n<\/section><section class=\"bde-section-66-107 bde-section\">\n  \n  \n\t\n\n\n\n<div class=\"section-container\"><div class=\"bde-columns-66-108 bde-columns\"><div class=\"bde-column-66-109 bde-column\">\n  \n  \n\t\n\n\n\n<h2 class=\"bde-heading-66-111 bde-heading\">\nEntdecke Brainsuite!\n<\/h2><div class=\"bde-button-66-112 bde-button w-100-m\">\n    \n                        \n                        \n    \n    \n    \n    \n            \n                    \n            \n            \n\n    \n    \n    \n    \n    \n    <a class=\"breakdance-link button-atom button-atom--primary bde-button__button\" href=\"\/de\/ueber-brainsuite\/\" target=\"_self\" data-type=\"url\"  >\n\n    \n        <span class=\"button-atom__text\">Erfahre mehr \u00fcber uns<\/span>\n\n        \n        \n                <\/a>\n\n    \n\n\n<\/div>\n<\/div><div class=\"bde-column-66-110 bde-column\">\n  \n  \n\t\n\n\n\n<h2 class=\"bde-heading-66-113 bde-heading\">\nWer sind wir?\n<\/h2><div class=\"bde-rich-text-66-114 bde-rich-text breakdance-rich-text-styles\">\n<p>Bei Brainsuite transformieren wir das Marketing, indem wir umsetzbare Erkenntnisse liefern, die die Markenleistung in gro\u00dfem Umfang optimieren. Mit einem Team von 50 Fachleuten in ganz Deutschland, das Neurowissenschaften, KI, Marketing und IT umfasst, kombinieren wir Kreativit\u00e4t, Technologie und Expertise, um Innovationen voranzutreiben.<\/p>\n<p>Unsere hochmodernen KI-L\u00f6sungen analysieren und prognostizieren Verbraucherreaktionen und versetzen Teams in die Lage, sichere, datengest\u00fctzte Entscheidungen zu treffen und Strategien f\u00fcr jeden Touchpoint zu verfeinern. Lassen Sie uns gemeinsam die Zukunft des Marketings gestalten.<\/p>\n<h3>Unsere Kultur<\/h3>\n<p>Wir glauben, dass unterschiedliche Perspektiven die Innovation f\u00f6rdern. Zusammenarbeit, Vertrauen und Neugier treiben uns an, wenn wir reale Herausforderungen f\u00fcr die bekanntesten globalen Marken l\u00f6sen.<\/p>\n<p>Unsere Kultur basiert auf Transparenz, offener Kommunikation und einem Growth Mindset. Jede Stimme z\u00e4hlt, egal ob Sie einem neuen Teammitglied oder einem erfahrener Mitarbeitenden geh\u00f6rt, denn wir f\u00f6rdern Ideen, Initiative und kontinuierliches Lernen.<\/p>\n<p>Wir bieten ein hybrides Arbeitsmodell mit Standorten in Frankfurt und Hamburg an, das Flexibilit\u00e4t aus dem Homeoffice mit der Zusammenarbeit vor Ort kombiniert. Teilzeitarbeitsmodelle und eine ausgewogene Work-Life-Balance tragen dazu bei, dass unser Team erfolgreich ist.<\/p>\n<\/div>\n<\/div><\/div><\/div>\n<\/section><section class=\"bde-section-66-115 bde-section\">\n  \n  \n\t\n\n\n\n<div class=\"section-container\"><div class=\"bde-columns-66-116 bde-columns\"><div class=\"bde-column-66-117 bde-column\">\n  \n  \n\t\n\n\n\n<h2 class=\"bde-heading-66-119 bde-heading\">\nWerde Teil des Teams!\n<\/h2><div class=\"bde-rich-text-66-120 bde-rich-text breakdance-rich-text-styles\">\n<p>Wir suchen neugierige, ambitionierte, mutige und empathische Menschen voller Ideen \u2013 die aktiv mitgestalten, unser Team bereichern und mit uns gemeinsam wachsen wollen.<\/p><p>Brainsuite ist der perfekte Ort f\u00fcr Menschen, die sich f\u00fcr Innovation, interdisziplin\u00e4re Arbeit und das transformative Potenzial von k\u00fcnstlicher Intelligenz im Marketing begeistern. Wenn du Erfahrung im Bereich SaaS oder MarTech habst, KI erforschen willst und eine Leidenschaft f\u00fcr Markenmanagement hast, wirst du dich bei uns wohlf\u00fchlen.<\/p>\n<p>Neben relevanter Berufserfahrung setzen wir sehr gute Englischkenntnisse voraus. Idealerweise bringst du Erfahrung im Bereich SaaS &amp; MarTech sowie Begeisterung f\u00fcr interdisziplin\u00e4re Arbeit, k\u00fcnstliche Intelligenz und Brand-Management mit.<\/p><p>Bereit f\u00fcr deinen n\u00e4chsten Karriereschritt mit uns?<\/p>\n<\/div>\n<\/div><div class=\"bde-column-66-118 bde-column\">\n  \n  \n\t\n\n\n\n<img decoding=\"async\" class=\"bde-image2-66-121 bde-image2\" src=\"https:\/\/brainsuite.ai\/wp-content\/uploads\/2025\/10\/brainsuite_team_event.webp\" loading=\"lazy\" srcset=\"https:\/\/brainsuite.ai\/wp-content\/uploads\/2025\/10\/brainsuite_team_event.webp 1361w, https:\/\/brainsuite.ai\/wp-content\/uploads\/2025\/10\/brainsuite_team_event-214x300.webp 214w, https:\/\/brainsuite.ai\/wp-content\/uploads\/2025\/10\/brainsuite_team_event-731x1024.webp 731w, https:\/\/brainsuite.ai\/wp-content\/uploads\/2025\/10\/brainsuite_team_event-768x1076.webp 768w, https:\/\/brainsuite.ai\/wp-content\/uploads\/2025\/10\/brainsuite_team_event-1097x1536.webp 1097w\" sizes=\"(max-width: 1361px) 100vw, 1361px\">\n<\/div><\/div><\/div>\n<\/section><section class=\"bde-section-66-122 bde-section\">\n  \n  \n\t\n\n\n\n<div class=\"section-container\"><h2 class=\"bde-heading-66-128 bde-heading\">\nDas sagt das Team von Brainsuite<br>\n<\/h2><div class=\"bde-columns-66-123 bde-columns\"><div class=\"bde-column-66-124 bde-column\">\n  \n  \n\t\n\n\n\n<div class=\"bde-image-box-66-127 bde-image-box\">\n<div class=\"ee-imagebox-image\">\n  <img loading=\"lazy\" decoding=\"async\" class=\"breakdance-image-object\" src=\"https:\/\/brainsuite.ai\/wp-content\/uploads\/2025\/10\/FotoVanessa.webp\" width=\"957\" height=\"1276\" srcset=\"https:\/\/brainsuite.ai\/wp-content\/uploads\/2025\/10\/FotoVanessa.webp 957w, https:\/\/brainsuite.ai\/wp-content\/uploads\/2025\/10\/FotoVanessa-225x300.webp 225w, https:\/\/brainsuite.ai\/wp-content\/uploads\/2025\/10\/FotoVanessa-768x1024.webp 768w\" sizes=\"auto, (max-width: 957px) 100vw, 957px\">\n<\/div>\n<div class=\"ee-imagebox-content\">\n      <p class=\"ee-imagebox-title bde-h3\" >Vanessa Philipp<\/p>\n    \n      <div class=\"ee-imagebox-text\" ><b>Key Account Manager<\/b><br\/><br\/> \u201eWas mich an AI im Brand-Management so fasziniert, ist, dass sie Marketing-Teams hilft, ihre Entscheidungsfindung zu beschleunigen und ihren Marken zum Wachstum zu verhelfen. Es inspiriert und motiviert mich, wenn ich unseren Kunden in der Welt von AI Orientierung biete und sie darin unterst\u00fctze, dass ihr Business weiter Fahrt aufnimmt.\u201c<\/div>\n    \n  <\/div>\n\n<\/div>\n<\/div><div class=\"bde-column-66-125 bde-column\">\n  \n  \n\t\n\n\n\n<div class=\"bde-image-box-66-130 bde-image-box\">\n<div class=\"ee-imagebox-image\">\n  <img loading=\"lazy\" decoding=\"async\" class=\"breakdance-image-object\" src=\"https:\/\/brainsuite.ai\/wp-content\/uploads\/2025\/10\/robertocdn.webp\" width=\"960\" height=\"960\" srcset=\"https:\/\/brainsuite.ai\/wp-content\/uploads\/2025\/10\/robertocdn.webp 960w, https:\/\/brainsuite.ai\/wp-content\/uploads\/2025\/10\/robertocdn-300x300.webp 300w, https:\/\/brainsuite.ai\/wp-content\/uploads\/2025\/10\/robertocdn-150x150.webp 150w, https:\/\/brainsuite.ai\/wp-content\/uploads\/2025\/10\/robertocdn-768x768.webp 768w\" sizes=\"auto, (max-width: 960px) 100vw, 960px\">\n<\/div>\n<div class=\"ee-imagebox-content\">\n      <p class=\"ee-imagebox-title bde-h3\" >Roberto Drummond<\/p>\n    \n      <div class=\"ee-imagebox-text\" ><b>Computer Scientist<\/b><br\/><br\/>\u201eIch wollte zu Brainsuite, weil ich hier die Chance habe, alles, was ich bereits \u00fcber Web-Development wusste, anzuwenden und gleichzeitig Teil dieser faszinierenden Welt der k\u00fcnstlichen Intelligenz zu sein. Bei Brainsuite erweitere ich st\u00e4ndig mein Wissen und meine F\u00e4higkeiten.\u201c<\/div>\n    \n  <\/div>\n\n<\/div>\n<\/div><div class=\"bde-column-66-126 bde-column\">\n  \n  \n\t\n\n\n\n<div class=\"bde-image-box-66-129 bde-image-box\">\n<div class=\"ee-imagebox-image\">\n  <img loading=\"lazy\" decoding=\"async\" class=\"breakdance-image-object\" src=\"https:\/\/brainsuite.ai\/wp-content\/uploads\/2025\/10\/vivien2.webp\" width=\"240\" height=\"320\" srcset=\"https:\/\/brainsuite.ai\/wp-content\/uploads\/2025\/10\/vivien2.webp 240w, https:\/\/brainsuite.ai\/wp-content\/uploads\/2025\/10\/vivien2-225x300.webp 225w\" sizes=\"auto, (max-width: 240px) 100vw, 240px\">\n<\/div>\n<div class=\"ee-imagebox-content\">\n      <p class=\"ee-imagebox-title bde-h3\" >Vivien Rust<\/p>\n    \n      <div class=\"ee-imagebox-text\" ><b>Working Student - Marketing & Communications<\/b><br\/><br\/>\u201eW\u00e4hrend meines Bachelor-Studiums bei Brainsuite zu arbeiten, ist die perfekte Gelegenheit, meine F\u00e4higkeiten t\u00e4glich zu erweitern. Das flexible Arbeitsumfeld passt perfekt zu meinem Leben als Studentin, und bei Brainsuite kann ich auch endlich Theorien und Konzepte aus dem Studium im praktischen Arbeitsalltag anwenden.\u201c <\/div>\n    \n  <\/div>\n\n<\/div>\n<\/div><\/div><\/div>\n<\/section><section class=\"bde-section-66-131 bde-section\">\n  \n  \n\t\n\n\n\n<div class=\"section-container\"><h2 class=\"bde-heading-66-139 bde-heading\">\nBenefits\n<\/h2><div class=\"bde-columns-66-133 bde-columns\"><div class=\"bde-column-66-134 bde-column\">\n  \n  \n\t\n\n\n\n<img decoding=\"async\" class=\"bde-image2-66-166 bde-image2\" src=\"https:\/\/brainsuite.ai\/wp-content\/uploads\/2025\/10\/bus_ticket_transportation.webp\" loading=\"lazy\" sizes=\"(max-width: 140px) 100vw, 140px\"><h4 class=\"bde-heading-66-137 bde-heading\">\nJobTicket\n<\/h4><div class=\"bde-rich-text-66-138 bde-rich-text breakdance-rich-text-styles\">\nWir erleichtern dir das Pendeln mit einem bezuschussten JobTicket, damit du Zeit und Geld sparst.\n<\/div>\n<\/div><div class=\"bde-column-66-135 bde-column\">\n  \n  \n\t\n\n\n\n<img decoding=\"async\" class=\"bde-image2-66-167 bde-image2\" src=\"https:\/\/brainsuite.ai\/wp-content\/uploads\/2025\/10\/vacation_beach_outdoors_recreation.webp\" loading=\"lazy\" sizes=\"(max-width: 140px) 100vw, 140px\"><h4 class=\"bde-heading-66-140 bde-heading\">\n30+ Tage Urlaub\n<\/h4><div class=\"bde-rich-text-66-141 bde-rich-text breakdance-rich-text-styles\">\nGenie\u00dfe 30 Urlaubstage pro Jahr, plus zwei zus\u00e4tzliche freie Tage am 24. und 31. Dezember f\u00fcr Feiertage.\n<\/div>\n<\/div><div class=\"bde-column-66-142 bde-column\">\n  \n  \n\t\n\n\n\n<img decoding=\"async\" class=\"bde-image2-66-168 bde-image2\" src=\"https:\/\/brainsuite.ai\/wp-content\/uploads\/2025\/10\/workation_icon.webp\" loading=\"lazy\" sizes=\"(max-width: 140px) 100vw, 140px\"><h4 class=\"bde-heading-66-143 bde-heading\">\nWorkation\n<\/h4><div class=\"bde-rich-text-66-144 bde-rich-text breakdance-rich-text-styles\">\nArbeite bis zu 28 Tage im Jahr von einem beliebigen Ort in der EU aus - egal ob am Meer oder in den Bergen.\n<\/div>\n<\/div><\/div><div class=\"bde-columns-66-145 bde-columns\"><div class=\"bde-column-66-146 bde-column\">\n  \n  \n\t\n\n\n\n<img decoding=\"async\" class=\"bde-image2-66-169 bde-image2\" src=\"https:\/\/brainsuite.ai\/wp-content\/uploads\/2025\/10\/weiterbildung_icon.webp\" loading=\"lazy\" sizes=\"(max-width: 140px) 100vw, 140px\"><h4 class=\"bde-heading-66-147 bde-heading\">\nWeiterbildungsbudget\n<\/h4><div class=\"bde-rich-text-66-148 bde-rich-text breakdance-rich-text-styles\">\nSt\u00e4rke deine F\u00e4higkeiten mit einem personalisierten Schulungsbudget und unseren regelm\u00e4\u00dfigen Bits & Bites-Sessions zum Wissensaustausch.\n<\/div>\n<\/div><div class=\"bde-column-66-149 bde-column\">\n  \n  \n\t\n\n\n\n<img decoding=\"async\" class=\"bde-image2-66-170 bde-image2\" src=\"https:\/\/brainsuite.ai\/wp-content\/uploads\/2025\/10\/corporate_benefits.webp\" loading=\"lazy\" sizes=\"(max-width: 140px) 100vw, 140px\"><h4 class=\"bde-heading-66-150 bde-heading\">\nVerm\u00f6genswirksame Leistungen\n<\/h4><div class=\"bde-rich-text-66-151 bde-rich-text breakdance-rich-text-styles\">\nWir unterst\u00fctzen deine finanzielle Zukunft mit einem monatlichen Zuschuss von 40 \u20ac an verm\u00f6genswirksamen Leistungen, die du auch f\u00fcr eine betriebliche Altersvorsorge nutzen kannst.\n<\/div>\n<\/div><div class=\"bde-column-66-152 bde-column\">\n  \n  \n\t\n\n\n\n<img decoding=\"async\" class=\"bde-image2-66-171 bde-image2\" src=\"https:\/\/brainsuite.ai\/wp-content\/uploads\/2025\/10\/capital_forming_benefits.webp\" loading=\"lazy\" sizes=\"(max-width: 140px) 100vw, 140px\"><h4 class=\"bde-heading-66-153 bde-heading\">\nCorporate Benefits\n<\/h4><div class=\"bde-rich-text-66-154 bde-rich-text breakdance-rich-text-styles\">\nSichere dir exklusive Rabatte \u00fcber unser Vorteilsportal mit attraktiven Angeboten von Top-Marken.\n<\/div>\n<\/div><\/div><div class=\"bde-columns-66-155 bde-columns\"><div class=\"bde-column-66-156 bde-column\">\n  \n  \n\t\n\n\n\n<img decoding=\"async\" class=\"bde-image2-66-172 bde-image2\" src=\"https:\/\/brainsuite.ai\/wp-content\/uploads\/2025\/10\/pension_icon.webp\" loading=\"lazy\" sizes=\"(max-width: 140px) 100vw, 140px\"><h4 class=\"bde-heading-66-157 bde-heading\">\nBetriebliche Altersvorsorge\n<\/h4><div class=\"bde-rich-text-66-158 bde-rich-text breakdance-rich-text-styles\">\nPlane f\u00fcr die Zukunft mit Zugang zu einer von Brainsuite unterst\u00fctzten betrieblichen Altersvorsorge.\n<\/div>\n<\/div><div class=\"bde-column-66-159 bde-column\">\n  \n  \n\t\n\n\n\n<img decoding=\"async\" class=\"bde-image2-66-173 bde-image2\" src=\"https:\/\/brainsuite.ai\/wp-content\/uploads\/2025\/10\/party_icon.webp\" loading=\"lazy\" sizes=\"(max-width: 140px) 100vw, 140px\"><h4 class=\"bde-heading-66-160 bde-heading\">\nParty & Events\n<\/h4><div class=\"bde-rich-text-66-161 bde-rich-text breakdance-rich-text-styles\">\nKn\u00fcpfe neue Verbindungen auf regelm\u00e4\u00dfigen Teamevents, die durch ein spezielles Event-Budget unterst\u00fctzt werden.\n<\/div>\n<\/div><div class=\"bde-column-66-162 bde-column\">\n  \n  \n\t\n\n\n\n<img decoding=\"async\" class=\"bde-image2-66-174 bde-image2\" src=\"https:\/\/brainsuite.ai\/wp-content\/uploads\/2025\/10\/work_time_icon.webp\" loading=\"lazy\" sizes=\"(max-width: 140px) 100vw, 140px\"><h4 class=\"bde-heading-66-163 bde-heading\">\nFlexible Arbeitszeiten\n<\/h4><div class=\"bde-rich-text-66-164 bde-rich-text breakdance-rich-text-styles\">\nProfitiere von flexiblen Arbeitszeiten, einem hybriden Arbeitsmodell und dem Zugang zu Co-Working Hubs in Frankfurt a.M. und Hamburg.\n<\/div>\n<\/div><\/div><\/div>\n<\/section><section class=\"bde-section-66-175 bde-section\">\n  \n  \n\t\n\n\n\n<div class=\"section-container\"><h2 class=\"bde-heading-66-179 bde-heading\">\nWir konzentrieren uns auf unsere<br>Werte, Ziele und Visionen\n<\/h2><div class=\"bde-columns-66-176 bde-columns\"><div class=\"bde-column-66-177 bde-column\">\n  \n  \n\t\n\n\n\n<img decoding=\"async\" class=\"bde-image2-66-181 bde-image2\" src=\"https:\/\/brainsuite.ai\/wp-content\/uploads\/2025\/10\/Recruit_people_blue_02.webp\" loading=\"lazy\" sizes=\"(max-width: 176px) 100vw, 176px\"><h4 class=\"bde-heading-66-182 bde-heading\">\nWir suchen Menschen, die neue Wege gehen wollen.\n<\/h4>\n<\/div><div class=\"bde-column-66-183 bde-column\">\n  \n  \n\t\n\n\n\n<img decoding=\"async\" class=\"bde-image2-66-184 bde-image2\" src=\"https:\/\/brainsuite.ai\/wp-content\/uploads\/2025\/10\/Recruit_inno.webp\" loading=\"lazy\" sizes=\"(max-width: 142px) 100vw, 142px\"><h4 class=\"bde-heading-66-185 bde-heading\">\nWir entwickeln Innovationen, die Erfolge garantieren.\n<\/h4>\n<\/div><div class=\"bde-column-66-186 bde-column\">\n  \n  \n\t\n\n\n\n<img decoding=\"async\" class=\"bde-image2-66-187 bde-image2\" src=\"https:\/\/brainsuite.ai\/wp-content\/uploads\/2025\/10\/Recruit_Strategies_blue.webp\" loading=\"lazy\" sizes=\"(max-width: 112px) 100vw, 112px\"><h4 class=\"bde-heading-66-188 bde-heading\">\nWir machen sinnvolle Strategien praktisch m\u00f6glich.\n<\/h4>\n<\/div><\/div><div class=\"bde-columns-66-189 bde-columns\"><div class=\"bde-column-66-190 bde-column\">\n  \n  \n\t\n\n\n\n<img decoding=\"async\" class=\"bde-image2-66-191 bde-image2\" src=\"https:\/\/brainsuite.ai\/wp-content\/uploads\/2025\/10\/Recruit_Growing.webp\" loading=\"lazy\" sizes=\"(max-width: 101px) 100vw, 101px\"><h4 class=\"bde-heading-66-192 bde-heading\">\nGemeinsames Wachstum ist Teil unserer Vision.\n<\/h4>\n<\/div><div class=\"bde-column-66-193 bde-column\">\n  \n  \n\t\n\n\n\n<img decoding=\"async\" class=\"bde-image2-66-194 bde-image2\" src=\"https:\/\/brainsuite.ai\/wp-content\/uploads\/2025\/10\/Recruit_commit_blue.webp\" loading=\"lazy\" sizes=\"(max-width: 111px) 100vw, 111px\"><h4 class=\"bde-heading-66-195 bde-heading\">\nDer Erfolg unserer Kunden treibt uns an.\n<\/h4>\n<\/div><div class=\"bde-column-66-196 bde-column\">\n  \n  \n\t\n\n\n\n<img decoding=\"async\" class=\"bde-image2-66-197 bde-image2\" src=\"https:\/\/brainsuite.ai\/wp-content\/uploads\/2025\/10\/Recruit_responsibility.webp\" loading=\"lazy\" sizes=\"(max-width: 146px) 100vw, 146px\"><h4 class=\"bde-heading-66-198 bde-heading\">\nWir \u00fcbernehmen Verantwortung, f\u00fcr das, was wir tun.\n<\/h4>\n<\/div><\/div><\/div>\n<\/section>","protected":false},"excerpt":{"rendered":"<p>Deine Karriere bei Brainsuite startet jetzt Werde Teil des Teams und gestalte die Zukunft des Brand Managements Alle offenen Stellen Entdecke Brainsuite! Erfahre mehr \u00fcber uns Wer sind wir? Bei Brainsuite transformieren wir das Marketing, indem wir umsetzbare Erkenntnisse liefern, die die Markenleistung in gro\u00dfem Umfang optimieren. Mit einem Team von 50 Fachleuten in ganz [&hellip;]<\/p>\n","protected":false},"author":5,"featured_media":0,"parent":0,"menu_order":0,"comment_status":"closed","ping_status":"closed","template":"","meta":{"_breakdance_hide_in_design_set":false,"_breakdance_tags":"","footnotes":""},"class_list":["post-66","page","type-page","status-publish","hentry"],"_links":{"self":[{"href":"https:\/\/brainsuite.ai\/de\/wp-json\/wp\/v2\/pages\/66","targetHints":{"allow":["GET"]}}],"collection":[{"href":"https:\/\/brainsuite.ai\/de\/wp-json\/wp\/v2\/pages"}],"about":[{"href":"https:\/\/brainsuite.ai\/de\/wp-json\/wp\/v2\/types\/page"}],"author":[{"embeddable":true,"href":"https:\/\/brainsuite.ai\/de\/wp-json\/wp\/v2\/users\/5"}],"replies":[{"embeddable":true,"href":"https:\/\/brainsuite.ai\/de\/wp-json\/wp\/v2\/comments?post=66"}],"version-history":[{"count":15,"href":"https:\/\/brainsuite.ai\/de\/wp-json\/wp\/v2\/pages\/66\/revisions"}],"predecessor-version":[{"id":4681,"href":"https:\/\/brainsuite.ai\/de\/wp-json\/wp\/v2\/pages\/66\/revisions\/4681"}],"wp:attachment":[{"href":"https:\/\/brainsuite.ai\/de\/wp-json\/wp\/v2\/media?parent=66"}],"curies":[{"name":"wp","href":"https:\/\/api.w.org\/{rel}","templated":true}]}}