{"id":74,"date":"2025-09-23T14:53:53","date_gmt":"2025-09-23T12:53:53","guid":{"rendered":"https:\/\/brainsuite.ai\/?page_id=74"},"modified":"2026-01-13T14:15:33","modified_gmt":"2026-01-13T13:15:33","slug":"demo","status":"publish","type":"page","link":"https:\/\/brainsuite.ai\/de\/demo\/","title":{"rendered":"Demo"},"content":{"rendered":"<section class=\"bde-section-74-100 bde-section\">\n  \n  \n\t\n\n\n\n<div class=\"section-container\"><h1 class=\"bde-heading-74-101 bde-heading\">\nSteigern Sie Ihren Marketing-ROI mit KI \u2013 Erleben Sie <mark> Brainsuite <\/mark> in Aktion\n<\/h1><h4 class=\"bde-heading-74-102 bde-heading\">\nBuchen Sie eine kostenlose 30-min\u00fctige Demo und erzielen Sie h\u00f6here <br>Marketing-Ergebnisse \u2013 wissenschaftlich fundiert durch KI.\n<\/h4><\/div>\n<\/section><section class=\"bde-section-74-103 bde-section\">\n  \n  \n\t\n\n\n\n<div class=\"section-container\"><div class=\"bde-columns-74-104 bde-columns\"><div class=\"bde-column-74-105 bde-column\">\n  \n  \n\t\n\n\n\n<h3 class=\"bde-heading-74-107 bde-heading\">\nErfahren Sie, wie f\u00fchrende Marken weltweit Brainsuite einsetzen: \n<\/h3><div class=\"bde-checkmark-list-74-108 bde-checkmark-list\">\n<ul>\n  \n              \n              \n    <li>\n      <span class='bde-checkmark-list__icon bde-checkmark-list__icon_yes '>\n                  <svg xmlns=\"http:\/\/www.w3.org\/2000\/svg\" viewBox=\"0 0 24 24\"><path d=\"M18.71,7.21a1,1,0,0,0-1.42,0L9.84,14.67,6.71,11.53A1,1,0,1,0,5.29,13l3.84,3.84a1,1,0,0,0,1.42,0l8.16-8.16A1,1,0,0,0,18.71,7.21Z\"\/><\/svg>\n              <\/span>\n      <div >\n        <strong> Maximieren Sie die kreative Wirkung <\/strong> Ihrer Assets mit pr\u00e4diktiver KI.\n      <\/div>\n\n    <\/li>\n\n  \n              \n              \n    <li>\n      <span class='bde-checkmark-list__icon bde-checkmark-list__icon_yes '>\n                  <svg xmlns=\"http:\/\/www.w3.org\/2000\/svg\" viewBox=\"0 0 24 24\"><path d=\"M18.71,7.21a1,1,0,0,0-1.42,0L9.84,14.67,6.71,11.53A1,1,0,1,0,5.29,13l3.84,3.84a1,1,0,0,0,1.42,0l8.16-8.16A1,1,0,0,0,18.71,7.21Z\"\/><\/svg>\n              <\/span>\n      <div >\n        <strong>Treffen Sie Entscheidungen mit datengest\u00fctzter Insights <\/strong> statt reiner Intuition.\n      <\/div>\n\n    <\/li>\n\n  \n              \n              \n    <li>\n      <span class='bde-checkmark-list__icon bde-checkmark-list__icon_yes '>\n                  <svg xmlns=\"http:\/\/www.w3.org\/2000\/svg\" viewBox=\"0 0 24 24\"><path d=\"M18.71,7.21a1,1,0,0,0-1.42,0L9.84,14.67,6.71,11.53A1,1,0,1,0,5.29,13l3.84,3.84a1,1,0,0,0,1.42,0l8.16-8.16A1,1,0,0,0,18.71,7.21Z\"\/><\/svg>\n              <\/span>\n      <div >\n        <strong>Nutzen Sie Benchmarks und Best Practices, <\/strong> um sich gezielt vom Wettbewerb abzuheben.\n      <\/div>\n\n    <\/li>\n\n  \n              \n              \n    <li>\n      <span class='bde-checkmark-list__icon bde-checkmark-list__icon_yes '>\n                  <svg xmlns=\"http:\/\/www.w3.org\/2000\/svg\" viewBox=\"0 0 24 24\"><path d=\"M18.71,7.21a1,1,0,0,0-1.42,0L9.84,14.67,6.71,11.53A1,1,0,1,0,5.29,13l3.84,3.84a1,1,0,0,0,1.42,0l8.16-8.16A1,1,0,0,0,18.71,7.21Z\"\/><\/svg>\n              <\/span>\n      <div >\n        <strong>Testen und optimieren Sie entlang des gesamten kreativen Workflows <\/strong>\u2013 vom ersten Entwurf bis zur finalen Ausspielung.\n      <\/div>\n\n    <\/li>\n\n  \n              \n              \n    <li>\n      <span class='bde-checkmark-list__icon bde-checkmark-list__icon_yes '>\n                  <svg xmlns=\"http:\/\/www.w3.org\/2000\/svg\" viewBox=\"0 0 24 24\"><path d=\"M18.71,7.21a1,1,0,0,0-1.42,0L9.84,14.67,6.71,11.53A1,1,0,1,0,5.29,13l3.84,3.84a1,1,0,0,0,1.42,0l8.16-8.16A1,1,0,0,0,18.71,7.21Z\"\/><\/svg>\n              <\/span>\n      <div >\n        <strong>Steigern Sie Ihren ROAS <\/strong> mit klaren, umsetzbaren Empfehlungen \u2013 basierend auf dem, was nachweislich wirkt.\n      <\/div>\n\n    <\/li>\n\n  <\/ul>\n\n<\/div>\n<\/div><div class=\"bde-column-74-106 bde-column\">\n  \n  \n\t\n\n\n\n<div class=\"bde-code-block-74-124 bde-code-block bs-form\">\n\n  <script charset=\"utf-8\" type=\"text\/javascript\" src=\"\/\/js-eu1.hsforms.net\/forms\/embed\/v2.js\"><\/script>\n<script>\n  hbspt.forms.create({\n    portalId: \"25232834\",\n    formId: \"12c86b1f-9a87-4026-a1a7-4c10ca63d84b\",\n    region: \"eu1\"\n  });\n<\/script>\n\n\n<\/div>\n<\/div><\/div><\/div>\n<\/section><section class=\"bde-section-74-109 bde-section\">\n  \n  \n\t\n\n\n\n<div class=\"section-container\"><h2 class=\"bde-heading-74-110 bde-heading\">\nWeltweit vertrauen uns <mark> 400+ <\/mark> Marken in <mark>30+<\/mark> L\u00e4ndern\n<\/h2><div class=\"bde-logo-list-74-111 bde-logo-list gradient-overlay__both un-image-carousel-container\">\n\n  <div class=\"un-logo-bar__marquee-content carousel-type__stop-on-hover\">\n                            <div class=\"un-logo-bar__logo-wrapper\">\n          <img loading=\"lazy\" decoding=\"async\" class=\"breakdance-image-object\" src=\"https:\/\/brainsuite.ai\/wp-content\/uploads\/2025\/10\/cart_logo_white.webp\" width=\"231\" height=\"181\" sizes=\"auto, (max-width: 231px) 100vw, 231px\">\n        <\/div>\n                              <div class=\"un-logo-bar__logo-wrapper\">\n          <img loading=\"lazy\" decoding=\"async\" class=\"breakdance-image-object\" src=\"https:\/\/brainsuite.ai\/wp-content\/uploads\/2025\/10\/DesignohneTitel6.webp\" width=\"181\" height=\"94\" sizes=\"auto, (max-width: 181px) 100vw, 181px\">\n        <\/div>\n                              <div class=\"un-logo-bar__logo-wrapper\">\n          <img loading=\"lazy\" decoding=\"async\" class=\"breakdance-image-object\" src=\"https:\/\/brainsuite.ai\/wp-content\/uploads\/2025\/10\/ebay_logo_white.webp\" width=\"189\" height=\"181\" sizes=\"auto, (max-width: 189px) 100vw, 189px\">\n        <\/div>\n                              <div class=\"un-logo-bar__logo-wrapper\">\n          <img loading=\"lazy\" decoding=\"async\" class=\"breakdance-image-object\" src=\"https:\/\/brainsuite.ai\/wp-content\/uploads\/2025\/10\/henkel_logo_dusky_blue.webp\" width=\"161\" height=\"181\" sizes=\"auto, (max-width: 161px) 100vw, 161px\">\n        <\/div>\n                              <div class=\"un-logo-bar__logo-wrapper\">\n          <img loading=\"lazy\" decoding=\"async\" class=\"breakdance-image-object\" src=\"https:\/\/brainsuite.ai\/wp-content\/uploads\/2025\/10\/KeinTitel382x188px1.webp\" width=\"382\" height=\"188\" srcset=\"https:\/\/brainsuite.ai\/wp-content\/uploads\/2025\/10\/KeinTitel382x188px1.webp 382w, https:\/\/brainsuite.ai\/wp-content\/uploads\/2025\/10\/KeinTitel382x188px1-300x148.webp 300w\" sizes=\"auto, (max-width: 382px) 100vw, 382px\">\n        <\/div>\n                              <div class=\"un-logo-bar__logo-wrapper\">\n          <img loading=\"lazy\" decoding=\"async\" class=\"breakdance-image-object\" src=\"https:\/\/brainsuite.ai\/wp-content\/uploads\/2025\/10\/kenvue_logo_white.webp\" width=\"275\" height=\"181\" sizes=\"auto, (max-width: 275px) 100vw, 275px\">\n        <\/div>\n                              <div class=\"un-logo-bar__logo-wrapper\">\n          <img loading=\"lazy\" decoding=\"async\" class=\"breakdance-image-object\" src=\"https:\/\/brainsuite.ai\/wp-content\/uploads\/2025\/10\/pepsico_logo_white.webp\" width=\"341\" height=\"181\" srcset=\"https:\/\/brainsuite.ai\/wp-content\/uploads\/2025\/10\/pepsico_logo_white.webp 341w, https:\/\/brainsuite.ai\/wp-content\/uploads\/2025\/10\/pepsico_logo_white-300x159.webp 300w\" sizes=\"auto, (max-width: 341px) 100vw, 341px\">\n        <\/div>\n                                        <div class=\"un-logo-bar__logo-wrapper\">\n          <img loading=\"lazy\" decoding=\"async\" class=\"breakdance-image-object\" src=\"https:\/\/brainsuite.ai\/wp-content\/uploads\/2025\/10\/cart_logo_white.webp\" width=\"231\" height=\"181\" sizes=\"auto, (max-width: 231px) 100vw, 231px\">\n        <\/div>\n                              <div class=\"un-logo-bar__logo-wrapper\">\n          <img loading=\"lazy\" decoding=\"async\" class=\"breakdance-image-object\" src=\"https:\/\/brainsuite.ai\/wp-content\/uploads\/2025\/10\/DesignohneTitel6.webp\" width=\"181\" height=\"94\" sizes=\"auto, (max-width: 181px) 100vw, 181px\">\n        <\/div>\n                              <div class=\"un-logo-bar__logo-wrapper\">\n          <img loading=\"lazy\" decoding=\"async\" class=\"breakdance-image-object\" src=\"https:\/\/brainsuite.ai\/wp-content\/uploads\/2025\/10\/ebay_logo_white.webp\" width=\"189\" height=\"181\" sizes=\"auto, (max-width: 189px) 100vw, 189px\">\n        <\/div>\n                              <div class=\"un-logo-bar__logo-wrapper\">\n          <img loading=\"lazy\" decoding=\"async\" class=\"breakdance-image-object\" src=\"https:\/\/brainsuite.ai\/wp-content\/uploads\/2025\/10\/henkel_logo_dusky_blue.webp\" width=\"161\" height=\"181\" sizes=\"auto, (max-width: 161px) 100vw, 161px\">\n        <\/div>\n                              <div class=\"un-logo-bar__logo-wrapper\">\n          <img loading=\"lazy\" decoding=\"async\" class=\"breakdance-image-object\" src=\"https:\/\/brainsuite.ai\/wp-content\/uploads\/2025\/10\/KeinTitel382x188px1.webp\" width=\"382\" height=\"188\" srcset=\"https:\/\/brainsuite.ai\/wp-content\/uploads\/2025\/10\/KeinTitel382x188px1.webp 382w, https:\/\/brainsuite.ai\/wp-content\/uploads\/2025\/10\/KeinTitel382x188px1-300x148.webp 300w\" sizes=\"auto, (max-width: 382px) 100vw, 382px\">\n        <\/div>\n                              <div class=\"un-logo-bar__logo-wrapper\">\n          <img loading=\"lazy\" decoding=\"async\" class=\"breakdance-image-object\" src=\"https:\/\/brainsuite.ai\/wp-content\/uploads\/2025\/10\/kenvue_logo_white.webp\" width=\"275\" height=\"181\" sizes=\"auto, (max-width: 275px) 100vw, 275px\">\n        <\/div>\n                              <div class=\"un-logo-bar__logo-wrapper\">\n          <img loading=\"lazy\" decoding=\"async\" class=\"breakdance-image-object\" src=\"https:\/\/brainsuite.ai\/wp-content\/uploads\/2025\/10\/pepsico_logo_white.webp\" width=\"341\" height=\"181\" srcset=\"https:\/\/brainsuite.ai\/wp-content\/uploads\/2025\/10\/pepsico_logo_white.webp 341w, https:\/\/brainsuite.ai\/wp-content\/uploads\/2025\/10\/pepsico_logo_white-300x159.webp 300w\" sizes=\"auto, (max-width: 341px) 100vw, 341px\">\n        <\/div>\n                                        <div class=\"un-logo-bar__logo-wrapper\">\n          <img loading=\"lazy\" decoding=\"async\" class=\"breakdance-image-object\" src=\"https:\/\/brainsuite.ai\/wp-content\/uploads\/2025\/10\/cart_logo_white.webp\" width=\"231\" height=\"181\" sizes=\"auto, (max-width: 231px) 100vw, 231px\">\n        <\/div>\n                              <div class=\"un-logo-bar__logo-wrapper\">\n          <img loading=\"lazy\" decoding=\"async\" class=\"breakdance-image-object\" src=\"https:\/\/brainsuite.ai\/wp-content\/uploads\/2025\/10\/DesignohneTitel6.webp\" width=\"181\" height=\"94\" sizes=\"auto, (max-width: 181px) 100vw, 181px\">\n        <\/div>\n                              <div class=\"un-logo-bar__logo-wrapper\">\n          <img loading=\"lazy\" decoding=\"async\" class=\"breakdance-image-object\" src=\"https:\/\/brainsuite.ai\/wp-content\/uploads\/2025\/10\/ebay_logo_white.webp\" width=\"189\" height=\"181\" sizes=\"auto, (max-width: 189px) 100vw, 189px\">\n        <\/div>\n                              <div class=\"un-logo-bar__logo-wrapper\">\n          <img loading=\"lazy\" decoding=\"async\" class=\"breakdance-image-object\" src=\"https:\/\/brainsuite.ai\/wp-content\/uploads\/2025\/10\/henkel_logo_dusky_blue.webp\" width=\"161\" height=\"181\" sizes=\"auto, (max-width: 161px) 100vw, 161px\">\n        <\/div>\n                              <div class=\"un-logo-bar__logo-wrapper\">\n          <img loading=\"lazy\" decoding=\"async\" class=\"breakdance-image-object\" src=\"https:\/\/brainsuite.ai\/wp-content\/uploads\/2025\/10\/KeinTitel382x188px1.webp\" width=\"382\" height=\"188\" srcset=\"https:\/\/brainsuite.ai\/wp-content\/uploads\/2025\/10\/KeinTitel382x188px1.webp 382w, https:\/\/brainsuite.ai\/wp-content\/uploads\/2025\/10\/KeinTitel382x188px1-300x148.webp 300w\" sizes=\"auto, (max-width: 382px) 100vw, 382px\">\n        <\/div>\n                              <div class=\"un-logo-bar__logo-wrapper\">\n          <img loading=\"lazy\" decoding=\"async\" class=\"breakdance-image-object\" src=\"https:\/\/brainsuite.ai\/wp-content\/uploads\/2025\/10\/kenvue_logo_white.webp\" width=\"275\" height=\"181\" sizes=\"auto, (max-width: 275px) 100vw, 275px\">\n        <\/div>\n                              <div class=\"un-logo-bar__logo-wrapper\">\n          <img loading=\"lazy\" decoding=\"async\" class=\"breakdance-image-object\" src=\"https:\/\/brainsuite.ai\/wp-content\/uploads\/2025\/10\/pepsico_logo_white.webp\" width=\"341\" height=\"181\" srcset=\"https:\/\/brainsuite.ai\/wp-content\/uploads\/2025\/10\/pepsico_logo_white.webp 341w, https:\/\/brainsuite.ai\/wp-content\/uploads\/2025\/10\/pepsico_logo_white-300x159.webp 300w\" sizes=\"auto, (max-width: 341px) 100vw, 341px\">\n        <\/div>\n                                        <div class=\"un-logo-bar__logo-wrapper\">\n          <img loading=\"lazy\" decoding=\"async\" class=\"breakdance-image-object\" src=\"https:\/\/brainsuite.ai\/wp-content\/uploads\/2025\/10\/cart_logo_white.webp\" width=\"231\" height=\"181\" sizes=\"auto, (max-width: 231px) 100vw, 231px\">\n        <\/div>\n                              <div class=\"un-logo-bar__logo-wrapper\">\n          <img loading=\"lazy\" decoding=\"async\" class=\"breakdance-image-object\" src=\"https:\/\/brainsuite.ai\/wp-content\/uploads\/2025\/10\/DesignohneTitel6.webp\" width=\"181\" height=\"94\" sizes=\"auto, (max-width: 181px) 100vw, 181px\">\n        <\/div>\n                              <div class=\"un-logo-bar__logo-wrapper\">\n          <img loading=\"lazy\" decoding=\"async\" class=\"breakdance-image-object\" src=\"https:\/\/brainsuite.ai\/wp-content\/uploads\/2025\/10\/ebay_logo_white.webp\" width=\"189\" height=\"181\" sizes=\"auto, (max-width: 189px) 100vw, 189px\">\n        <\/div>\n                              <div class=\"un-logo-bar__logo-wrapper\">\n          <img loading=\"lazy\" decoding=\"async\" class=\"breakdance-image-object\" src=\"https:\/\/brainsuite.ai\/wp-content\/uploads\/2025\/10\/henkel_logo_dusky_blue.webp\" width=\"161\" height=\"181\" sizes=\"auto, (max-width: 161px) 100vw, 161px\">\n        <\/div>\n                              <div class=\"un-logo-bar__logo-wrapper\">\n          <img loading=\"lazy\" decoding=\"async\" class=\"breakdance-image-object\" src=\"https:\/\/brainsuite.ai\/wp-content\/uploads\/2025\/10\/KeinTitel382x188px1.webp\" width=\"382\" height=\"188\" srcset=\"https:\/\/brainsuite.ai\/wp-content\/uploads\/2025\/10\/KeinTitel382x188px1.webp 382w, https:\/\/brainsuite.ai\/wp-content\/uploads\/2025\/10\/KeinTitel382x188px1-300x148.webp 300w\" sizes=\"auto, (max-width: 382px) 100vw, 382px\">\n        <\/div>\n                              <div class=\"un-logo-bar__logo-wrapper\">\n          <img loading=\"lazy\" decoding=\"async\" class=\"breakdance-image-object\" src=\"https:\/\/brainsuite.ai\/wp-content\/uploads\/2025\/10\/kenvue_logo_white.webp\" width=\"275\" height=\"181\" sizes=\"auto, (max-width: 275px) 100vw, 275px\">\n        <\/div>\n                              <div class=\"un-logo-bar__logo-wrapper\">\n          <img loading=\"lazy\" decoding=\"async\" class=\"breakdance-image-object\" src=\"https:\/\/brainsuite.ai\/wp-content\/uploads\/2025\/10\/pepsico_logo_white.webp\" width=\"341\" height=\"181\" srcset=\"https:\/\/brainsuite.ai\/wp-content\/uploads\/2025\/10\/pepsico_logo_white.webp 341w, https:\/\/brainsuite.ai\/wp-content\/uploads\/2025\/10\/pepsico_logo_white-300x159.webp 300w\" sizes=\"auto, (max-width: 341px) 100vw, 341px\">\n        <\/div>\n                                        <div class=\"un-logo-bar__logo-wrapper\">\n          <img loading=\"lazy\" decoding=\"async\" class=\"breakdance-image-object\" src=\"https:\/\/brainsuite.ai\/wp-content\/uploads\/2025\/10\/cart_logo_white.webp\" width=\"231\" height=\"181\" sizes=\"auto, (max-width: 231px) 100vw, 231px\">\n        <\/div>\n                              <div class=\"un-logo-bar__logo-wrapper\">\n          <img loading=\"lazy\" decoding=\"async\" class=\"breakdance-image-object\" src=\"https:\/\/brainsuite.ai\/wp-content\/uploads\/2025\/10\/DesignohneTitel6.webp\" width=\"181\" height=\"94\" sizes=\"auto, (max-width: 181px) 100vw, 181px\">\n        <\/div>\n                              <div class=\"un-logo-bar__logo-wrapper\">\n          <img loading=\"lazy\" decoding=\"async\" class=\"breakdance-image-object\" src=\"https:\/\/brainsuite.ai\/wp-content\/uploads\/2025\/10\/ebay_logo_white.webp\" width=\"189\" height=\"181\" sizes=\"auto, (max-width: 189px) 100vw, 189px\">\n        <\/div>\n                              <div class=\"un-logo-bar__logo-wrapper\">\n          <img loading=\"lazy\" decoding=\"async\" class=\"breakdance-image-object\" src=\"https:\/\/brainsuite.ai\/wp-content\/uploads\/2025\/10\/henkel_logo_dusky_blue.webp\" width=\"161\" height=\"181\" sizes=\"auto, (max-width: 161px) 100vw, 161px\">\n        <\/div>\n                              <div class=\"un-logo-bar__logo-wrapper\">\n          <img loading=\"lazy\" decoding=\"async\" class=\"breakdance-image-object\" src=\"https:\/\/brainsuite.ai\/wp-content\/uploads\/2025\/10\/KeinTitel382x188px1.webp\" width=\"382\" height=\"188\" srcset=\"https:\/\/brainsuite.ai\/wp-content\/uploads\/2025\/10\/KeinTitel382x188px1.webp 382w, https:\/\/brainsuite.ai\/wp-content\/uploads\/2025\/10\/KeinTitel382x188px1-300x148.webp 300w\" sizes=\"auto, (max-width: 382px) 100vw, 382px\">\n        <\/div>\n                              <div class=\"un-logo-bar__logo-wrapper\">\n          <img loading=\"lazy\" decoding=\"async\" class=\"breakdance-image-object\" src=\"https:\/\/brainsuite.ai\/wp-content\/uploads\/2025\/10\/kenvue_logo_white.webp\" width=\"275\" height=\"181\" sizes=\"auto, (max-width: 275px) 100vw, 275px\">\n        <\/div>\n                              <div class=\"un-logo-bar__logo-wrapper\">\n          <img loading=\"lazy\" decoding=\"async\" class=\"breakdance-image-object\" src=\"https:\/\/brainsuite.ai\/wp-content\/uploads\/2025\/10\/pepsico_logo_white.webp\" width=\"341\" height=\"181\" srcset=\"https:\/\/brainsuite.ai\/wp-content\/uploads\/2025\/10\/pepsico_logo_white.webp 341w, https:\/\/brainsuite.ai\/wp-content\/uploads\/2025\/10\/pepsico_logo_white-300x159.webp 300w\" sizes=\"auto, (max-width: 341px) 100vw, 341px\">\n        <\/div>\n                                        <div class=\"un-logo-bar__logo-wrapper\">\n          <img loading=\"lazy\" decoding=\"async\" class=\"breakdance-image-object\" src=\"https:\/\/brainsuite.ai\/wp-content\/uploads\/2025\/10\/cart_logo_white.webp\" width=\"231\" height=\"181\" sizes=\"auto, (max-width: 231px) 100vw, 231px\">\n        <\/div>\n                              <div class=\"un-logo-bar__logo-wrapper\">\n          <img loading=\"lazy\" decoding=\"async\" class=\"breakdance-image-object\" src=\"https:\/\/brainsuite.ai\/wp-content\/uploads\/2025\/10\/DesignohneTitel6.webp\" width=\"181\" height=\"94\" sizes=\"auto, (max-width: 181px) 100vw, 181px\">\n        <\/div>\n                              <div class=\"un-logo-bar__logo-wrapper\">\n          <img loading=\"lazy\" decoding=\"async\" class=\"breakdance-image-object\" src=\"https:\/\/brainsuite.ai\/wp-content\/uploads\/2025\/10\/ebay_logo_white.webp\" width=\"189\" height=\"181\" sizes=\"auto, (max-width: 189px) 100vw, 189px\">\n        <\/div>\n                              <div class=\"un-logo-bar__logo-wrapper\">\n          <img loading=\"lazy\" decoding=\"async\" class=\"breakdance-image-object\" src=\"https:\/\/brainsuite.ai\/wp-content\/uploads\/2025\/10\/henkel_logo_dusky_blue.webp\" width=\"161\" height=\"181\" sizes=\"auto, (max-width: 161px) 100vw, 161px\">\n        <\/div>\n                              <div class=\"un-logo-bar__logo-wrapper\">\n          <img loading=\"lazy\" decoding=\"async\" class=\"breakdance-image-object\" src=\"https:\/\/brainsuite.ai\/wp-content\/uploads\/2025\/10\/KeinTitel382x188px1.webp\" width=\"382\" height=\"188\" srcset=\"https:\/\/brainsuite.ai\/wp-content\/uploads\/2025\/10\/KeinTitel382x188px1.webp 382w, https:\/\/brainsuite.ai\/wp-content\/uploads\/2025\/10\/KeinTitel382x188px1-300x148.webp 300w\" sizes=\"auto, (max-width: 382px) 100vw, 382px\">\n        <\/div>\n                              <div class=\"un-logo-bar__logo-wrapper\">\n          <img loading=\"lazy\" decoding=\"async\" class=\"breakdance-image-object\" src=\"https:\/\/brainsuite.ai\/wp-content\/uploads\/2025\/10\/kenvue_logo_white.webp\" width=\"275\" height=\"181\" sizes=\"auto, (max-width: 275px) 100vw, 275px\">\n        <\/div>\n                              <div class=\"un-logo-bar__logo-wrapper\">\n          <img loading=\"lazy\" decoding=\"async\" class=\"breakdance-image-object\" src=\"https:\/\/brainsuite.ai\/wp-content\/uploads\/2025\/10\/pepsico_logo_white.webp\" width=\"341\" height=\"181\" srcset=\"https:\/\/brainsuite.ai\/wp-content\/uploads\/2025\/10\/pepsico_logo_white.webp 341w, https:\/\/brainsuite.ai\/wp-content\/uploads\/2025\/10\/pepsico_logo_white-300x159.webp 300w\" sizes=\"auto, (max-width: 341px) 100vw, 341px\">\n        <\/div>\n                      <\/div>\n<\/div><\/div>\n<\/section><section class=\"bde-section-74-112 bde-section\">\n  \n  \n\t\n\n\n\n<div class=\"section-container\"><div class=\"bde-columns-74-113 bde-columns\"><div class=\"bde-column-74-114 bde-column\">\n  \n  \n\t\n\n\n\n<h2 class=\"bde-heading-74-116 bde-heading\">\n\u201eUnser Ziel mit Brainsuite ist klar: Marken sollen wissen, was wirkt \u2013 bevor Assets live gehen.\u201c\n<\/h2><div class=\"bde-text-74-117 bde-text\">\n<strong>Dr. Christian Scheier, <\/strong>  Co-Founder, CAIO | Chief AI Officer\n<\/div>\n<\/div><div class=\"bde-column-74-115 bde-column\">\n  \n  \n\t\n\n\n\n<img decoding=\"async\" class=\"bde-image2-74-118 bde-image2\" src=\"https:\/\/brainsuite.ai\/wp-content\/uploads\/2025\/10\/7654588d-e563-490b-9940-d900c6a6dc3e.webp\" loading=\"lazy\" srcset=\"https:\/\/brainsuite.ai\/wp-content\/uploads\/2025\/10\/7654588d-e563-490b-9940-d900c6a6dc3e.webp 750w, https:\/\/brainsuite.ai\/wp-content\/uploads\/2025\/10\/7654588d-e563-490b-9940-d900c6a6dc3e-242x300.webp 242w\" sizes=\"(max-width: 750px) 100vw, 750px\"><div class=\"bde-div-74-125 bde-div\">\n  \n  \n\t\n\n\n\n\n<\/div><div class=\"bde-div-74-126 bde-div\">\n  \n  \n\t\n\n\n\n\n<\/div>\n<\/div><\/div><\/div>\n<\/section><section class=\"bde-section-74-120 bde-section\">\n  \n  \n\t\n\n\n\n<div class=\"section-container\"><h3 class=\"bde-heading-74-121 bde-heading\">\nBrainsuite Newsletter:<br>KI-Marketingwissen direkt in Ihr Postfach\n<\/h3><div class=\"bde-text-74-122 bde-text\">\nJetzt abonnieren und regelm\u00e4\u00dfig informiert bleiben \u00fcber Innovationen, Events und Best Practices aus der Welt des KI-gest\u00fctzten Marketings.<br>\n<\/div><div class=\"bde-button-74-123 bde-button w-100-m\">\n    \n                        \n                        \n    \n    \n    \n    \n            \n                    \n            \n            \n\n    \n    \n    \n    \n    \n    <a class=\"breakdance-link button-atom button-atom--secondary bde-button__button\" href=\"\/de\/newsletter-de\" target=\"_self\" data-type=\"url\"  >\n\n    \n        <span class=\"button-atom__text\">Jetzt abonnieren<\/span>\n\n        \n        \n                <\/a>\n\n    \n\n\n<\/div><\/div>\n<\/section>","protected":false},"excerpt":{"rendered":"<p>Steigern Sie Ihren Marketing-ROI mit KI \u2013 Erleben Sie Brainsuite in Aktion Buchen Sie eine kostenlose 30-min\u00fctige Demo und erzielen Sie h\u00f6here Marketing-Ergebnisse \u2013 wissenschaftlich fundiert durch KI. Erfahren Sie, wie f\u00fchrende Marken weltweit Brainsuite einsetzen: Maximieren Sie die kreative Wirkung Ihrer Assets mit pr\u00e4diktiver KI. Treffen Sie Entscheidungen mit datengest\u00fctzter Insights statt reiner Intuition. [&hellip;]<\/p>\n","protected":false},"author":5,"featured_media":0,"parent":0,"menu_order":0,"comment_status":"closed","ping_status":"closed","template":"","meta":{"_breakdance_hide_in_design_set":false,"_breakdance_tags":"","footnotes":""},"class_list":["post-74","page","type-page","status-publish","hentry"],"_links":{"self":[{"href":"https:\/\/brainsuite.ai\/de\/wp-json\/wp\/v2\/pages\/74","targetHints":{"allow":["GET"]}}],"collection":[{"href":"https:\/\/brainsuite.ai\/de\/wp-json\/wp\/v2\/pages"}],"about":[{"href":"https:\/\/brainsuite.ai\/de\/wp-json\/wp\/v2\/types\/page"}],"author":[{"embeddable":true,"href":"https:\/\/brainsuite.ai\/de\/wp-json\/wp\/v2\/users\/5"}],"replies":[{"embeddable":true,"href":"https:\/\/brainsuite.ai\/de\/wp-json\/wp\/v2\/comments?post=74"}],"version-history":[{"count":10,"href":"https:\/\/brainsuite.ai\/de\/wp-json\/wp\/v2\/pages\/74\/revisions"}],"predecessor-version":[{"id":3624,"href":"https:\/\/brainsuite.ai\/de\/wp-json\/wp\/v2\/pages\/74\/revisions\/3624"}],"wp:attachment":[{"href":"https:\/\/brainsuite.ai\/de\/wp-json\/wp\/v2\/media?parent=74"}],"curies":[{"name":"wp","href":"https:\/\/api.w.org\/{rel}","templated":true}]}}