{"id":76,"date":"2025-09-23T14:50:21","date_gmt":"2025-09-23T12:50:21","guid":{"rendered":"https:\/\/brainsuite.ai\/?page_id=76"},"modified":"2026-04-13T15:55:26","modified_gmt":"2026-04-13T13:55:26","slug":"digital-banner","status":"publish","type":"page","link":"https:\/\/brainsuite.ai\/de\/digital-banner\/","title":{"rendered":"Digital Banner"},"content":{"rendered":"<section class=\"bde-section-76-101 bde-section\">\n  \n  \n\t\n\n\n\n<div class=\"section-container\"><div class=\"bde-columns-76-102 bde-columns\"><div class=\"bde-column-76-103 bde-column\">\n  \n  \n\t\n\n\n\n<h1 class=\"bde-heading-76-104 bde-heading\">\nDigitale Werbemittel gezielt testen \u2013 bevor sie ausgespielt werden\n<\/h1><div class=\"bde-rich-text-76-105 bde-rich-text breakdance-rich-text-styles\">\nOptimieren Sie Banner, E-Mails und Visuals bereits im Vorfeld. So stellen Sie sicher, dass Ihre Kampagnen auffallen, die gew\u00fcnschte Botschaft transportieren \u2013 und sich Ihre Investitionen in Form von ROI auszahlen.\n<\/div><div class=\"bde-button-76-106 bde-button w-100-m\">\n    \n                                    \n    \n    \n    \n    \n            \n                    \n            \n            \n\n    \n    \n    \n    \n    \n    <a class=\"breakdance-link button-atom button-atom--primary bde-button__button\" href=\"\/de\/demo\/\" target=\"_self\" data-type=\"url\"  >\n\n    \n        <span class=\"button-atom__text\">Demo buchen<\/span>\n\n        \n        \n                <\/a>\n\n    \n\n\n<\/div>\n<\/div><div class=\"bde-column-76-107 bde-column\">\n  \n  \n\t\n\n\n\n<img decoding=\"async\" class=\"bde-image2-76-108 bde-image2\" src=\"https:\/\/brainsuite.ai\/wp-content\/uploads\/2025\/10\/ACEDigital-1-e1759419103913.webp\" loading=\"lazy\" sizes=\"(max-width: 901px) 100vw, 901px\">\n<\/div><\/div><\/div>\n<\/section><section class=\"bde-section-76-109 bde-section\">\n  \n  \n\t\n\n\n\n<div class=\"section-container\"><h2 class=\"bde-heading-76-110 bde-heading\">\nKreative Sicherheit statt Bauchgef\u00fchl. Brainsuite sorgt daf\u00fcr, dass Ihre Ads wirken \u2013 bevor sie live gehen\n<\/h2><\/div>\n<\/section><section class=\"bde-section-76-111 bde-section\">\n  \n  \n\t\n\n\n\n<div class=\"section-container\"><div class=\"bde-columns-76-112 bde-columns\"><div class=\"bde-column-76-113 bde-column\">\n  \n  \n\t\n\n\n\n<img decoding=\"async\" class=\"bde-image2-76-114 bde-image2\" src=\"https:\/\/brainsuite.ai\/wp-content\/uploads\/2025\/10\/bestroicreativeassets.webp\" loading=\"lazy\" srcset=\"https:\/\/brainsuite.ai\/wp-content\/uploads\/2025\/10\/bestroicreativeassets.webp 1000w, https:\/\/brainsuite.ai\/wp-content\/uploads\/2025\/10\/bestroicreativeassets-300x261.webp 300w, https:\/\/brainsuite.ai\/wp-content\/uploads\/2025\/10\/bestroicreativeassets-768x669.webp 768w\" sizes=\"(max-width: 1000px) 100vw, 1000px\">\n<\/div><div class=\"bde-column-76-115 bde-column\">\n  \n  \n\t\n\n\n\n<h2 class=\"bde-heading-76-116 bde-heading\">\nWissenschaftlich fundiert. Auf Wirkung programmiert.\n<\/h2><div class=\"bde-rich-text-76-117 bde-rich-text breakdance-rich-text-styles\">\n<p>Ace Digital basiert auf \u00fcber einer Milliarde Datenpunkten und vereint neurowissenschaftliche Erkenntnisse mit KI-gest\u00fctzter Analyse. Ziel ist es, die zentralen Treiber digitaler Werbewirkung zu identifizieren: <strong>Aufmerksamkeit, Branding, Wahrnehmung, Emotionale Aktivierung, \u00dcberzeugungskraft.<\/strong><\/p><p>Durch die Analyse, wie das menschliche Gehirn Inhalte visuell und kognitiv verarbeitet, liefert Brainsuite pr\u00e4zise Empfehlungen zur Optimierung \u2013 f\u00fcr Werbemittel, die auf den ersten Blick \u00fcberzeugen.<\/p>\n<\/div>\n<\/div><\/div><\/div>\n<\/section><section class=\"bde-section-76-118 bde-section\">\n  \n  \n\t\n\n\n\n<div class=\"section-container\"><div class=\"bde-columns-76-119 bde-columns\"><div class=\"bde-column-76-120 bde-column\">\n  \n  \n\t\n\n\n\n<div class=\"bde-image-box-76-121 bde-image-box bde-image-box-content-padding-only\">\n<div class=\"ee-imagebox-image\">\n  <img loading=\"lazy\" decoding=\"async\" class=\"breakdance-image-object\" src=\"https:\/\/brainsuite.ai\/wp-content\/uploads\/2025\/10\/laptop_screen_brainsuite-scaled-e1759391124966.webp\" width=\"401\" height=\"600\" sizes=\"auto, (max-width: 401px) 100vw, 401px\">\n<\/div>\n<div class=\"ee-imagebox-content\">\n      <h3 class=\"ee-imagebox-title bde-h3\" >Marketing-Teams<\/h3>\n    \n      <div class=\"ee-imagebox-text\" >Starten Sie nur mit Assets, die auf Conversion ausgerichtet und validiert sind \u2013 f\u00fcr maximale Kampagnenwirkung.<\/div>\n    \n  <\/div>\n\n<\/div>\n<\/div><div class=\"bde-column-76-122 bde-column\">\n  \n  \n\t\n\n\n\n<div class=\"bde-image-box-76-123 bde-image-box bde-image-box-content-padding-only\">\n<div class=\"ee-imagebox-image\">\n  <img loading=\"lazy\" decoding=\"async\" class=\"breakdance-image-object\" src=\"https:\/\/brainsuite.ai\/wp-content\/uploads\/2025\/10\/top-view-people-working-together-office-e1759391198257.webp\" width=\"900\" height=\"600\" sizes=\"auto, (max-width: 900px) 100vw, 900px\">\n<\/div>\n<div class=\"ee-imagebox-content\">\n      <h3 class=\"ee-imagebox-title bde-h3\" >Kreativ-Teams<\/h3>\n    \n      <div class=\"ee-imagebox-text\" >Nutzen Sie Echtzeit-Feedback zu Visuals, Layouts und Botschaften \u2013 und optimieren Sie bereits im Entstehungsprozess.<\/div>\n    \n  <\/div>\n\n<\/div>\n<\/div><div class=\"bde-column-76-124 bde-column\">\n  \n  \n\t\n\n\n\n<div class=\"bde-image-box-76-125 bde-image-box bde-image-box-content-padding-only\">\n<div class=\"ee-imagebox-image\">\n  <img loading=\"lazy\" decoding=\"async\" class=\"breakdance-image-object\" src=\"https:\/\/brainsuite.ai\/wp-content\/uploads\/2025\/10\/future-work-startup-team-modern-office-setting-e1759391264458.webp\" width=\"600\" height=\"600\" sizes=\"auto, (max-width: 600px) 100vw, 600px\">\n<\/div>\n<div class=\"ee-imagebox-content\">\n      <h3 class=\"ee-imagebox-title bde-h3\" >Agenturen<\/h3>\n    \n      <div class=\"ee-imagebox-text\" >Steigern Sie die Performance Ihrer Kreationen \u2013 mit messbarer Wirkung und datenbasierten Argumenten gegen\u00fcber Ihren Kunden.<\/div>\n    \n  <\/div>\n\n<\/div>\n<\/div><div class=\"bde-column-76-126 bde-column\">\n  \n  \n\t\n\n\n\n<div class=\"bde-image-box-76-127 bde-image-box bde-image-box-content-padding-only\">\n<div class=\"ee-imagebox-image\">\n  <img loading=\"lazy\" decoding=\"async\" class=\"breakdance-image-object\" src=\"https:\/\/brainsuite.ai\/wp-content\/uploads\/2025\/10\/Brainsuite_Cockpit_Ipad.webp\" width=\"750\" height=\"600\" srcset=\"https:\/\/brainsuite.ai\/wp-content\/uploads\/2025\/10\/Brainsuite_Cockpit_Ipad.webp 750w, https:\/\/brainsuite.ai\/wp-content\/uploads\/2025\/10\/Brainsuite_Cockpit_Ipad-300x240.webp 300w\" sizes=\"auto, (max-width: 750px) 100vw, 750px\">\n<\/div>\n<div class=\"ee-imagebox-content\">\n      <h3 class=\"ee-imagebox-title bde-h3\" >Brand Managers<\/h3>\n    \n      <div class=\"ee-imagebox-text\" >Sichern Sie Markenst\u00e4rke und Konsistenz \u00fcber s\u00e4mtliche digitale Touchpoints hinweg.<\/div>\n    \n  <\/div>\n\n<\/div>\n<\/div><\/div><\/div>\n<\/section><section class=\"bde-section-76-128 bde-section\">\n  \n  \n\t\n\n\n\n<div class=\"section-container\"><div class=\"bde-columns-76-129 bde-columns\"><div class=\"bde-column-76-130 bde-column\">\n  \n  \n\t\n\n\n\n<h2 class=\"bde-heading-76-131 bde-heading\">\nPerformance vorhersagen. Vor dem Launch.\n<\/h2><div class=\"bde-rich-text-76-132 bde-rich-text breakdance-rich-text-styles\">\n<div class=\"fe-block fe-block-af976cc6b9f7caa4a239\"><div id=\"block-af976cc6b9f7caa4a239\" class=\"sqs-block html-block sqs-block-html\" data-blend-mode=\"NORMAL\" data-block-type=\"2\" data-border-radii=\"{&quot;topLeft&quot;:{&quot;unit&quot;:&quot;px&quot;,&quot;value&quot;:0.0},&quot;topRight&quot;:{&quot;unit&quot;:&quot;px&quot;,&quot;value&quot;:0.0},&quot;bottomLeft&quot;:{&quot;unit&quot;:&quot;px&quot;,&quot;value&quot;:0.0},&quot;bottomRight&quot;:{&quot;unit&quot;:&quot;px&quot;,&quot;value&quot;:0.0}}\" data-sqsp-block=\"text\"><div class=\"sqs-block-content\"><div class=\"sqs-html-content\" data-sqsp-text-block-content=\"\"><p class=\"\"><span class=\"sqsrte-text-color--accent\">Mit Brainsuite testen Sie digitale Werbemittel, bevor Budgets freigegeben werden \u2013 und investieren nur in Assets, die nachweislich Aufmerksamkeit erzeugen und zum Handeln bewegen.<\/span><\/p><\/div><\/div><\/div><\/div>\n<\/div>\n<\/div><div class=\"bde-column-76-133 bde-column\">\n  \n  \n\t\n\n\n\n<img decoding=\"async\" class=\"bde-image2-76-134 bde-image2\" src=\"https:\/\/brainsuite.ai\/wp-content\/uploads\/2025\/10\/digitalads.webp\" loading=\"lazy\" srcset=\"https:\/\/brainsuite.ai\/wp-content\/uploads\/2025\/10\/digitalads.webp 1000w, https:\/\/brainsuite.ai\/wp-content\/uploads\/2025\/10\/digitalads-300x211.webp 300w, https:\/\/brainsuite.ai\/wp-content\/uploads\/2025\/10\/digitalads-768x540.webp 768w\" sizes=\"(max-width: 1000px) 100vw, 1000px\">\n<\/div><\/div><\/div>\n<\/section><section class=\"bde-section-76-135 bde-section\">\n  \n  \n\t\n\n\n\n<div class=\"section-container\"><div class=\"bde-columns-76-136 bde-columns\"><div class=\"bde-column-76-137 bde-column\">\n  \n  \n\t\n\n\n\n<img decoding=\"async\" class=\"bde-image2-76-138 bde-image2\" src=\"https:\/\/brainsuite.ai\/wp-content\/uploads\/2025\/10\/Screenshot2025-06-26141622.webp\" loading=\"lazy\" srcset=\"https:\/\/brainsuite.ai\/wp-content\/uploads\/2025\/10\/Screenshot2025-06-26141622.webp 750w, https:\/\/brainsuite.ai\/wp-content\/uploads\/2025\/10\/Screenshot2025-06-26141622-300x205.webp 300w\" sizes=\"(max-width: 750px) 100vw, 750px\">\n<\/div><div class=\"bde-column-76-139 bde-column\">\n  \n  \n\t\n\n\n\n<h2 class=\"bde-heading-76-140 bde-heading\">\nSichtbarkeit im digitalen Overload\n<\/h2><div class=\"bde-rich-text-76-141 bde-rich-text breakdance-rich-text-styles\">\nDigitale Werbeumfelder sind \u00fcberf\u00fcllt und umk\u00e4mpft. Brainsuite hilft Ihnen, die Elemente zu identifizieren, die Aufmerksamkeit generieren \u2013 damit Ihre Kampagne nicht untergeht, sondern durchdringt.\n<\/div>\n<\/div><\/div><\/div>\n<\/section><section class=\"bde-section-76-142 bde-section\">\n  \n  \n\t\n\n\n\n<div class=\"section-container\"><div class=\"bde-columns-76-143 bde-columns\"><div class=\"bde-column-76-144 bde-column\">\n  \n  \n\t\n\n\n\n<h2 class=\"bde-heading-76-145 bde-heading\">\nRelevanz \u00fcber alle Formate hinweg\n<\/h2><div class=\"bde-rich-text-76-146 bde-rich-text breakdance-rich-text-styles\">\nJede Plattform hat ihre eigenen Regeln \u2013 ob E-Mail, Social Media, E-Commerce oder Display. Brainsuite unterst\u00fctzt Sie dabei, Ihre Creatives zielgerichtet an kanal- und formatspezifische Best Practices anzupassen.\n<\/div>\n<\/div><div class=\"bde-column-76-147 bde-column\">\n  \n  \n\t\n\n\n\n<img decoding=\"async\" class=\"bde-image2-76-148 bde-image2\" src=\"https:\/\/brainsuite.ai\/wp-content\/uploads\/2025\/10\/digital_usecases.webp\" loading=\"lazy\" srcset=\"https:\/\/brainsuite.ai\/wp-content\/uploads\/2025\/10\/digital_usecases.webp 750w, https:\/\/brainsuite.ai\/wp-content\/uploads\/2025\/10\/digital_usecases-300x282.webp 300w\" sizes=\"(max-width: 750px) 100vw, 750px\">\n<\/div><\/div><\/div>\n<\/section><section class=\"bde-section-76-149 bde-section\">\n  \n  \n\t\n\n\n\n<div class=\"section-container\"><div class=\"bde-columns-76-150 bde-columns\"><div class=\"bde-column-76-151 bde-column\">\n  \n  \n\t\n\n\n\n<img decoding=\"async\" class=\"bde-image2-76-152 bde-image2\" src=\"https:\/\/brainsuite.ai\/wp-content\/uploads\/2025\/10\/increaseROIbypre-testingassets1.webp\" loading=\"lazy\" srcset=\"https:\/\/brainsuite.ai\/wp-content\/uploads\/2025\/10\/increaseROIbypre-testingassets1.webp 750w, https:\/\/brainsuite.ai\/wp-content\/uploads\/2025\/10\/increaseROIbypre-testingassets1-300x216.webp 300w\" sizes=\"(max-width: 750px) 100vw, 750px\">\n<\/div><div class=\"bde-column-76-153 bde-column\">\n  \n  \n\t\n\n\n\n<h2 class=\"bde-heading-76-154 bde-heading\">\nKreative Entscheidungen datenbasiert treffen\n<\/h2><div class=\"bde-rich-text-76-155 bde-rich-text breakdance-rich-text-styles\">\nVergleichen Sie Ihre Kampagneninhalte mit \u00fcber einer Million getesteter Werbemittel aus FMCG, Consumer Goods und Dienstleistungsbranchen. So gewinnen Sie sofort umsetzbare Erkenntnisse \u2013 und launchen mit einem gezielten Plan.\n<\/div>\n<\/div><\/div><\/div>\n<\/section><section class=\"bde-section-76-156 bde-section\">\n  \n  \n\t\n\n\n\n<div class=\"section-container\"><h2 class=\"bde-heading-76-157 bde-heading\">\nSo steigern f\u00fchrende Marken ihre Wirksamkeit mit Brainsuite\n<\/h2><div class=\"bde-post-list-76-174 bde-post-list single-page-recent-post\"><div class=\"bde-loop bde-loop-grid ee-posts ee-posts-grid\">    <article class=\"bde-loop-item ee-post\">\n                                <a class=\"bde-loop-item__image-link ee-post-image-link \" href=\"https:\/\/brainsuite.ai\/de\/resources\/brainsuite-holt-dr-katrin-kizilkan-als-head-of-marketing-an-bord\/\" aria-label=\"Brainsuite holt Dr. Katrin Kizilkan als Head of Marketing an Bord\">\n                <div class=\"bde-loop-item__image ee-post-image\">\n                    <img loading=\"lazy\" decoding=\"async\" width=\"1620\" height=\"1080\" src=\"https:\/\/brainsuite.ai\/wp-content\/uploads\/2026\/02\/Kopie-von-Blogpost_Vorschaubilder_Templates-25.png\" class=\"attachment-full size-full wp-post-image\" alt=\"\" srcset=\"https:\/\/brainsuite.ai\/wp-content\/uploads\/2026\/02\/Kopie-von-Blogpost_Vorschaubilder_Templates-25.png 1620w, https:\/\/brainsuite.ai\/wp-content\/uploads\/2026\/02\/Kopie-von-Blogpost_Vorschaubilder_Templates-25-300x200.png 300w, https:\/\/brainsuite.ai\/wp-content\/uploads\/2026\/02\/Kopie-von-Blogpost_Vorschaubilder_Templates-25-1024x683.png 1024w, https:\/\/brainsuite.ai\/wp-content\/uploads\/2026\/02\/Kopie-von-Blogpost_Vorschaubilder_Templates-25-768x512.png 768w, https:\/\/brainsuite.ai\/wp-content\/uploads\/2026\/02\/Kopie-von-Blogpost_Vorschaubilder_Templates-25-1536x1024.png 1536w\" sizes=\"auto, (max-width: 1620px) 100vw, 1620px\" \/>                <\/div>\n            <\/a>\n        \n        \n        <div class=\"bde-loop-item__wrap ee-post-wrap\">\n            \n                            <h3 class=\"ee-post-title\">\n                    <a class=\"bde-loop-item__title-link ee-post-title-link\" href=\"https:\/\/brainsuite.ai\/de\/resources\/brainsuite-holt-dr-katrin-kizilkan-als-head-of-marketing-an-bord\/\" >\n                        Brainsuite holt Dr. Katrin Kizilkan als Head of Marketing an Bord                    <\/a>\n                <\/h3>\n            \n    \n                        \n                        \n    \n    \n    \n    \n            \n                    \n            \n            \n\n    \n    \n    \n    \n    \n    <a class=\"breakdance-link button-atom button-atom--custom bde-loop-item__button ee-post-button\" href=\"https:\/\/brainsuite.ai\/de\/resources\/brainsuite-holt-dr-katrin-kizilkan-als-head-of-marketing-an-bord\/\" target=\"_self\" data-type=\"\"  >\n\n    \n        <span class=\"button-atom__text\">Weiterlesen<\/span>\n\n        \n        \n                <\/a>\n\n    \n\n\n\n\n            \n        <\/div>\n\n    <\/article>\n\n    <article class=\"bde-loop-item ee-post\">\n                                <a class=\"bde-loop-item__image-link ee-post-image-link \" href=\"https:\/\/brainsuite.ai\/de\/resources\/brainsuite-launcht-mit-sage-script-den-ersten-synthetischen-experten-fuer-tvc-skripte\/\" aria-label=\"Brainsuite launcht mit \u201eSage Script\u201c den ersten synthetischen Experten f\u00fcr TVC-Skripte\">\n                <div class=\"bde-loop-item__image ee-post-image\">\n                    <img loading=\"lazy\" decoding=\"async\" width=\"1620\" height=\"1080\" src=\"https:\/\/brainsuite.ai\/wp-content\/uploads\/2025\/09\/Kopie-von-Blogpost_Vorschaubilder_Templates-19-1.png\" class=\"attachment-full size-full wp-post-image\" alt=\"\" srcset=\"https:\/\/brainsuite.ai\/wp-content\/uploads\/2025\/09\/Kopie-von-Blogpost_Vorschaubilder_Templates-19-1.png 1620w, https:\/\/brainsuite.ai\/wp-content\/uploads\/2025\/09\/Kopie-von-Blogpost_Vorschaubilder_Templates-19-1-300x200.png 300w, https:\/\/brainsuite.ai\/wp-content\/uploads\/2025\/09\/Kopie-von-Blogpost_Vorschaubilder_Templates-19-1-1024x683.png 1024w, https:\/\/brainsuite.ai\/wp-content\/uploads\/2025\/09\/Kopie-von-Blogpost_Vorschaubilder_Templates-19-1-768x512.png 768w, https:\/\/brainsuite.ai\/wp-content\/uploads\/2025\/09\/Kopie-von-Blogpost_Vorschaubilder_Templates-19-1-1536x1024.png 1536w\" sizes=\"auto, (max-width: 1620px) 100vw, 1620px\" \/>                <\/div>\n            <\/a>\n        \n        \n        <div class=\"bde-loop-item__wrap ee-post-wrap\">\n            \n                            <h3 class=\"ee-post-title\">\n                    <a class=\"bde-loop-item__title-link ee-post-title-link\" href=\"https:\/\/brainsuite.ai\/de\/resources\/brainsuite-launcht-mit-sage-script-den-ersten-synthetischen-experten-fuer-tvc-skripte\/\" >\n                        Brainsuite launcht mit \u201eSage Script\u201c den ersten synthetischen Experten f\u00fcr TVC-Skripte                    <\/a>\n                <\/h3>\n            \n    \n                        \n                        \n    \n    \n    \n    \n            \n                    \n            \n            \n\n    \n    \n    \n    \n    \n    <a class=\"breakdance-link button-atom button-atom--custom bde-loop-item__button ee-post-button\" href=\"https:\/\/brainsuite.ai\/de\/resources\/brainsuite-launcht-mit-sage-script-den-ersten-synthetischen-experten-fuer-tvc-skripte\/\" target=\"_self\" data-type=\"\"  >\n\n    \n        <span class=\"button-atom__text\">Weiterlesen<\/span>\n\n        \n        \n                <\/a>\n\n    \n\n\n\n\n            \n        <\/div>\n\n    <\/article>\n\n    <article class=\"bde-loop-item ee-post\">\n                                <a class=\"bde-loop-item__image-link ee-post-image-link \" href=\"https:\/\/brainsuite.ai\/de\/resources\/mehr-markenwirkung-durch-datenbasierte-optimierung-von-ooh-kampagnen\/\" aria-label=\"Mehr Markenwirkung durch datenbasierte Optimierung von OOH-Kampagnen\">\n                <div class=\"bde-loop-item__image ee-post-image\">\n                    <img loading=\"lazy\" decoding=\"async\" width=\"1620\" height=\"1080\" src=\"https:\/\/brainsuite.ai\/wp-content\/uploads\/2025\/09\/Kopie-von-Blogpost_Vorschaubilder_Templates-11.png\" class=\"attachment-full size-full wp-post-image\" alt=\"\" srcset=\"https:\/\/brainsuite.ai\/wp-content\/uploads\/2025\/09\/Kopie-von-Blogpost_Vorschaubilder_Templates-11.png 1620w, https:\/\/brainsuite.ai\/wp-content\/uploads\/2025\/09\/Kopie-von-Blogpost_Vorschaubilder_Templates-11-300x200.png 300w, https:\/\/brainsuite.ai\/wp-content\/uploads\/2025\/09\/Kopie-von-Blogpost_Vorschaubilder_Templates-11-1024x683.png 1024w, https:\/\/brainsuite.ai\/wp-content\/uploads\/2025\/09\/Kopie-von-Blogpost_Vorschaubilder_Templates-11-768x512.png 768w, https:\/\/brainsuite.ai\/wp-content\/uploads\/2025\/09\/Kopie-von-Blogpost_Vorschaubilder_Templates-11-1536x1024.png 1536w\" sizes=\"auto, (max-width: 1620px) 100vw, 1620px\" \/>                <\/div>\n            <\/a>\n        \n        \n        <div class=\"bde-loop-item__wrap ee-post-wrap\">\n            \n                            <h3 class=\"ee-post-title\">\n                    <a class=\"bde-loop-item__title-link ee-post-title-link\" href=\"https:\/\/brainsuite.ai\/de\/resources\/mehr-markenwirkung-durch-datenbasierte-optimierung-von-ooh-kampagnen\/\" >\n                        Mehr Markenwirkung durch datenbasierte Optimierung von OOH-Kampagnen                    <\/a>\n                <\/h3>\n            \n    \n                        \n                        \n    \n    \n    \n    \n            \n                    \n            \n            \n\n    \n    \n    \n    \n    \n    <a class=\"breakdance-link button-atom button-atom--custom bde-loop-item__button ee-post-button\" href=\"https:\/\/brainsuite.ai\/de\/resources\/mehr-markenwirkung-durch-datenbasierte-optimierung-von-ooh-kampagnen\/\" target=\"_self\" data-type=\"\"  >\n\n    \n        <span class=\"button-atom__text\">Weiterlesen<\/span>\n\n        \n        \n                <\/a>\n\n    \n\n\n\n\n            \n        <\/div>\n\n    <\/article>\n\n    <article class=\"bde-loop-item ee-post\">\n                                <a class=\"bde-loop-item__image-link ee-post-image-link \" href=\"https:\/\/brainsuite.ai\/de\/resources\/shopper-marketing-am-pos-wie-imi-salesmarketing-mit-ki-verkaufsflaechen-optimiert\/\" aria-label=\"Shopper Marketing am POS: Wie iMi salesmarketing mit KI Verkaufsfl\u00e4chen optimiert\">\n                <div class=\"bde-loop-item__image ee-post-image\">\n                    <img loading=\"lazy\" decoding=\"async\" width=\"1620\" height=\"1080\" src=\"https:\/\/brainsuite.ai\/wp-content\/uploads\/2025\/10\/KopievonBlogpost_Vorschaubilder_Templates8.webp\" class=\"attachment-full size-full wp-post-image\" alt=\"\" srcset=\"https:\/\/brainsuite.ai\/wp-content\/uploads\/2025\/10\/KopievonBlogpost_Vorschaubilder_Templates8.webp 1620w, https:\/\/brainsuite.ai\/wp-content\/uploads\/2025\/10\/KopievonBlogpost_Vorschaubilder_Templates8-300x200.webp 300w, https:\/\/brainsuite.ai\/wp-content\/uploads\/2025\/10\/KopievonBlogpost_Vorschaubilder_Templates8-1024x683.webp 1024w, https:\/\/brainsuite.ai\/wp-content\/uploads\/2025\/10\/KopievonBlogpost_Vorschaubilder_Templates8-768x512.webp 768w, https:\/\/brainsuite.ai\/wp-content\/uploads\/2025\/10\/KopievonBlogpost_Vorschaubilder_Templates8-1536x1024.webp 1536w\" sizes=\"auto, (max-width: 1620px) 100vw, 1620px\" \/>                <\/div>\n            <\/a>\n        \n        \n        <div class=\"bde-loop-item__wrap ee-post-wrap\">\n            \n                            <h3 class=\"ee-post-title\">\n                    <a class=\"bde-loop-item__title-link ee-post-title-link\" href=\"https:\/\/brainsuite.ai\/de\/resources\/shopper-marketing-am-pos-wie-imi-salesmarketing-mit-ki-verkaufsflaechen-optimiert\/\" >\n                        Shopper Marketing am POS: Wie iMi salesmarketing mit KI Verkaufsfl\u00e4chen optimiert                    <\/a>\n                <\/h3>\n            \n    \n                        \n                        \n    \n    \n    \n    \n            \n                    \n            \n            \n\n    \n    \n    \n    \n    \n    <a class=\"breakdance-link button-atom button-atom--custom bde-loop-item__button ee-post-button\" href=\"https:\/\/brainsuite.ai\/de\/resources\/shopper-marketing-am-pos-wie-imi-salesmarketing-mit-ki-verkaufsflaechen-optimiert\/\" target=\"_self\" data-type=\"\"  >\n\n    \n        <span class=\"button-atom__text\">Weiterlesen<\/span>\n\n        \n        \n                <\/a>\n\n    \n\n\n\n\n            \n        <\/div>\n\n    <\/article>\n\n<\/div><div class='bde-posts-pagination' data-ssr-path='breakdance\/subplugins\/breakdance-elements\/elements\/PostsList\/ssr.php'>\n\n                                    \n    \n    \n    \n    \n            \n            <button type=\"submit\" class=\"button-atom button-atom--custom bde-posts-pagination-loadmore-button\"  >\n    \n        <span class=\"button-atom__text\">Weitere Artikel laden<\/span>\n\n        \n        \n            <\/button>\n    \n\n<\/div><\/div><\/div>\n<\/section><div class=\"bde-globalblock-76-158 bde-globalblock\"><section class=\"bde-section-216-100-216-1 bde-section bde-section-216-100\">\n  \n  \n\t\n\n\n\n<div class=\"section-container\"><h2 class=\"bde-heading-216-101-216-1 bde-heading bde-heading-216-101\">\nStarten Sie noch heute mit der Optimierung Ihrer Marketingerfolge\n<\/h2><div class=\"bde-rich-text-216-102-216-1 bde-rich-text bde-rich-text-216-102 breakdance-rich-text-styles\">\nSchlie\u00dfen Sie sich 400+ globalen Marken an, die mit Brainsuite ihren Marketing-ROI maximieren.\n<\/div><div class=\"bde-button-216-103-216-1 bde-button w-100-m bde-button-216-103\">\n    \n                        \n                        \n    \n    \n    \n    \n            \n                    \n            \n            \n\n    \n    \n    \n    \n    \n    <a class=\"breakdance-link button-atom button-atom--secondary bde-button__button\" href=\"\/de\/demo\" target=\"_self\" data-type=\"url\"  >\n\n    \n        <span class=\"button-atom__text\">Jetzt kostenlose Demo buchen<\/span>\n\n        \n        \n                <\/a>\n\n    \n\n\n<\/div><\/div>\n<\/section><\/div>","protected":false},"excerpt":{"rendered":"","protected":false},"author":5,"featured_media":0,"parent":0,"menu_order":0,"comment_status":"closed","ping_status":"closed","template":"","meta":{"_breakdance_hide_in_design_set":false,"_breakdance_tags":"","footnotes":""},"class_list":["post-76","page","type-page","status-publish","hentry"],"_links":{"self":[{"href":"https:\/\/brainsuite.ai\/de\/wp-json\/wp\/v2\/pages\/76","targetHints":{"allow":["GET"]}}],"collection":[{"href":"https:\/\/brainsuite.ai\/de\/wp-json\/wp\/v2\/pages"}],"about":[{"href":"https:\/\/brainsuite.ai\/de\/wp-json\/wp\/v2\/types\/page"}],"author":[{"embeddable":true,"href":"https:\/\/brainsuite.ai\/de\/wp-json\/wp\/v2\/users\/5"}],"replies":[{"embeddable":true,"href":"https:\/\/brainsuite.ai\/de\/wp-json\/wp\/v2\/comments?post=76"}],"version-history":[{"count":10,"href":"https:\/\/brainsuite.ai\/de\/wp-json\/wp\/v2\/pages\/76\/revisions"}],"predecessor-version":[{"id":3702,"href":"https:\/\/brainsuite.ai\/de\/wp-json\/wp\/v2\/pages\/76\/revisions\/3702"}],"wp:attachment":[{"href":"https:\/\/brainsuite.ai\/de\/wp-json\/wp\/v2\/media?parent=76"}],"curies":[{"name":"wp","href":"https:\/\/api.w.org\/{rel}","templated":true}]}}