{"id":80,"date":"2025-09-23T14:50:30","date_gmt":"2025-09-23T12:50:30","guid":{"rendered":"https:\/\/brainsuite.ai\/?page_id=80"},"modified":"2026-04-13T15:57:51","modified_gmt":"2026-04-13T13:57:51","slug":"newsletter","status":"publish","type":"page","link":"https:\/\/brainsuite.ai\/de\/newsletter\/","title":{"rendered":"Newsletter"},"content":{"rendered":"<section class=\"bde-section-80-101 bde-section\">\n  \n  \n\t\n\n\n\n<div class=\"section-container\"><div class=\"bde-columns-80-102 bde-columns\"><div class=\"bde-column-80-103 bde-column\">\n  \n  \n\t\n\n\n\n<h1 class=\"bde-heading-80-104 bde-heading\">\nNewsletter optimieren, bevor Sie auf \u201eSenden\u201c klicken\n<\/h1><div class=\"bde-rich-text-80-105 bde-rich-text breakdance-rich-text-styles\">\nPre-testen Sie die Wirkung, steigern Sie die Performance \u2013 und verschicken Sie nur noch E-Mails, die konvertieren.\n<\/div><div class=\"bde-button-80-106 bde-button w-100-m\">\n    \n                                    \n    \n    \n    \n    \n            \n                    \n            \n            \n\n    \n    \n    \n    \n    \n    <a class=\"breakdance-link button-atom button-atom--primary bde-button__button\" href=\"\/de\/demo\/\" target=\"_self\" data-type=\"url\"  >\n\n    \n        <span class=\"button-atom__text\">Demo buchen<\/span>\n\n        \n        \n                <\/a>\n\n    \n\n\n<\/div>\n<\/div><div class=\"bde-column-80-107 bde-column\">\n  \n  \n\t\n\n\n\n<img decoding=\"async\" class=\"bde-image2-80-108 bde-image2\" src=\"https:\/\/brainsuite.ai\/wp-content\/uploads\/2025\/10\/eMailmockup.webp\" loading=\"lazy\" srcset=\"https:\/\/brainsuite.ai\/wp-content\/uploads\/2025\/10\/eMailmockup.webp 1000w, https:\/\/brainsuite.ai\/wp-content\/uploads\/2025\/10\/eMailmockup-246x300.webp 246w, https:\/\/brainsuite.ai\/wp-content\/uploads\/2025\/10\/eMailmockup-841x1024.webp 841w, https:\/\/brainsuite.ai\/wp-content\/uploads\/2025\/10\/eMailmockup-768x935.webp 768w\" sizes=\"(max-width: 1000px) 100vw, 1000px\">\n<\/div><\/div><\/div>\n<\/section><section class=\"bde-section-80-109 bde-section\">\n  \n  \n\t\n\n\n\n<div class=\"section-container\"><h2 class=\"bde-heading-80-110 bde-heading\">\nVon der Inbox zur Wirkung: Newsletter, die \u00fcberzeugen\n<\/h2><\/div>\n<\/section><section class=\"bde-section-80-111 bde-section\">\n  \n  \n\t\n\n\n\n<div class=\"section-container\"><div class=\"bde-columns-80-112 bde-columns\"><div class=\"bde-column-80-113 bde-column\">\n  \n  \n\t\n\n\n\n<img decoding=\"async\" class=\"bde-image2-80-114 bde-image2\" src=\"https:\/\/brainsuite.ai\/wp-content\/uploads\/2025\/10\/Newsletterlayoutavs.b_.webp\" loading=\"lazy\" srcset=\"https:\/\/brainsuite.ai\/wp-content\/uploads\/2025\/10\/Newsletterlayoutavs.b_.webp 1000w, https:\/\/brainsuite.ai\/wp-content\/uploads\/2025\/10\/Newsletterlayoutavs.b_-264x300.webp 264w, https:\/\/brainsuite.ai\/wp-content\/uploads\/2025\/10\/Newsletterlayoutavs.b_-900x1024.webp 900w, https:\/\/brainsuite.ai\/wp-content\/uploads\/2025\/10\/Newsletterlayoutavs.b_-768x874.webp 768w\" sizes=\"(max-width: 1000px) 100vw, 1000px\">\n<\/div><div class=\"bde-column-80-115 bde-column\">\n  \n  \n\t\n\n\n\n<h2 class=\"bde-heading-80-116 bde-heading\">\nVerschicken Sie nur Emails die wirklich wirken\n<\/h2><div class=\"bde-rich-text-80-117 bde-rich-text breakdance-rich-text-styles\">\nDesign verbessern, Botschaft sch\u00e4rfen, Conversion steigern \u2013 mit ACE Newsletter. E-Mails sind eines der direktesten und effizientesten Marketingtools. Doch angesichts \u00fcberf\u00fcllter Posteing\u00e4nge und sinkender Aufmerksamkeitsspannen gehen selbst starke Inhalte schnell unter. Die ACE Newsletter App von Brainsuite analysiert Ihre E-Mails, bevor Sie sie verschicken \u2013 und zeigt Ihnen, wie Sie Aufmerksamkeit, Verst\u00e4ndlichkeit und Wirkung gezielt steigern.\n<\/div>\n<\/div><\/div><\/div>\n<\/section><section class=\"bde-section-80-118 bde-section\">\n  \n  \n\t\n\n\n\n<div class=\"section-container\"><h2 class=\"bde-heading-80-119 bde-heading\">\nVon Kopfzeile bis CTA \u2013 jedes Element gezielt optimieren\n<\/h2><div class=\"bde-rich-text-80-120 bde-rich-text breakdance-rich-text-styles\">\nDie ACE Newsletter App analysiert, wie das menschliche Gehirn Ihre E-Mail verarbeitet \u2013 von der Struktur \u00fcber die visuelle Hierarchie bis hin zur Wirkung des Call-to-Actions. Dank neurowissenschaftlich fundierter KPIs wie Attention, Processing Ease und Strategic Fit erkennen Sie, wo Optimierungspotenzial liegt \u2013 und wie Sie Ihre E-Mail \u00fcber alle Ger\u00e4te hinweg wirksam gestalten.\n<\/div><img decoding=\"async\" class=\"bde-image2-80-121 bde-image2\" src=\"https:\/\/brainsuite.ai\/wp-content\/uploads\/2025\/10\/ACENewsletter_Header.webp\" loading=\"lazy\" srcset=\"https:\/\/brainsuite.ai\/wp-content\/uploads\/2025\/10\/ACENewsletter_Header.webp 540w, https:\/\/brainsuite.ai\/wp-content\/uploads\/2025\/10\/ACENewsletter_Header-300x250.webp 300w\" sizes=\"(max-width: 540px) 100vw, 540px\"><\/div>\n<\/section><section class=\"bde-section-80-122 bde-section\">\n  \n  \n\t\n\n\n\n<div class=\"section-container\"><div class=\"bde-columns-80-123 bde-columns\"><div class=\"bde-column-80-124 bde-column\">\n  \n  \n\t\n\n\n\n<div class=\"bde-image-box-80-125 bde-image-box bde-image-box-content-padding-only\">\n<div class=\"ee-imagebox-image\">\n  <img loading=\"lazy\" decoding=\"async\" class=\"breakdance-image-object\" src=\"https:\/\/brainsuite.ai\/wp-content\/uploads\/2025\/10\/laptop_screen_brainsuite-scaled-e1759391124966.webp\" width=\"401\" height=\"600\" sizes=\"auto, (max-width: 401px) 100vw, 401px\">\n<\/div>\n<div class=\"ee-imagebox-content\">\n      <h3 class=\"ee-imagebox-title bde-h3\" >CMOs<\/h3>\n    \n      <div class=\"ee-imagebox-text\" >Beschleunigen Sie Prozesse und geben Sie Ihren Teams die Sicherheit, kreative Entscheidungen auf datenbasierter Grundlage zu treffen.<\/div>\n    \n  <\/div>\n\n<\/div>\n<\/div><div class=\"bde-column-80-126 bde-column\">\n  \n  \n\t\n\n\n\n<div class=\"bde-image-box-80-127 bde-image-box bde-image-box-content-padding-only\">\n<div class=\"ee-imagebox-image\">\n  <img loading=\"lazy\" decoding=\"async\" class=\"breakdance-image-object\" src=\"https:\/\/brainsuite.ai\/wp-content\/uploads\/2025\/10\/top-view-people-working-together-office-e1759391198257.webp\" width=\"900\" height=\"600\" sizes=\"auto, (max-width: 900px) 100vw, 900px\">\n<\/div>\n<div class=\"ee-imagebox-content\">\n      <h3 class=\"ee-imagebox-title bde-h3\" >Marketing-Teams<\/h3>\n    \n      <div class=\"ee-imagebox-text\" >Reduzieren Sie das Risiko von ineffektiven Mailings \u2013 mit fundierten Insights, die zeigen, was wirklich wirkt.<\/div>\n    \n  <\/div>\n\n<\/div>\n<\/div><div class=\"bde-column-80-128 bde-column\">\n  \n  \n\t\n\n\n\n<div class=\"bde-image-box-80-129 bde-image-box bde-image-box-content-padding-only\">\n<div class=\"ee-imagebox-image\">\n  <img loading=\"lazy\" decoding=\"async\" class=\"breakdance-image-object\" src=\"https:\/\/brainsuite.ai\/wp-content\/uploads\/2025\/10\/future-work-startup-team-modern-office-setting-e1759391264458.webp\" width=\"600\" height=\"600\" sizes=\"auto, (max-width: 600px) 100vw, 600px\">\n<\/div>\n<div class=\"ee-imagebox-content\">\n      <h3 class=\"ee-imagebox-title bde-h3\" >Agenturen<\/h3>\n    \n      <div class=\"ee-imagebox-text\" >Testen und optimieren Sie Inhalte blockweise \u2013 schnell, effizient und mit Fokus auf Performance statt Mehraufwand.<\/div>\n    \n  <\/div>\n\n<\/div>\n<\/div><div class=\"bde-column-80-130 bde-column\">\n  \n  \n\t\n\n\n\n<div class=\"bde-image-box-80-131 bde-image-box bde-image-box-content-padding-only\">\n<div class=\"ee-imagebox-image\">\n  <img loading=\"lazy\" decoding=\"async\" class=\"breakdance-image-object\" src=\"https:\/\/brainsuite.ai\/wp-content\/uploads\/2025\/10\/Brainsuite_Cockpit_Ipad.webp\" width=\"750\" height=\"600\" srcset=\"https:\/\/brainsuite.ai\/wp-content\/uploads\/2025\/10\/Brainsuite_Cockpit_Ipad.webp 750w, https:\/\/brainsuite.ai\/wp-content\/uploads\/2025\/10\/Brainsuite_Cockpit_Ipad-300x240.webp 300w\" sizes=\"auto, (max-width: 750px) 100vw, 750px\">\n<\/div>\n<div class=\"ee-imagebox-content\">\n      <h3 class=\"ee-imagebox-title bde-h3\" >Brand Manager<\/h3>\n    \n      <div class=\"ee-imagebox-text\" >Sichern Sie Markenkonsistenz und Performance \u2013 noch bevor der Newsletter im Posteingang landet.<\/div>\n    \n  <\/div>\n\n<\/div>\n<\/div><\/div><\/div>\n<\/section><section class=\"bde-section-80-132 bde-section\">\n  \n  \n\t\n\n\n\n<div class=\"section-container\"><div class=\"bde-columns-80-133 bde-columns\"><div class=\"bde-column-80-134 bde-column\">\n  \n  \n\t\n\n\n\n<img decoding=\"async\" class=\"bde-image2-80-135 bde-image2\" src=\"https:\/\/brainsuite.ai\/wp-content\/uploads\/2025\/10\/Newsletter_Pretesting.gif\" loading=\"lazy\" sizes=\"(max-width: 1000px) 100vw, 1000px\">\n<\/div><div class=\"bde-column-80-136 bde-column\">\n  \n  \n\t\n\n\n\n<h2 class=\"bde-heading-80-137 bde-heading\">\nSehen Sie Ihren Newsletter durch die Augen Ihrer Zielgruppe\n<\/h2><div class=\"bde-rich-text-80-138 bde-rich-text breakdance-rich-text-styles\">\nACE Newsletter zeigt Ihnen, wie Aufmerksamkeit durch Ihre E-Mail flie\u00dft \u2013 von der Betreffzeile bis zum CTA. So erkennen Sie auf einen Blick, welche Elemente funktionieren, was \u00fcbersehen wird und wie Sie gezielt nachsch\u00e4rfen k\u00f6nnen. Das Ergebnis: Klarere Kommunikation, h\u00f6here Interaktion und bessere Conversion \u2013 bei jedem Versand.\n<\/div>\n<\/div><\/div><\/div>\n<\/section><section class=\"bde-section-80-139 bde-section\">\n  \n  \n\t\n\n\n\n<div class=\"section-container\"><div class=\"bde-columns-80-140 bde-columns\"><div class=\"bde-column-80-141 bde-column\">\n  \n  \n\t\n\n\n\n<h2 class=\"bde-heading-80-142 bde-heading\">\nVom Insight zur Wirkung \u2013 auch bei komplexen Setups\n<\/h2><div class=\"bde-rich-text-80-143 bde-rich-text breakdance-rich-text-styles\">\nOb einzelne Newsletter oder internationale Kampagnen: ACE Newsletter passt sich Ihrem Workflow an. Schnelle Analysen, skalierbare Ergebnisse und teilbare Reports sorgen f\u00fcr reibungslose Abstimmung im Team \u2013 und f\u00fcr konstant starke Performance, unabh\u00e4ngig von Umfang oder Komplexit\u00e4t Ihrer Ma\u00dfnahmen.\n<\/div>\n<\/div><div class=\"bde-column-80-144 bde-column\">\n  \n  \n\t\n\n\n\n<img decoding=\"async\" class=\"bde-image2-80-145 bde-image2\" src=\"https:\/\/brainsuite.ai\/wp-content\/uploads\/2025\/10\/NEWSLETTER_prestesting_atscale.webp\" loading=\"lazy\" srcset=\"https:\/\/brainsuite.ai\/wp-content\/uploads\/2025\/10\/NEWSLETTER_prestesting_atscale.webp 1000w, https:\/\/brainsuite.ai\/wp-content\/uploads\/2025\/10\/NEWSLETTER_prestesting_atscale-300x216.webp 300w, https:\/\/brainsuite.ai\/wp-content\/uploads\/2025\/10\/NEWSLETTER_prestesting_atscale-768x554.webp 768w\" sizes=\"(max-width: 1000px) 100vw, 1000px\">\n<\/div><\/div><\/div>\n<\/section><section class=\"bde-section-80-147 bde-section\">\n  \n  \n\t\n\n\n\n<div class=\"section-container\"><h2 class=\"bde-heading-80-148 bde-heading\">\nWie f\u00fchrende Marken mit Brainsuite Wirkung maximieren\n<\/h2><div class=\"bde-post-list-80-150 bde-post-list single-page-recent-post\"><div class=\"bde-loop bde-loop-grid ee-posts ee-posts-grid\">    <article class=\"bde-loop-item ee-post\">\n                                <a class=\"bde-loop-item__image-link ee-post-image-link \" href=\"https:\/\/brainsuite.ai\/de\/resources\/brainsuite-holt-dr-katrin-kizilkan-als-head-of-marketing-an-bord\/\" aria-label=\"Brainsuite holt Dr. Katrin Kizilkan als Head of Marketing an Bord\">\n                <div class=\"bde-loop-item__image ee-post-image\">\n                    <img loading=\"lazy\" decoding=\"async\" width=\"1620\" height=\"1080\" src=\"https:\/\/brainsuite.ai\/wp-content\/uploads\/2026\/02\/Kopie-von-Blogpost_Vorschaubilder_Templates-25.png\" class=\"attachment-full size-full wp-post-image\" alt=\"\" srcset=\"https:\/\/brainsuite.ai\/wp-content\/uploads\/2026\/02\/Kopie-von-Blogpost_Vorschaubilder_Templates-25.png 1620w, https:\/\/brainsuite.ai\/wp-content\/uploads\/2026\/02\/Kopie-von-Blogpost_Vorschaubilder_Templates-25-300x200.png 300w, https:\/\/brainsuite.ai\/wp-content\/uploads\/2026\/02\/Kopie-von-Blogpost_Vorschaubilder_Templates-25-1024x683.png 1024w, https:\/\/brainsuite.ai\/wp-content\/uploads\/2026\/02\/Kopie-von-Blogpost_Vorschaubilder_Templates-25-768x512.png 768w, https:\/\/brainsuite.ai\/wp-content\/uploads\/2026\/02\/Kopie-von-Blogpost_Vorschaubilder_Templates-25-1536x1024.png 1536w\" sizes=\"auto, (max-width: 1620px) 100vw, 1620px\" \/>                <\/div>\n            <\/a>\n        \n        \n        <div class=\"bde-loop-item__wrap ee-post-wrap\">\n            \n                            <h3 class=\"ee-post-title\">\n                    <a class=\"bde-loop-item__title-link ee-post-title-link\" href=\"https:\/\/brainsuite.ai\/de\/resources\/brainsuite-holt-dr-katrin-kizilkan-als-head-of-marketing-an-bord\/\" >\n                        Brainsuite holt Dr. Katrin Kizilkan als Head of Marketing an Bord                    <\/a>\n                <\/h3>\n            \n    \n                        \n                        \n    \n    \n    \n    \n            \n                    \n            \n            \n\n    \n    \n    \n    \n    \n    <a class=\"breakdance-link button-atom button-atom--custom bde-loop-item__button ee-post-button\" href=\"https:\/\/brainsuite.ai\/de\/resources\/brainsuite-holt-dr-katrin-kizilkan-als-head-of-marketing-an-bord\/\" target=\"_self\" data-type=\"\"  >\n\n    \n        <span class=\"button-atom__text\">Weiterlesen<\/span>\n\n        \n        \n                <\/a>\n\n    \n\n\n\n\n            \n        <\/div>\n\n    <\/article>\n\n    <article class=\"bde-loop-item ee-post\">\n                                <a class=\"bde-loop-item__image-link ee-post-image-link \" href=\"https:\/\/brainsuite.ai\/de\/resources\/brainsuite-launcht-mit-sage-script-den-ersten-synthetischen-experten-fuer-tvc-skripte\/\" aria-label=\"Brainsuite launcht mit \u201eSage Script\u201c den ersten synthetischen Experten f\u00fcr TVC-Skripte\">\n                <div class=\"bde-loop-item__image ee-post-image\">\n                    <img loading=\"lazy\" decoding=\"async\" width=\"1620\" height=\"1080\" src=\"https:\/\/brainsuite.ai\/wp-content\/uploads\/2025\/09\/Kopie-von-Blogpost_Vorschaubilder_Templates-19-1.png\" class=\"attachment-full size-full wp-post-image\" alt=\"\" srcset=\"https:\/\/brainsuite.ai\/wp-content\/uploads\/2025\/09\/Kopie-von-Blogpost_Vorschaubilder_Templates-19-1.png 1620w, https:\/\/brainsuite.ai\/wp-content\/uploads\/2025\/09\/Kopie-von-Blogpost_Vorschaubilder_Templates-19-1-300x200.png 300w, https:\/\/brainsuite.ai\/wp-content\/uploads\/2025\/09\/Kopie-von-Blogpost_Vorschaubilder_Templates-19-1-1024x683.png 1024w, https:\/\/brainsuite.ai\/wp-content\/uploads\/2025\/09\/Kopie-von-Blogpost_Vorschaubilder_Templates-19-1-768x512.png 768w, https:\/\/brainsuite.ai\/wp-content\/uploads\/2025\/09\/Kopie-von-Blogpost_Vorschaubilder_Templates-19-1-1536x1024.png 1536w\" sizes=\"auto, (max-width: 1620px) 100vw, 1620px\" \/>                <\/div>\n            <\/a>\n        \n        \n        <div class=\"bde-loop-item__wrap ee-post-wrap\">\n            \n                            <h3 class=\"ee-post-title\">\n                    <a class=\"bde-loop-item__title-link ee-post-title-link\" href=\"https:\/\/brainsuite.ai\/de\/resources\/brainsuite-launcht-mit-sage-script-den-ersten-synthetischen-experten-fuer-tvc-skripte\/\" >\n                        Brainsuite launcht mit \u201eSage Script\u201c den ersten synthetischen Experten f\u00fcr TVC-Skripte                    <\/a>\n                <\/h3>\n            \n    \n                        \n                        \n    \n    \n    \n    \n            \n                    \n            \n            \n\n    \n    \n    \n    \n    \n    <a class=\"breakdance-link button-atom button-atom--custom bde-loop-item__button ee-post-button\" href=\"https:\/\/brainsuite.ai\/de\/resources\/brainsuite-launcht-mit-sage-script-den-ersten-synthetischen-experten-fuer-tvc-skripte\/\" target=\"_self\" data-type=\"\"  >\n\n    \n        <span class=\"button-atom__text\">Weiterlesen<\/span>\n\n        \n        \n                <\/a>\n\n    \n\n\n\n\n            \n        <\/div>\n\n    <\/article>\n\n    <article class=\"bde-loop-item ee-post\">\n                                <a class=\"bde-loop-item__image-link ee-post-image-link \" href=\"https:\/\/brainsuite.ai\/de\/resources\/mehr-markenwirkung-durch-datenbasierte-optimierung-von-ooh-kampagnen\/\" aria-label=\"Mehr Markenwirkung durch datenbasierte Optimierung von OOH-Kampagnen\">\n                <div class=\"bde-loop-item__image ee-post-image\">\n                    <img loading=\"lazy\" decoding=\"async\" width=\"1620\" height=\"1080\" src=\"https:\/\/brainsuite.ai\/wp-content\/uploads\/2025\/09\/Kopie-von-Blogpost_Vorschaubilder_Templates-11.png\" class=\"attachment-full size-full wp-post-image\" alt=\"\" srcset=\"https:\/\/brainsuite.ai\/wp-content\/uploads\/2025\/09\/Kopie-von-Blogpost_Vorschaubilder_Templates-11.png 1620w, https:\/\/brainsuite.ai\/wp-content\/uploads\/2025\/09\/Kopie-von-Blogpost_Vorschaubilder_Templates-11-300x200.png 300w, https:\/\/brainsuite.ai\/wp-content\/uploads\/2025\/09\/Kopie-von-Blogpost_Vorschaubilder_Templates-11-1024x683.png 1024w, https:\/\/brainsuite.ai\/wp-content\/uploads\/2025\/09\/Kopie-von-Blogpost_Vorschaubilder_Templates-11-768x512.png 768w, https:\/\/brainsuite.ai\/wp-content\/uploads\/2025\/09\/Kopie-von-Blogpost_Vorschaubilder_Templates-11-1536x1024.png 1536w\" sizes=\"auto, (max-width: 1620px) 100vw, 1620px\" \/>                <\/div>\n            <\/a>\n        \n        \n        <div class=\"bde-loop-item__wrap ee-post-wrap\">\n            \n                            <h3 class=\"ee-post-title\">\n                    <a class=\"bde-loop-item__title-link ee-post-title-link\" href=\"https:\/\/brainsuite.ai\/de\/resources\/mehr-markenwirkung-durch-datenbasierte-optimierung-von-ooh-kampagnen\/\" >\n                        Mehr Markenwirkung durch datenbasierte Optimierung von OOH-Kampagnen                    <\/a>\n                <\/h3>\n            \n    \n                        \n                        \n    \n    \n    \n    \n            \n                    \n            \n            \n\n    \n    \n    \n    \n    \n    <a class=\"breakdance-link button-atom button-atom--custom bde-loop-item__button ee-post-button\" href=\"https:\/\/brainsuite.ai\/de\/resources\/mehr-markenwirkung-durch-datenbasierte-optimierung-von-ooh-kampagnen\/\" target=\"_self\" data-type=\"\"  >\n\n    \n        <span class=\"button-atom__text\">Weiterlesen<\/span>\n\n        \n        \n                <\/a>\n\n    \n\n\n\n\n            \n        <\/div>\n\n    <\/article>\n\n    <article class=\"bde-loop-item ee-post\">\n                                <a class=\"bde-loop-item__image-link ee-post-image-link \" href=\"https:\/\/brainsuite.ai\/de\/resources\/shopper-marketing-am-pos-wie-imi-salesmarketing-mit-ki-verkaufsflaechen-optimiert\/\" aria-label=\"Shopper Marketing am POS: Wie iMi salesmarketing mit KI Verkaufsfl\u00e4chen optimiert\">\n                <div class=\"bde-loop-item__image ee-post-image\">\n                    <img loading=\"lazy\" decoding=\"async\" width=\"1620\" height=\"1080\" src=\"https:\/\/brainsuite.ai\/wp-content\/uploads\/2025\/10\/KopievonBlogpost_Vorschaubilder_Templates8.webp\" class=\"attachment-full size-full wp-post-image\" alt=\"\" srcset=\"https:\/\/brainsuite.ai\/wp-content\/uploads\/2025\/10\/KopievonBlogpost_Vorschaubilder_Templates8.webp 1620w, https:\/\/brainsuite.ai\/wp-content\/uploads\/2025\/10\/KopievonBlogpost_Vorschaubilder_Templates8-300x200.webp 300w, https:\/\/brainsuite.ai\/wp-content\/uploads\/2025\/10\/KopievonBlogpost_Vorschaubilder_Templates8-1024x683.webp 1024w, https:\/\/brainsuite.ai\/wp-content\/uploads\/2025\/10\/KopievonBlogpost_Vorschaubilder_Templates8-768x512.webp 768w, https:\/\/brainsuite.ai\/wp-content\/uploads\/2025\/10\/KopievonBlogpost_Vorschaubilder_Templates8-1536x1024.webp 1536w\" sizes=\"auto, (max-width: 1620px) 100vw, 1620px\" \/>                <\/div>\n            <\/a>\n        \n        \n        <div class=\"bde-loop-item__wrap ee-post-wrap\">\n            \n                            <h3 class=\"ee-post-title\">\n                    <a class=\"bde-loop-item__title-link ee-post-title-link\" href=\"https:\/\/brainsuite.ai\/de\/resources\/shopper-marketing-am-pos-wie-imi-salesmarketing-mit-ki-verkaufsflaechen-optimiert\/\" >\n                        Shopper Marketing am POS: Wie iMi salesmarketing mit KI Verkaufsfl\u00e4chen optimiert                    <\/a>\n                <\/h3>\n            \n    \n                        \n                        \n    \n    \n    \n    \n            \n                    \n            \n            \n\n    \n    \n    \n    \n    \n    <a class=\"breakdance-link button-atom button-atom--custom bde-loop-item__button ee-post-button\" href=\"https:\/\/brainsuite.ai\/de\/resources\/shopper-marketing-am-pos-wie-imi-salesmarketing-mit-ki-verkaufsflaechen-optimiert\/\" target=\"_self\" data-type=\"\"  >\n\n    \n        <span class=\"button-atom__text\">Weiterlesen<\/span>\n\n        \n        \n                <\/a>\n\n    \n\n\n\n\n            \n        <\/div>\n\n    <\/article>\n\n<\/div><div class='bde-posts-pagination' data-ssr-path='breakdance\/subplugins\/breakdance-elements\/elements\/PostsList\/ssr.php'>\n\n                                    \n    \n    \n    \n    \n            \n            <button type=\"submit\" class=\"button-atom button-atom--custom bde-posts-pagination-loadmore-button\"  >\n    \n        <span class=\"button-atom__text\">Weitere Artikel laden<\/span>\n\n        \n        \n            <\/button>\n    \n\n<\/div><\/div><\/div>\n<\/section><div class=\"bde-globalblock-80-146 bde-globalblock\"><section class=\"bde-section-216-100-216-1 bde-section bde-section-216-100\">\n  \n  \n\t\n\n\n\n<div class=\"section-container\"><h2 class=\"bde-heading-216-101-216-1 bde-heading bde-heading-216-101\">\nStarten Sie noch heute mit der Optimierung Ihrer Marketingerfolge\n<\/h2><div class=\"bde-rich-text-216-102-216-1 bde-rich-text bde-rich-text-216-102 breakdance-rich-text-styles\">\nSchlie\u00dfen Sie sich 400+ globalen Marken an, die mit Brainsuite ihren Marketing-ROI maximieren.\n<\/div><div class=\"bde-button-216-103-216-1 bde-button w-100-m bde-button-216-103\">\n    \n                        \n                        \n    \n    \n    \n    \n            \n                    \n            \n            \n\n    \n    \n    \n    \n    \n    <a class=\"breakdance-link button-atom button-atom--secondary bde-button__button\" href=\"\/de\/demo\" target=\"_self\" data-type=\"url\"  >\n\n    \n        <span class=\"button-atom__text\">Jetzt kostenlose Demo buchen<\/span>\n\n        \n        \n                <\/a>\n\n    \n\n\n<\/div><\/div>\n<\/section><\/div>","protected":false},"excerpt":{"rendered":"","protected":false},"author":5,"featured_media":0,"parent":0,"menu_order":0,"comment_status":"closed","ping_status":"closed","template":"","meta":{"_breakdance_hide_in_design_set":false,"_breakdance_tags":"","footnotes":""},"class_list":["post-80","page","type-page","status-publish","hentry"],"_links":{"self":[{"href":"https:\/\/brainsuite.ai\/de\/wp-json\/wp\/v2\/pages\/80","targetHints":{"allow":["GET"]}}],"collection":[{"href":"https:\/\/brainsuite.ai\/de\/wp-json\/wp\/v2\/pages"}],"about":[{"href":"https:\/\/brainsuite.ai\/de\/wp-json\/wp\/v2\/types\/page"}],"author":[{"embeddable":true,"href":"https:\/\/brainsuite.ai\/de\/wp-json\/wp\/v2\/users\/5"}],"replies":[{"embeddable":true,"href":"https:\/\/brainsuite.ai\/de\/wp-json\/wp\/v2\/comments?post=80"}],"version-history":[{"count":10,"href":"https:\/\/brainsuite.ai\/de\/wp-json\/wp\/v2\/pages\/80\/revisions"}],"predecessor-version":[{"id":3701,"href":"https:\/\/brainsuite.ai\/de\/wp-json\/wp\/v2\/pages\/80\/revisions\/3701"}],"wp:attachment":[{"href":"https:\/\/brainsuite.ai\/de\/wp-json\/wp\/v2\/media?parent=80"}],"curies":[{"name":"wp","href":"https:\/\/api.w.org\/{rel}","templated":true}]}}