{"id":82,"date":"2025-09-23T14:50:39","date_gmt":"2025-09-23T12:50:39","guid":{"rendered":"https:\/\/brainsuite.ai\/?page_id=82"},"modified":"2026-01-16T12:12:27","modified_gmt":"2026-01-16T11:12:27","slug":"out-of-home","status":"publish","type":"page","link":"https:\/\/brainsuite.ai\/de\/out-of-home\/","title":{"rendered":"Out-of-Home"},"content":{"rendered":"<section class=\"bde-section-82-101 bde-section\">\n  \n  \n\t\n\n\n\n<div class=\"section-container\"><div class=\"bde-columns-82-102 bde-columns\"><div class=\"bde-column-82-103 bde-column\">\n  \n  \n\t\n\n\n\n<h1 class=\"bde-heading-82-104 bde-heading\">\nAu\u00dfenwerbung mit Wirkung \u2013 testen und optimieren, bevor sie live geht\n<\/h1><div class=\"bde-rich-text-82-105 bde-rich-text breakdance-rich-text-styles\">\nVon der ersten Idee bis zur Umsetzung: Maximieren Sie den Impact Ihrer Out-of-Home-Kampagnen mit KI-basierten Insights.\n<\/div><div class=\"bde-button-82-106 bde-button w-100-m\">\n    \n                                    \n    \n    \n    \n    \n            \n                    \n            \n            \n\n    \n    \n    \n    \n    \n    <a class=\"breakdance-link button-atom button-atom--primary bde-button__button\" href=\"\/de\/demo\/\" target=\"_self\" data-type=\"url\"  >\n\n    \n        <span class=\"button-atom__text\">Demo buchen<\/span>\n\n        \n        \n                <\/a>\n\n    \n\n\n<\/div>\n<\/div><div class=\"bde-column-82-107 bde-column\">\n  \n  \n\t\n\n\n\n<img decoding=\"async\" class=\"bde-image2-82-108 bde-image2\" src=\"https:\/\/brainsuite.ai\/wp-content\/uploads\/2025\/10\/Screenshot2025-09-18144132.webp\" loading=\"lazy\" srcset=\"https:\/\/brainsuite.ai\/wp-content\/uploads\/2025\/10\/Screenshot2025-09-18144132.webp 1500w, https:\/\/brainsuite.ai\/wp-content\/uploads\/2025\/10\/Screenshot2025-09-18144132-300x255.webp 300w, https:\/\/brainsuite.ai\/wp-content\/uploads\/2025\/10\/Screenshot2025-09-18144132-1024x871.webp 1024w, https:\/\/brainsuite.ai\/wp-content\/uploads\/2025\/10\/Screenshot2025-09-18144132-768x653.webp 768w\" sizes=\"(max-width: 1500px) 100vw, 1500px\">\n<\/div><\/div><\/div>\n<\/section><section class=\"bde-section-82-109 bde-section\">\n  \n  \n\t\n\n\n\n<div class=\"section-container\"><h2 class=\"bde-heading-82-110 bde-heading\">\nStarke OOH-Kampagnen \u2013 durch Tests, bevor es teuer wird\n<\/h2><\/div>\n<\/section><section class=\"bde-section-82-111 bde-section\">\n  \n  \n\t\n\n\n\n<div class=\"section-container\"><div class=\"bde-columns-82-112 bde-columns\"><div class=\"bde-column-82-113 bde-column\">\n  \n  \n\t\n\n\n\n<img decoding=\"async\" class=\"bde-image2-82-114 bde-image2\" src=\"https:\/\/brainsuite.ai\/wp-content\/uploads\/2025\/10\/Screenshot2025-09-18144145.webp\" loading=\"lazy\" srcset=\"https:\/\/brainsuite.ai\/wp-content\/uploads\/2025\/10\/Screenshot2025-09-18144145.webp 1000w, https:\/\/brainsuite.ai\/wp-content\/uploads\/2025\/10\/Screenshot2025-09-18144145-300x169.webp 300w, https:\/\/brainsuite.ai\/wp-content\/uploads\/2025\/10\/Screenshot2025-09-18144145-768x432.webp 768w\" sizes=\"(max-width: 1000px) 100vw, 1000px\">\n<\/div><div class=\"bde-column-82-115 bde-column\">\n  \n  \n\t\n\n\n\n<h2 class=\"bde-heading-82-116 bde-heading\">\nInvestieren Sie nur in Werbemittel, die Ergebnisse liefern\n<\/h2><div class=\"bde-rich-text-82-117 bde-rich-text breakdance-rich-text-styles\">\nAu\u00dfenwerbung ist sichtbar, aber auch teuer \u2013 und in einem \u00fcberf\u00fcllten Umfeld leicht \u00fcbersehbar. Die OOH App von Brainsuite analysiert Ihre Motive vor dem Launch: Mit neurowissenschaftlich fundierten Metriken wie Attention, Branding, Processing Ease und Persuasion erkennen Sie, wie Ihre Kreation wirkt \u2013 und wo Sie gezielt optimieren sollten. Investieren Sie nur in Werbemittel, die wirklich performen \u2013 f\u00fcr st\u00e4rkere Markenwirkung und bessere ROI.\n<\/div>\n<\/div><\/div><\/div>\n<\/section><section class=\"bde-section-82-118 bde-section\">\n  \n  \n\t\n\n\n\n<div class=\"section-container\"><h2 class=\"bde-heading-82-119 bde-heading\">\nKeine Vermutungen mehr \u2013 nur noch bew\u00e4hrte Erfolgsprinzipien\n<\/h2><div class=\"bde-rich-text-82-120 bde-rich-text breakdance-rich-text-styles\">\nGeschm\u00e4cker m\u00f6gen verschieden sein \u2013 aber Wirkung l\u00e4sst sich messen. Mit Brainsuite ersetzen Sie Bauchgef\u00fchl durch datengest\u00fctzte, wissenschaftlich validierte Entscheidungen.\n<\/div><img decoding=\"async\" class=\"bde-image2-82-121 bde-image2\" src=\"https:\/\/brainsuite.ai\/wp-content\/uploads\/2025\/10\/Screenshot2025-09-18144215.webp\" loading=\"lazy\" srcset=\"https:\/\/brainsuite.ai\/wp-content\/uploads\/2025\/10\/Screenshot2025-09-18144215.webp 1500w, https:\/\/brainsuite.ai\/wp-content\/uploads\/2025\/10\/Screenshot2025-09-18144215-300x171.webp 300w, https:\/\/brainsuite.ai\/wp-content\/uploads\/2025\/10\/Screenshot2025-09-18144215-1024x584.webp 1024w, https:\/\/brainsuite.ai\/wp-content\/uploads\/2025\/10\/Screenshot2025-09-18144215-768x438.webp 768w\" sizes=\"(max-width: 1500px) 100vw, 1500px\"><\/div>\n<\/section><section class=\"bde-section-82-122 bde-section\">\n  \n  \n\t\n\n\n\n<div class=\"section-container\"><div class=\"bde-columns-82-123 bde-columns\"><div class=\"bde-column-82-124 bde-column\">\n  \n  \n\t\n\n\n\n<div class=\"bde-image-box-82-125 bde-image-box bde-image-box-content-padding-only\">\n<div class=\"ee-imagebox-image\">\n  <img loading=\"lazy\" decoding=\"async\" class=\"breakdance-image-object\" src=\"https:\/\/brainsuite.ai\/wp-content\/uploads\/2025\/10\/laptop_screen_brainsuite-scaled-e1759391124966.webp\" width=\"401\" height=\"600\" sizes=\"auto, (max-width: 401px) 100vw, 401px\">\n<\/div>\n<div class=\"ee-imagebox-content\">\n      <h3 class=\"ee-imagebox-title bde-h3\" >CMOs<\/h3>\n    \n      <div class=\"ee-imagebox-text\" ><b>Schnellere Entscheidungen, weniger Risiko: <\/b><br\/> Treffen Sie Investitionsentscheidungen auf Basis verl\u00e4sslicher Vorhersagen. So verk\u00fcrzen Sie Time-to-Market und sch\u00fctzen Ihre Markenwirkung kanal\u00fcbergreifend.<\/div>\n    \n  <\/div>\n\n<\/div>\n<\/div><div class=\"bde-column-82-126 bde-column\">\n  \n  \n\t\n\n\n\n<div class=\"bde-image-box-82-127 bde-image-box bde-image-box-content-padding-only\">\n<div class=\"ee-imagebox-image\">\n  <img loading=\"lazy\" decoding=\"async\" class=\"breakdance-image-object\" src=\"https:\/\/brainsuite.ai\/wp-content\/uploads\/2025\/10\/top-view-people-working-together-office-e1759391198257.webp\" width=\"900\" height=\"600\" sizes=\"auto, (max-width: 900px) 100vw, 900px\">\n<\/div>\n<div class=\"ee-imagebox-content\">\n      <h3 class=\"ee-imagebox-title bde-h3\" >Marketing-Teams<\/h3>\n    \n      <div class=\"ee-imagebox-text\" ><b>Maximieren Sie die Wirkung Ihrer Kampagnen \u00fcber alle Touchpoints hinweg. <\/b><br\/> Schwachstellen in Botschaft, Design oder Branding werden fr\u00fchzeitig erkannt \u2013 noch vor Produktionsbeginn.<\/div>\n    \n  <\/div>\n\n<\/div>\n<\/div><div class=\"bde-column-82-128 bde-column\">\n  \n  \n\t\n\n\n\n<div class=\"bde-image-box-82-129 bde-image-box bde-image-box-content-padding-only\">\n<div class=\"ee-imagebox-image\">\n  <img loading=\"lazy\" decoding=\"async\" class=\"breakdance-image-object\" src=\"https:\/\/brainsuite.ai\/wp-content\/uploads\/2025\/10\/future-work-startup-team-modern-office-setting-e1759391264458.webp\" width=\"600\" height=\"600\" sizes=\"auto, (max-width: 600px) 100vw, 600px\">\n<\/div>\n<div class=\"ee-imagebox-content\">\n      <h3 class=\"ee-imagebox-title bde-h3\" >Agenturen<\/h3>\n    \n      <div class=\"ee-imagebox-text\" ><b>Bessere Zusammenarbeit, weniger Schleifen: <\/b><br\/>Untermauern Sie Ihre Empfehlungen mit harten Fakten, optimieren Sie Konzepte effizient und minimieren Sie langwierige Feedbackprozesse.<\/div>\n    \n  <\/div>\n\n<\/div>\n<\/div><div class=\"bde-column-82-130 bde-column\">\n  \n  \n\t\n\n\n\n<div class=\"bde-image-box-82-131 bde-image-box bde-image-box-content-padding-only\">\n<div class=\"ee-imagebox-image\">\n  <img loading=\"lazy\" decoding=\"async\" class=\"breakdance-image-object\" src=\"https:\/\/brainsuite.ai\/wp-content\/uploads\/2025\/10\/Brainsuite_Cockpit_Ipad.webp\" width=\"750\" height=\"600\" srcset=\"https:\/\/brainsuite.ai\/wp-content\/uploads\/2025\/10\/Brainsuite_Cockpit_Ipad.webp 750w, https:\/\/brainsuite.ai\/wp-content\/uploads\/2025\/10\/Brainsuite_Cockpit_Ipad-300x240.webp 300w\" sizes=\"auto, (max-width: 750px) 100vw, 750px\">\n<\/div>\n<div class=\"ee-imagebox-content\">\n      <h3 class=\"ee-imagebox-title bde-h3\" >Brand Manager<\/h3>\n    \n      <div class=\"ee-imagebox-text\" ><b>Sichern Sie Markenkonsistenz und -st\u00e4rke \u2013 auch im urbanen Raum.<\/b><br\/>Vergewissern Sie sich, dass Ihre Kommunikation im realen Umfeld funktioniert \u2013 visuell und strategisch.<\/div>\n    \n  <\/div>\n\n<\/div>\n<\/div><\/div><\/div>\n<\/section><section class=\"bde-section-82-132 bde-section\">\n  \n  \n\t\n\n\n\n<div class=\"section-container\"><div class=\"bde-columns-82-133 bde-columns\"><div class=\"bde-column-82-136 bde-column\">\n  \n  \n\t\n\n\n\n<h2 class=\"bde-heading-82-137 bde-heading\">\nEin intelligenterer Freigabeprozess f\u00fcr Ihre Creatives\n<\/h2><div class=\"bde-rich-text-82-138 bde-rich-text breakdance-rich-text-styles\">\nDie OOH App von Brainsuite fungiert als skalierbares, datenbasiertes Stage-Gate: Testen Sie statische und digitale Formate wie Citylights, Litfa\u00dfs\u00e4ulen oder Digital Screens \u2013 und erfahren Sie sofort, welche Assets \u00fcberzeugen und welche noch Optimierungspotenzial haben.\n<\/div>\n<\/div><div class=\"bde-column-82-134 bde-column\">\n  \n  \n\t\n\n\n\n<img decoding=\"async\" class=\"bde-image2-82-135 bde-image2\" src=\"https:\/\/brainsuite.ai\/wp-content\/uploads\/2025\/10\/Screenshot2025-09-18144236.webp\" loading=\"lazy\" srcset=\"https:\/\/brainsuite.ai\/wp-content\/uploads\/2025\/10\/Screenshot2025-09-18144236.webp 1000w, https:\/\/brainsuite.ai\/wp-content\/uploads\/2025\/10\/Screenshot2025-09-18144236-300x272.webp 300w, https:\/\/brainsuite.ai\/wp-content\/uploads\/2025\/10\/Screenshot2025-09-18144236-768x697.webp 768w\" sizes=\"(max-width: 1000px) 100vw, 1000px\">\n<\/div><\/div><\/div>\n<\/section><section class=\"bde-section-82-139 bde-section\">\n  \n  \n\t\n\n\n\n<div class=\"section-container\"><div class=\"bde-columns-82-140 bde-columns\"><div class=\"bde-column-82-141 bde-column\">\n  \n  \n\t\n\n\n\n<img decoding=\"async\" class=\"bde-image2-82-142 bde-image2\" src=\"https:\/\/brainsuite.ai\/wp-content\/uploads\/2025\/10\/Screenshot2025-09-18144244.webp\" loading=\"lazy\" srcset=\"https:\/\/brainsuite.ai\/wp-content\/uploads\/2025\/10\/Screenshot2025-09-18144244.webp 1000w, https:\/\/brainsuite.ai\/wp-content\/uploads\/2025\/10\/Screenshot2025-09-18144244-300x223.webp 300w, https:\/\/brainsuite.ai\/wp-content\/uploads\/2025\/10\/Screenshot2025-09-18144244-768x571.webp 768w\" sizes=\"(max-width: 1000px) 100vw, 1000px\">\n<\/div><div class=\"bde-column-82-143 bde-column\">\n  \n  \n\t\n\n\n\n<h2 class=\"bde-heading-82-144 bde-heading\">\nVon Briefing bis Launch: Klarheit in jeder Phase\n<\/h2><div class=\"bde-rich-text-82-145 bde-rich-text breakdance-rich-text-styles\">\nEgal in welcher Projektphase \u2013 Brainsuite liefert Ihnen konkrete Insights, die Feedbackprozesse vereinfachen, Abstimmungen beschleunigen und sicherstellen, dass nur die st\u00e4rksten Kreativideen umgesetzt werden.\n<\/div>\n<\/div><\/div><\/div>\n<\/section><section class=\"bde-section-82-146 bde-section\">\n  \n  \n\t\n\n\n\n<div class=\"section-container\"><div class=\"bde-columns-82-147 bde-columns\"><div class=\"bde-column-82-150 bde-column\">\n  \n  \n\t\n\n\n\n<h2 class=\"bde-heading-82-151 bde-heading\">\nSchneller optimieren \u2013 mit klaren Benchmarks\n<\/h2><div class=\"bde-rich-text-82-152 bde-rich-text breakdance-rich-text-styles\">\nVergleichen Sie Ihre Assets nicht nur mit vorherigen Kampagnen, sondern auch mit branchenspezifischen Standards und Mitbewerbern. So heben Sie Ihre kreativen Standards kontinuierlich \u2013 und sichern sich einen klaren Wettbewerbsvorteil.\n<\/div>\n<\/div><div class=\"bde-column-82-148 bde-column\">\n  \n  \n\t\n\n\n\n<img decoding=\"async\" class=\"bde-image2-82-149 bde-image2\" src=\"https:\/\/brainsuite.ai\/wp-content\/uploads\/2025\/10\/Screenshot2025-09-18144256.webp\" loading=\"lazy\" srcset=\"https:\/\/brainsuite.ai\/wp-content\/uploads\/2025\/10\/Screenshot2025-09-18144256.webp 1000w, https:\/\/brainsuite.ai\/wp-content\/uploads\/2025\/10\/Screenshot2025-09-18144256-300x214.webp 300w, https:\/\/brainsuite.ai\/wp-content\/uploads\/2025\/10\/Screenshot2025-09-18144256-768x547.webp 768w\" sizes=\"(max-width: 1000px) 100vw, 1000px\">\n<\/div><\/div><\/div>\n<\/section><section class=\"bde-section-82-154 bde-section\">\n  \n  \n\t\n\n\n\n<div class=\"section-container\"><h2 class=\"bde-heading-82-155 bde-heading\">\nSo steigern f\u00fchrende Marken ihre Wirksamkeit mit Brainsuite\n<\/h2><div class=\"bde-post-list-82-157 bde-post-list single-page-recent-post\"><div class=\"bde-loop bde-loop-grid ee-posts ee-posts-grid\">    <article class=\"bde-loop-item ee-post\">\n                                <a class=\"bde-loop-item__image-link ee-post-image-link \" href=\"https:\/\/brainsuite.ai\/de\/resources\/brainsuite-holt-dr-katrin-kizilkan-als-head-of-marketing-an-bord\/\" aria-label=\"Brainsuite holt Dr. Katrin Kizilkan als Head of Marketing an Bord\">\n                <div class=\"bde-loop-item__image ee-post-image\">\n                    <img loading=\"lazy\" decoding=\"async\" width=\"1620\" height=\"1080\" src=\"https:\/\/brainsuite.ai\/wp-content\/uploads\/2026\/02\/Kopie-von-Blogpost_Vorschaubilder_Templates-25.png\" class=\"attachment-full size-full wp-post-image\" alt=\"\" srcset=\"https:\/\/brainsuite.ai\/wp-content\/uploads\/2026\/02\/Kopie-von-Blogpost_Vorschaubilder_Templates-25.png 1620w, https:\/\/brainsuite.ai\/wp-content\/uploads\/2026\/02\/Kopie-von-Blogpost_Vorschaubilder_Templates-25-300x200.png 300w, https:\/\/brainsuite.ai\/wp-content\/uploads\/2026\/02\/Kopie-von-Blogpost_Vorschaubilder_Templates-25-1024x683.png 1024w, https:\/\/brainsuite.ai\/wp-content\/uploads\/2026\/02\/Kopie-von-Blogpost_Vorschaubilder_Templates-25-768x512.png 768w, https:\/\/brainsuite.ai\/wp-content\/uploads\/2026\/02\/Kopie-von-Blogpost_Vorschaubilder_Templates-25-1536x1024.png 1536w\" sizes=\"auto, (max-width: 1620px) 100vw, 1620px\" \/>                <\/div>\n            <\/a>\n        \n        \n        <div class=\"bde-loop-item__wrap ee-post-wrap\">\n            \n                            <h3 class=\"ee-post-title\">\n                    <a class=\"bde-loop-item__title-link ee-post-title-link\" href=\"https:\/\/brainsuite.ai\/de\/resources\/brainsuite-holt-dr-katrin-kizilkan-als-head-of-marketing-an-bord\/\" >\n                        Brainsuite holt Dr. Katrin Kizilkan als Head of Marketing an Bord                    <\/a>\n                <\/h3>\n            \n    \n                        \n                        \n    \n    \n    \n    \n            \n                    \n            \n            \n\n    \n    \n    \n    \n    \n    <a class=\"breakdance-link button-atom button-atom--custom bde-loop-item__button ee-post-button\" href=\"https:\/\/brainsuite.ai\/de\/resources\/brainsuite-holt-dr-katrin-kizilkan-als-head-of-marketing-an-bord\/\" target=\"_self\" data-type=\"\"  >\n\n    \n        <span class=\"button-atom__text\">Weiterlesen<\/span>\n\n        \n        \n                <\/a>\n\n    \n\n\n\n\n            \n        <\/div>\n\n    <\/article>\n\n    <article class=\"bde-loop-item ee-post\">\n                                <a class=\"bde-loop-item__image-link ee-post-image-link \" href=\"https:\/\/brainsuite.ai\/de\/resources\/brainsuite-launcht-mit-sage-script-den-ersten-synthetischen-experten-fuer-tvc-skripte\/\" aria-label=\"Brainsuite launcht mit \u201eSage Script\u201c den ersten synthetischen Experten f\u00fcr TVC-Skripte\">\n                <div class=\"bde-loop-item__image ee-post-image\">\n                    <img loading=\"lazy\" decoding=\"async\" width=\"1620\" height=\"1080\" src=\"https:\/\/brainsuite.ai\/wp-content\/uploads\/2025\/09\/Kopie-von-Blogpost_Vorschaubilder_Templates-19-1.png\" class=\"attachment-full size-full wp-post-image\" alt=\"\" srcset=\"https:\/\/brainsuite.ai\/wp-content\/uploads\/2025\/09\/Kopie-von-Blogpost_Vorschaubilder_Templates-19-1.png 1620w, https:\/\/brainsuite.ai\/wp-content\/uploads\/2025\/09\/Kopie-von-Blogpost_Vorschaubilder_Templates-19-1-300x200.png 300w, https:\/\/brainsuite.ai\/wp-content\/uploads\/2025\/09\/Kopie-von-Blogpost_Vorschaubilder_Templates-19-1-1024x683.png 1024w, https:\/\/brainsuite.ai\/wp-content\/uploads\/2025\/09\/Kopie-von-Blogpost_Vorschaubilder_Templates-19-1-768x512.png 768w, https:\/\/brainsuite.ai\/wp-content\/uploads\/2025\/09\/Kopie-von-Blogpost_Vorschaubilder_Templates-19-1-1536x1024.png 1536w\" sizes=\"auto, (max-width: 1620px) 100vw, 1620px\" \/>                <\/div>\n            <\/a>\n        \n        \n        <div class=\"bde-loop-item__wrap ee-post-wrap\">\n            \n                            <h3 class=\"ee-post-title\">\n                    <a class=\"bde-loop-item__title-link ee-post-title-link\" href=\"https:\/\/brainsuite.ai\/de\/resources\/brainsuite-launcht-mit-sage-script-den-ersten-synthetischen-experten-fuer-tvc-skripte\/\" >\n                        Brainsuite launcht mit \u201eSage Script\u201c den ersten synthetischen Experten f\u00fcr TVC-Skripte                    <\/a>\n                <\/h3>\n            \n    \n                        \n                        \n    \n    \n    \n    \n            \n                    \n            \n            \n\n    \n    \n    \n    \n    \n    <a class=\"breakdance-link button-atom button-atom--custom bde-loop-item__button ee-post-button\" href=\"https:\/\/brainsuite.ai\/de\/resources\/brainsuite-launcht-mit-sage-script-den-ersten-synthetischen-experten-fuer-tvc-skripte\/\" target=\"_self\" data-type=\"\"  >\n\n    \n        <span class=\"button-atom__text\">Weiterlesen<\/span>\n\n        \n        \n                <\/a>\n\n    \n\n\n\n\n            \n        <\/div>\n\n    <\/article>\n\n    <article class=\"bde-loop-item ee-post\">\n                                <a class=\"bde-loop-item__image-link ee-post-image-link \" href=\"https:\/\/brainsuite.ai\/de\/resources\/mehr-markenwirkung-durch-datenbasierte-optimierung-von-ooh-kampagnen\/\" aria-label=\"Mehr Markenwirkung durch datenbasierte Optimierung von OOH-Kampagnen\">\n                <div class=\"bde-loop-item__image ee-post-image\">\n                    <img loading=\"lazy\" decoding=\"async\" width=\"1620\" height=\"1080\" src=\"https:\/\/brainsuite.ai\/wp-content\/uploads\/2025\/09\/Kopie-von-Blogpost_Vorschaubilder_Templates-11.png\" class=\"attachment-full size-full wp-post-image\" alt=\"\" srcset=\"https:\/\/brainsuite.ai\/wp-content\/uploads\/2025\/09\/Kopie-von-Blogpost_Vorschaubilder_Templates-11.png 1620w, https:\/\/brainsuite.ai\/wp-content\/uploads\/2025\/09\/Kopie-von-Blogpost_Vorschaubilder_Templates-11-300x200.png 300w, https:\/\/brainsuite.ai\/wp-content\/uploads\/2025\/09\/Kopie-von-Blogpost_Vorschaubilder_Templates-11-1024x683.png 1024w, https:\/\/brainsuite.ai\/wp-content\/uploads\/2025\/09\/Kopie-von-Blogpost_Vorschaubilder_Templates-11-768x512.png 768w, https:\/\/brainsuite.ai\/wp-content\/uploads\/2025\/09\/Kopie-von-Blogpost_Vorschaubilder_Templates-11-1536x1024.png 1536w\" sizes=\"auto, (max-width: 1620px) 100vw, 1620px\" \/>                <\/div>\n            <\/a>\n        \n        \n        <div class=\"bde-loop-item__wrap ee-post-wrap\">\n            \n                            <h3 class=\"ee-post-title\">\n                    <a class=\"bde-loop-item__title-link ee-post-title-link\" href=\"https:\/\/brainsuite.ai\/de\/resources\/mehr-markenwirkung-durch-datenbasierte-optimierung-von-ooh-kampagnen\/\" >\n                        Mehr Markenwirkung durch datenbasierte Optimierung von OOH-Kampagnen                    <\/a>\n                <\/h3>\n            \n    \n                        \n                        \n    \n    \n    \n    \n            \n                    \n            \n            \n\n    \n    \n    \n    \n    \n    <a class=\"breakdance-link button-atom button-atom--custom bde-loop-item__button ee-post-button\" href=\"https:\/\/brainsuite.ai\/de\/resources\/mehr-markenwirkung-durch-datenbasierte-optimierung-von-ooh-kampagnen\/\" target=\"_self\" data-type=\"\"  >\n\n    \n        <span class=\"button-atom__text\">Weiterlesen<\/span>\n\n        \n        \n                <\/a>\n\n    \n\n\n\n\n            \n        <\/div>\n\n    <\/article>\n\n    <article class=\"bde-loop-item ee-post\">\n                                <a class=\"bde-loop-item__image-link ee-post-image-link \" href=\"https:\/\/brainsuite.ai\/de\/resources\/shopper-marketing-am-pos-wie-imi-salesmarketing-mit-ki-verkaufsflaechen-optimiert\/\" aria-label=\"Shopper Marketing am POS: Wie iMi salesmarketing mit KI Verkaufsfl\u00e4chen optimiert\">\n                <div class=\"bde-loop-item__image ee-post-image\">\n                    <img loading=\"lazy\" decoding=\"async\" width=\"1620\" height=\"1080\" src=\"https:\/\/brainsuite.ai\/wp-content\/uploads\/2025\/10\/KopievonBlogpost_Vorschaubilder_Templates8.webp\" class=\"attachment-full size-full wp-post-image\" alt=\"\" srcset=\"https:\/\/brainsuite.ai\/wp-content\/uploads\/2025\/10\/KopievonBlogpost_Vorschaubilder_Templates8.webp 1620w, https:\/\/brainsuite.ai\/wp-content\/uploads\/2025\/10\/KopievonBlogpost_Vorschaubilder_Templates8-300x200.webp 300w, https:\/\/brainsuite.ai\/wp-content\/uploads\/2025\/10\/KopievonBlogpost_Vorschaubilder_Templates8-1024x683.webp 1024w, https:\/\/brainsuite.ai\/wp-content\/uploads\/2025\/10\/KopievonBlogpost_Vorschaubilder_Templates8-768x512.webp 768w, https:\/\/brainsuite.ai\/wp-content\/uploads\/2025\/10\/KopievonBlogpost_Vorschaubilder_Templates8-1536x1024.webp 1536w\" sizes=\"auto, (max-width: 1620px) 100vw, 1620px\" \/>                <\/div>\n            <\/a>\n        \n        \n        <div class=\"bde-loop-item__wrap ee-post-wrap\">\n            \n                            <h3 class=\"ee-post-title\">\n                    <a class=\"bde-loop-item__title-link ee-post-title-link\" href=\"https:\/\/brainsuite.ai\/de\/resources\/shopper-marketing-am-pos-wie-imi-salesmarketing-mit-ki-verkaufsflaechen-optimiert\/\" >\n                        Shopper Marketing am POS: Wie iMi salesmarketing mit KI Verkaufsfl\u00e4chen optimiert                    <\/a>\n                <\/h3>\n            \n    \n                        \n                        \n    \n    \n    \n    \n            \n                    \n            \n            \n\n    \n    \n    \n    \n    \n    <a class=\"breakdance-link button-atom button-atom--custom bde-loop-item__button ee-post-button\" href=\"https:\/\/brainsuite.ai\/de\/resources\/shopper-marketing-am-pos-wie-imi-salesmarketing-mit-ki-verkaufsflaechen-optimiert\/\" target=\"_self\" data-type=\"\"  >\n\n    \n        <span class=\"button-atom__text\">Weiterlesen<\/span>\n\n        \n        \n                <\/a>\n\n    \n\n\n\n\n            \n        <\/div>\n\n    <\/article>\n\n<\/div><div class='bde-posts-pagination' data-ssr-path='breakdance\/subplugins\/breakdance-elements\/elements\/PostsList\/ssr.php'>\n\n                                    \n    \n    \n    \n    \n            \n            <button type=\"submit\" class=\"button-atom button-atom--custom bde-posts-pagination-loadmore-button\"  >\n    \n        <span class=\"button-atom__text\">Weitere Artikel laden<\/span>\n\n        \n        \n            <\/button>\n    \n\n<\/div><\/div><\/div>\n<\/section><div class=\"bde-globalblock-82-153 bde-globalblock\"><section class=\"bde-section-216-100-216-1 bde-section bde-section-216-100\">\n  \n  \n\t\n\n\n\n<div class=\"section-container\"><h2 class=\"bde-heading-216-101-216-1 bde-heading bde-heading-216-101\">\nStarten Sie noch heute mit der Optimierung Ihrer Marketingerfolge\n<\/h2><div class=\"bde-rich-text-216-102-216-1 bde-rich-text bde-rich-text-216-102 breakdance-rich-text-styles\">\nSchlie\u00dfen Sie sich 400+ globalen Marken an, die mit Brainsuite ihren Marketing-ROI maximieren.\n<\/div><div class=\"bde-button-216-103-216-1 bde-button w-100-m bde-button-216-103\">\n    \n                        \n                        \n    \n    \n    \n    \n            \n                    \n            \n            \n\n    \n    \n    \n    \n    \n    <a class=\"breakdance-link button-atom button-atom--secondary bde-button__button\" href=\"\/de\/demo\" target=\"_self\" data-type=\"url\"  >\n\n    \n        <span class=\"button-atom__text\">Jetzt kostenlose Demo buchen<\/span>\n\n        \n        \n                <\/a>\n\n    \n\n\n<\/div><\/div>\n<\/section><\/div>","protected":false},"excerpt":{"rendered":"","protected":false},"author":5,"featured_media":0,"parent":0,"menu_order":0,"comment_status":"closed","ping_status":"closed","template":"","meta":{"_breakdance_hide_in_design_set":false,"_breakdance_tags":"","footnotes":""},"class_list":["post-82","page","type-page","status-publish","hentry"],"_links":{"self":[{"href":"https:\/\/brainsuite.ai\/de\/wp-json\/wp\/v2\/pages\/82","targetHints":{"allow":["GET"]}}],"collection":[{"href":"https:\/\/brainsuite.ai\/de\/wp-json\/wp\/v2\/pages"}],"about":[{"href":"https:\/\/brainsuite.ai\/de\/wp-json\/wp\/v2\/types\/page"}],"author":[{"embeddable":true,"href":"https:\/\/brainsuite.ai\/de\/wp-json\/wp\/v2\/users\/5"}],"replies":[{"embeddable":true,"href":"https:\/\/brainsuite.ai\/de\/wp-json\/wp\/v2\/comments?post=82"}],"version-history":[{"count":10,"href":"https:\/\/brainsuite.ai\/de\/wp-json\/wp\/v2\/pages\/82\/revisions"}],"predecessor-version":[{"id":3700,"href":"https:\/\/brainsuite.ai\/de\/wp-json\/wp\/v2\/pages\/82\/revisions\/3700"}],"wp:attachment":[{"href":"https:\/\/brainsuite.ai\/de\/wp-json\/wp\/v2\/media?parent=82"}],"curies":[{"name":"wp","href":"https:\/\/api.w.org\/{rel}","templated":true}]}}