{"id":86,"date":"2025-09-23T14:52:28","date_gmt":"2025-09-23T12:52:28","guid":{"rendered":"https:\/\/brainsuite.ai\/?page_id=86"},"modified":"2026-01-16T12:14:10","modified_gmt":"2026-01-16T11:14:10","slug":"platform","status":"publish","type":"page","link":"https:\/\/brainsuite.ai\/de\/platform\/","title":{"rendered":"Platform"},"content":{"rendered":"<section class=\"bde-section-86-100 bde-section hero-bg-image\">\n  \n  \n\t\n\n\n\n<div class=\"section-container\"><div class=\"bde-columns-86-101 bde-columns\"><div class=\"bde-column-86-102 bde-column\">\n  \n  \n\t\n\n\n\n<h1 class=\"bde-heading-86-103 bde-heading\">\nDie zentrale KI-Plattform zur Wirksamkeitskontrolle\n<\/h1><img decoding=\"async\" class=\"bde-image2-86-201 bde-image2\" src=\"https:\/\/brainsuite.ai\/wp-content\/uploads\/2025\/10\/lachelnde-junge-frau-sitzt-am-schreibtisch-und-arbeitet-am-tragbaren-computer-ihren-handen.webp\" loading=\"lazy\" srcset=\"https:\/\/brainsuite.ai\/wp-content\/uploads\/2025\/10\/lachelnde-junge-frau-sitzt-am-schreibtisch-und-arbeitet-am-tragbaren-computer-ihren-handen.webp 2500w, https:\/\/brainsuite.ai\/wp-content\/uploads\/2025\/10\/lachelnde-junge-frau-sitzt-am-schreibtisch-und-arbeitet-am-tragbaren-computer-ihren-handen-300x169.webp 300w, https:\/\/brainsuite.ai\/wp-content\/uploads\/2025\/10\/lachelnde-junge-frau-sitzt-am-schreibtisch-und-arbeitet-am-tragbaren-computer-ihren-handen-1024x576.webp 1024w, https:\/\/brainsuite.ai\/wp-content\/uploads\/2025\/10\/lachelnde-junge-frau-sitzt-am-schreibtisch-und-arbeitet-am-tragbaren-computer-ihren-handen-768x432.webp 768w, https:\/\/brainsuite.ai\/wp-content\/uploads\/2025\/10\/lachelnde-junge-frau-sitzt-am-schreibtisch-und-arbeitet-am-tragbaren-computer-ihren-handen-1536x864.webp 1536w, https:\/\/brainsuite.ai\/wp-content\/uploads\/2025\/10\/lachelnde-junge-frau-sitzt-am-schreibtisch-und-arbeitet-am-tragbaren-computer-ihren-handen-2048x1152.webp 2048w\" sizes=\"(max-width: 2500px) 100vw, 2500px\"><div class=\"bde-rich-text-86-104 bde-rich-text breakdance-rich-text-styles\">\n<p>Effektivit\u00e4tskontrolle im gro\u00dfen Ma\u00dfstab \u2013 KI in messbaren Gesch\u00e4ftswert verwandeln.<\/p><p>Brainsuite ist die flexible und sichere Plattform zur Integration von Wirksamkeitskontrolle in Ihre bestehenden Prozesse, Workflows und Systeme.<\/p><p>Belegen und optimieren Sie den ROI \u00fcber alle Touchpoints hinweg \u2013 ma\u00dfgeschneidert f\u00fcr Ihre Anforderungen. Alles an einem Ort.<\/p>\n<\/div><div class=\"bde-button-86-105 bde-button w-100-m\">\n    \n                                    \n    \n    \n    \n    \n            \n                    \n            \n            \n\n    \n    \n    \n    \n    \n    <a class=\"breakdance-link button-atom button-atom--primary bde-button__button\" href=\"\/de\/demo\/\" target=\"_self\" data-type=\"url\"  >\n\n    \n        <span class=\"button-atom__text\">Jetzt Demo buchen<\/span>\n\n        \n        \n                <\/a>\n\n    \n\n\n<\/div>\n<\/div><div class=\"bde-column-86-106 bde-column\">\n  \n  \n\t\n\n\n\n\n<\/div><\/div><\/div>\n<\/section><section class=\"bde-section-86-107 bde-section\">\n  \n  \n\t\n\n\n\n<div class=\"section-container\"><div class=\"bde-columns-86-108 bde-columns\"><div class=\"bde-column-86-112 bde-column\">\n  \n  \n\t\n\n\n\n<img decoding=\"async\" class=\"bde-image2-86-113 bde-image2\" src=\"https:\/\/brainsuite.ai\/wp-content\/uploads\/2025\/10\/Unbenannt-e1759349972564.webp\" alt=\"Unbenannt\" loading=\"lazy\" sizes=\"(max-width: 1200px) 100vw, 1200px\">\n<\/div><div class=\"bde-column-86-109 bde-column\">\n  \n  \n\t\n\n\n\n<h2 class=\"bde-heading-86-110 bde-heading\">\nDas umfassendste Portfolio sofort einsetzbarer KI-Apps\n<\/h2><div class=\"bde-rich-text-86-111 bde-rich-text breakdance-rich-text-styles\">\n<p>Brainsuite bietet das<strong> breiteste Spektrum sofort einsatzbereiter KI-Apps<\/strong> \u2013 von Verpackungsdesigns \u00fcber digitale Anzeigen bis hin zu TV-Spots und Social Media Content. Jede App beruht auf <strong>neurowissenschaftlich validierten Wirkprinzipien<\/strong> und wird exakt auf <strong>kanal- und assetspezifische Anforderungen<\/strong> zugeschnitten. Kein One-Size-Fits-All \u2013 sondern <strong>individuelle Effektivit\u00e4t<\/strong> f\u00fcr jeden Touchpoint.<\/p>\n<\/div>\n<\/div><\/div><\/div>\n<\/section><section class=\"bde-section-86-114 bde-section\">\n  \n  \n\t\n\n\n\n<div class=\"section-container\"><div class=\"bde-columns-86-115 bde-columns\"><div class=\"bde-column-86-116 bde-column\">\n  \n  \n\t\n\n\n\n<h2 class=\"bde-heading-86-117 bde-heading\">\nWirksamkeit skalierbar steuern \u2013 unternehmensweit\n<\/h2><div class=\"bde-rich-text-86-118 bde-rich-text breakdance-rich-text-styles\">\n<p>Brainsuite wurde f\u00fcr Marken entwickelt, die weltweit agieren und Effizienz auf allen Ebenen skalieren wollen. Dank <strong>Flat-Usage- und Flat-User-Modell<\/strong> erhalten alle Teams \u2013 standort- und funktions\u00fcbergreifend \u2013 uneingeschr\u00e4nkten Zugriff auf die Plattform. \u00dcber <strong>API-Schnittstellen<\/strong> l\u00e4sst sich Brainsuite <strong>nahtlos in bestehende Systeme<\/strong> wie DAM, MMM, Ad Manager oder GenAI-L\u00f6sungen integrieren.<\/p>\n<\/div>\n<\/div><div class=\"bde-column-86-119 bde-column\">\n  \n  \n\t\n\n\n\n<img decoding=\"async\" class=\"bde-image2-86-120 bde-image2\" src=\"https:\/\/brainsuite.ai\/wp-content\/uploads\/2025\/10\/Brandexperiece.webp\" loading=\"lazy\" srcset=\"https:\/\/brainsuite.ai\/wp-content\/uploads\/2025\/10\/Brandexperiece.webp 1000w, https:\/\/brainsuite.ai\/wp-content\/uploads\/2025\/10\/Brandexperiece-300x216.webp 300w, https:\/\/brainsuite.ai\/wp-content\/uploads\/2025\/10\/Brandexperiece-768x554.webp 768w\" sizes=\"(max-width: 1000px) 100vw, 1000px\">\n<\/div><\/div><\/div>\n<\/section><section class=\"bde-section-86-121 bde-section\">\n  \n  \n\t\n\n\n\n<div class=\"section-container\"><div class=\"bde-columns-86-122 bde-columns\"><div class=\"bde-column-86-126 bde-column\">\n  \n  \n\t\n\n\n\n<img decoding=\"async\" class=\"bde-image2-86-127 bde-image2\" src=\"https:\/\/brainsuite.ai\/wp-content\/uploads\/2025\/10\/Bildschirmfoto2025-04-02um11.56.16.webp\" loading=\"lazy\" srcset=\"https:\/\/brainsuite.ai\/wp-content\/uploads\/2025\/10\/Bildschirmfoto2025-04-02um11.56.16.webp 498w, https:\/\/brainsuite.ai\/wp-content\/uploads\/2025\/10\/Bildschirmfoto2025-04-02um11.56.16-300x103.webp 300w\" sizes=\"(max-width: 498px) 100vw, 498px\"><div class=\"bde-text-86-199 bde-text\">\nMenschliche Verhaltensdaten\n<\/div>\n<\/div><div class=\"bde-column-86-123 bde-column\">\n  \n  \n\t\n\n\n\n<h2 class=\"bde-heading-86-124 bde-heading\">\nVerl\u00e4ssliche Vorhersagen \u2013 validiert mit realen Verhaltensdaten\n<\/h2><div class=\"bde-rich-text-86-125 bde-rich-text breakdance-rich-text-styles\">\n<p>Unsere KI basiert auf \u00fcber <strong>1 Milliarde<\/strong> echten menschlichen Verhaltensdaten und nutzt \u00fcber <strong>100 spezialisierte Modelle<\/strong> f\u00fcr h\u00f6chste Vorhersagegenauigkeit \u2013 f\u00fcr Insights, auf die Sie sich verlassen k\u00f6nnen.<\/p>\n<\/div>\n<\/div><\/div><\/div>\n<\/section><section class=\"bde-section-86-128 bde-section\">\n  \n  \n\t\n\n\n\n<div class=\"section-container\"><div class=\"bde-columns-86-129 bde-columns\"><div class=\"bde-column-86-130 bde-column\">\n  \n  \n\t\n\n\n\n<h2 class=\"bde-heading-86-131 bde-heading\">\nNahtlose API-Integration: Effektivit\u00e4t direkt in Ihre Workflows eingebettet\n<\/h2><div class=\"bde-rich-text-86-132 bde-rich-text breakdance-rich-text-styles\">\nBrainsuite f\u00fcgt sich direkt in Ihre bestehenden Systeme ein \u2013 vom Ad Manager \u00fcber DAM und MMM bis hin zu GenAI-L\u00f6sungen. So wird kreative Optimierung automatisiert und KI zum integralen Bestandteil Ihres Workflows.\n<\/div>\n<\/div><div class=\"bde-column-86-133 bde-column\">\n  \n  \n\t\n\n\n\n<img decoding=\"async\" class=\"bde-image2-86-134 bde-image2\" src=\"https:\/\/brainsuite.ai\/wp-content\/uploads\/2025\/10\/API_integration@2x.webp\" loading=\"lazy\" srcset=\"https:\/\/brainsuite.ai\/wp-content\/uploads\/2025\/10\/API_integration@2x.webp 750w, https:\/\/brainsuite.ai\/wp-content\/uploads\/2025\/10\/API_integration@2x-298x300.webp 298w, https:\/\/brainsuite.ai\/wp-content\/uploads\/2025\/10\/API_integration@2x-150x150.webp 150w\" sizes=\"(max-width: 750px) 100vw, 750px\">\n<\/div><\/div><\/div>\n<\/section><section class=\"bde-section-86-135 bde-section\">\n  \n  \n\t\n\n\n\n<div class=\"section-container\"><h2 class=\"bde-heading-86-136 bde-heading\">\nBrainsuite in der Praxis: Von der ersten Idee bis zur finalen Ausspielung\n<\/h2><div class=\"bde-rich-text-86-137 bde-rich-text breakdance-rich-text-styles\">\n<p>Marketingeffektivit\u00e4t ist kein Zufall \u2013 sie entsteht durch kluge Entscheidungen in jeder Phase. Brainsuite stellt sicher, dass jedes Asset einen datenbasierten Optimierungsprozess durchl\u00e4uft \u2013 von der ersten Idee bis zur finalen Ausspielung.<\/p>\n<\/div><div class=\"bde-columns-86-138 bde-columns\"><div class=\"bde-column-86-139 bde-column\">\n  \n  \n\t\n\n\n\n<div class=\"bde-image-box-86-140 bde-image-box bde-image-box-content-padding-only\">\n<div class=\"ee-imagebox-image\">\n  <img loading=\"lazy\" decoding=\"async\" class=\"breakdance-image-object\" src=\"https:\/\/brainsuite.ai\/wp-content\/uploads\/2025\/10\/laptop_screen_brainsuite-scaled-e1759391124966.webp\" width=\"401\" height=\"600\" sizes=\"auto, (max-width: 401px) 100vw, 401px\">\n<\/div>\n<div class=\"ee-imagebox-content\">\n      <p class=\"ee-imagebox-title bde-h3\" >Briefing<\/p>\n    \n      <div class=\"ee-imagebox-text\" >Vergangene Kampagnen analysieren und mit Wettbewerbern vergleichen, um zuk\u00fcnftige Kampagnen gezielt zu optimieren.<\/div>\n    \n  <\/div>\n\n<\/div>\n<\/div><div class=\"bde-column-86-141 bde-column\">\n  \n  \n\t\n\n\n\n<div class=\"bde-image-box-86-142 bde-image-box bde-image-box-content-padding-only\">\n<div class=\"ee-imagebox-image\">\n  <img loading=\"lazy\" decoding=\"async\" class=\"breakdance-image-object\" src=\"https:\/\/brainsuite.ai\/wp-content\/uploads\/2025\/10\/Brainsuite_Cockpit_Ipad.webp\" width=\"750\" height=\"600\" srcset=\"https:\/\/brainsuite.ai\/wp-content\/uploads\/2025\/10\/Brainsuite_Cockpit_Ipad.webp 750w, https:\/\/brainsuite.ai\/wp-content\/uploads\/2025\/10\/Brainsuite_Cockpit_Ipad-300x240.webp 300w\" sizes=\"auto, (max-width: 750px) 100vw, 750px\">\n<\/div>\n<div class=\"ee-imagebox-content\">\n      <p class=\"ee-imagebox-title bde-h3\" >Entwicklung<\/p>\n    \n      <div class=\"ee-imagebox-text\" >A\/B-Tests und iterative Optimierung sorgen f\u00fcr maximale Wirkung im Markt. <\/br><\/br><\/div>\n    \n  <\/div>\n\n<\/div>\n<\/div><div class=\"bde-column-86-143 bde-column\">\n  \n  \n\t\n\n\n\n<div class=\"bde-image-box-86-144 bde-image-box bde-image-box-content-padding-only\">\n<div class=\"ee-imagebox-image\">\n  <img loading=\"lazy\" decoding=\"async\" class=\"breakdance-image-object\" src=\"https:\/\/brainsuite.ai\/wp-content\/uploads\/2025\/10\/future-work-startup-team-modern-office-setting-e1759391264458.webp\" width=\"600\" height=\"600\" sizes=\"auto, (max-width: 600px) 100vw, 600px\">\n<\/div>\n<div class=\"ee-imagebox-content\">\n      <p class=\"ee-imagebox-title bde-h3\" >Launch<\/p>\n    \n      <div class=\"ee-imagebox-text\" >Wirksamkeit als feste Entscheidungsh\u00fcrde etablieren \u2013 und so Stufe f\u00fcr Stufe auf der Effektivit\u00e4tsleiter nach oben klettern.<\/div>\n    \n  <\/div>\n\n<\/div>\n<\/div><\/div><\/div>\n<\/section><section class=\"bde-section-86-149 bde-section\">\n  \n  \n\t\n\n\n\n<div class=\"section-container\"><div class=\"bde-columns-86-150 bde-columns\"><div class=\"bde-column-86-151 bde-column\">\n  \n  \n\t\n\n\n\n<img decoding=\"async\" class=\"bde-image2-86-152 bde-image2\" src=\"https:\/\/brainsuite.ai\/wp-content\/uploads\/2025\/10\/tailoredconfig.webp\" loading=\"lazy\" srcset=\"https:\/\/brainsuite.ai\/wp-content\/uploads\/2025\/10\/tailoredconfig.webp 1000w, https:\/\/brainsuite.ai\/wp-content\/uploads\/2025\/10\/tailoredconfig-300x233.webp 300w, https:\/\/brainsuite.ai\/wp-content\/uploads\/2025\/10\/tailoredconfig-768x595.webp 768w\" sizes=\"(max-width: 1000px) 100vw, 1000px\">\n<\/div><div class=\"bde-column-86-153 bde-column\">\n  \n  \n\t\n\n\n\n<h2 class=\"bde-heading-86-154 bde-heading\">\nF\u00fcr nahtlose Integration und maximale Flexibilit\u00e4t\n<\/h2><div class=\"bde-rich-text-86-155 bde-rich-text breakdance-rich-text-styles\">\n<p>Brainsuite passt sich an Ihre bestehenden Prozesse an \u2013 f\u00fcr eine schnelle, reibungslose Einf\u00fchrung ohne Umwege. Ob globales Unternehmen oder agiles Marketingteam \u2013 die Plattform l\u00e4sst sich einfach implementieren.<\/p><p>Benutzer- und Rechteverwaltung sorgt f\u00fcr Klarheit, Sicherheit und effiziente Zusammenarbeit: Jeder sieht nur, was er sehen soll \u2013 sensible Daten bleiben gesch\u00fctzt.<\/p>\n<\/div>\n<\/div><\/div><\/div>\n<\/section><section class=\"bde-section-86-156 bde-section\">\n  \n  \n\t\n\n\n\n<div class=\"section-container\"><div class=\"bde-columns-86-157 bde-columns\"><div class=\"bde-column-86-158 bde-column\">\n  \n  \n\t\n\n\n\n<h2 class=\"bde-heading-86-159 bde-heading\">\nOptimierung auf Knopfdruck \u2013 mit KI-basierten Empfehlungen\n<\/h2><div class=\"bde-rich-text-86-160 bde-rich-text breakdance-rich-text-styles\">\nBrainsuite verwandelt Insights in Empfehlungen: Die Advice-Funktion agiert wie ein virtueller Kreativexperte \u2013 und liefert fundierte, sofort umsetzbare Optimierungsvorschl\u00e4ge. Wissenschaftlich belegt, klar verst\u00e4ndlich und direkt anwendbar.\n<\/div>\n<\/div><div class=\"bde-column-86-161 bde-column\">\n  \n  \n\t\n\n\n\n<img decoding=\"async\" class=\"bde-image2-86-162 bde-image2\" src=\"https:\/\/brainsuite.ai\/wp-content\/uploads\/2025\/10\/Advice_orange.webp\" loading=\"lazy\" sizes=\"(max-width: 300px) 100vw, 300px\"><img decoding=\"async\" class=\"bde-image2-86-200 bde-image2\" src=\"https:\/\/brainsuite.ai\/wp-content\/uploads\/2025\/10\/Advice_DE.webp\" loading=\"lazy\" srcset=\"https:\/\/brainsuite.ai\/wp-content\/uploads\/2025\/10\/Advice_DE.webp 1000w, https:\/\/brainsuite.ai\/wp-content\/uploads\/2025\/10\/Advice_DE-300x130.webp 300w, https:\/\/brainsuite.ai\/wp-content\/uploads\/2025\/10\/Advice_DE-768x333.webp 768w\" sizes=\"(max-width: 1000px) 100vw, 1000px\">\n<\/div><\/div><\/div>\n<\/section><section class=\"bde-section-86-163 bde-section\">\n  \n  \n\t\n\n\n\n<div class=\"section-container\"><div class=\"bde-columns-86-164 bde-columns\"><div class=\"bde-column-86-165 bde-column\">\n  \n  \n\t\n\n\n\n<img decoding=\"async\" class=\"bde-image2-86-166 bde-image2\" src=\"https:\/\/brainsuite.ai\/wp-content\/uploads\/2025\/10\/ChatGPTImageMar27202503_49_23PM.webp\" loading=\"lazy\" srcset=\"https:\/\/brainsuite.ai\/wp-content\/uploads\/2025\/10\/ChatGPTImageMar27202503_49_23PM.webp 750w, https:\/\/brainsuite.ai\/wp-content\/uploads\/2025\/10\/ChatGPTImageMar27202503_49_23PM-300x169.webp 300w\" sizes=\"(max-width: 750px) 100vw, 750px\">\n<\/div><div class=\"bde-column-86-167 bde-column\">\n  \n  \n\t\n\n\n\n<h2 class=\"bde-heading-86-168 bde-heading\">\nBenchmarking leicht gemacht\n<\/h2><div class=\"bde-rich-text-86-169 bde-rich-text breakdance-rich-text-styles\">\nMit Brainsuite Memory wird Benchmarking zum Selbstl\u00e4ufer. Vergleichen Sie Ihre Assets mit Branchenstandards, passen Sie Benchmarks individuell an und verfolgen Sie Ihre Fortschritte in Echtzeit \u2013 f\u00fcr datenbasierte Entscheidungen statt Bauchgef\u00fchl.\n<\/div>\n<\/div><\/div><\/div>\n<\/section><section class=\"bde-section-86-170 bde-section\">\n  \n  \n\t\n\n\n\n<div class=\"section-container\"><div class=\"bde-columns-86-171 bde-columns\"><div class=\"bde-column-86-172 bde-column\">\n  \n  \n\t\n\n\n\n<h2 class=\"bde-heading-86-175 bde-heading\">\nIhre Daten. Ihre Kontrolle. \n<\/h2>\n<\/div><div class=\"bde-column-86-174 bde-column\">\n  \n  \n\t\n\n\n\n<div class=\"bde-rich-text-86-176 bde-rich-text breakdance-rich-text-styles\">\n<p>Datensicherheit ist nicht verhandelbar. Brainsuite ist vollst\u00e4ndig DSGVO-konform und basiert auf branchenweit anerkannten Sicherheitsstandards. Ihre Daten bleiben jederzeit gesch\u00fctzt und unter Ihrer Kontrolle \u2013 ohne Weitergabe, ohne Wiederverkauf. \u00dcber individuell konfigurierbare Zugriffsrechte bestimmen Sie, wer welche Informationen sehen darf. So bleibt auch sensible Unternehmensinformation jederzeit sicher.<\/p>\n<p>Detaillierte Informationen zu unseren Sicherheitsstandards und Compliance-Richtlinien finden Sie im <a href=\"https:\/\/trust.brainsuite.ai\/\" target=\"_new\">Brainsuite Trust Center<\/a>.<\/p>\n<\/div>\n<\/div><\/div><\/div>\n<\/section><section class=\"bde-section-86-177 bde-section\">\n  \n  \n\t\n\n\n\n<div class=\"section-container\"><h2 class=\"bde-heading-86-189 bde-heading\">\nFAQs\n<\/h2><div class=\"bde-accordion-86-178 bde-accordion bde-accordion--bordered\"><div class=\"bde-accordion__content-wrapper-86-179 bde-accordion__content-wrapper\">\n<h3 class=\"bde-accordion__title-tag\">\n  <button type=\"button\" class=\"bde-accordion__button\" id=\"accordion-button-179\" aria-controls=\"accordion-panel-179\" aria-expanded=\"false\">\n     <span class=\"bde-accordion__title\" >Wie stellt Brainsuite eine pr\u00e4zise Vorhersage sicher?<\/span>\n     <span class=\"bde-accordion__icon bde-accordion__icon--default\"><\/span>\n     <span class=\"bde-accordion__icon bde-accordion__icon--active\"><\/span>\n  <\/button>\n<\/h3>\n\n<div role=\"region\" class=\"bde-accordion__panel\" id=\"accordion-panel-179\" aria-labelledby=\"accordion-button-179\">\n    <div class=\"bde-accordion__panel-content\">\n        <div class=\"bde-text-86-181 bde-text\">\n <p>Es gibt drei zentrale Faktoren f\u00fcr die hohe Prognosegenauigkeit:<\/p><ol><li>Wir nutzen neurowissenschaftliche Erkenntnisse dar\u00fcber, was Werbewirkung ausmacht.<\/li><li>Jedes der \u00fcber 100 KI-Modelle basiert auf realen menschlichen Verhaltensdaten.<\/li><li>Dar\u00fcber hinaus bieten wir die M\u00f6glichkeit, ma\u00dfgeschneiderte Vorhersagemodelle auf Grundlage unternehmenseigener Marktdaten zu trainieren \u2013 f\u00fcr passgenaue, individuelle Prognosen.<\/li><\/ol>\n<\/div>\n    <\/div>\n<\/div>\n\n\n\n<\/div><div class=\"bde-accordion__content-wrapper-86-192 bde-accordion__content-wrapper\">\n<h3 class=\"bde-accordion__title-tag\">\n  <button type=\"button\" class=\"bde-accordion__button\" id=\"accordion-button-192\" aria-controls=\"accordion-panel-192\" aria-expanded=\"false\">\n     <span class=\"bde-accordion__title\" >Wie gew\u00e4hrleistet Brainsuite die Validit\u00e4t seiner Vorhersagen?<\/span>\n     <span class=\"bde-accordion__icon bde-accordion__icon--default\"><\/span>\n     <span class=\"bde-accordion__icon bde-accordion__icon--active\"><\/span>\n  <\/button>\n<\/h3>\n\n<div role=\"region\" class=\"bde-accordion__panel\" id=\"accordion-panel-192\" aria-labelledby=\"accordion-button-192\">\n    <div class=\"bde-accordion__panel-content\">\n        <div class=\"bde-text-86-193 bde-text\">\n<p>Ein dreistufiger Validierungsprozess stellt eine gleichbleibend hohe Genauigkeit sicher:<\/p><ul><li>Direkte KI-Validierung mithilfe eines 80\/20-Splits von Verhaltensdaten<br><\/li><li>Wissenschaftliche Validierung der zugrunde liegenden Wirkungsmetriken<\/li><li>Abgleich mit realen Performance-Kennzahlen wie Sales- oder Engagement-Daten<\/li><\/ul><p>Dieses Vorgehen erm\u00f6glicht verl\u00e4ssliche, datengest\u00fctzte Kreativentscheidungen.<\/p>\n<\/div>\n    <\/div>\n<\/div>\n\n\n\n<\/div><div class=\"bde-accordion__content-wrapper-86-194 bde-accordion__content-wrapper\">\n<h3 class=\"bde-accordion__title-tag\">\n  <button type=\"button\" class=\"bde-accordion__button\" id=\"accordion-button-194\" aria-controls=\"accordion-panel-194\" aria-expanded=\"false\">\n     <span class=\"bde-accordion__title\" >Wie ber\u00fccksichtigt Brainsuite unterschiedliche Asset-Typen?<\/span>\n     <span class=\"bde-accordion__icon bde-accordion__icon--default\"><\/span>\n     <span class=\"bde-accordion__icon bde-accordion__icon--active\"><\/span>\n  <\/button>\n<\/h3>\n\n<div role=\"region\" class=\"bde-accordion__panel\" id=\"accordion-panel-194\" aria-labelledby=\"accordion-button-194\">\n    <div class=\"bde-accordion__panel-content\">\n        <div class=\"bde-text-86-195 bde-text\">\n<p>Brainsuite unterscheidet nach zwei Kriterien: den jeweils relevanten KPIs und spezifischen Benchmarks. Selbst innerhalb eines Asset-Typs differenzieren wir zwischen Formaten und Plattformen \u2013 etwa bei Social-Media-Videos, wo wir plattformspezifische Normwerte einsetzen.<\/p>\n<\/div>\n    <\/div>\n<\/div>\n\n\n\n<\/div><div class=\"bde-accordion__content-wrapper-86-196 bde-accordion__content-wrapper\">\n<h3 class=\"bde-accordion__title-tag\">\n  <button type=\"button\" class=\"bde-accordion__button\" id=\"accordion-button-196\" aria-controls=\"accordion-panel-196\" aria-expanded=\"false\">\n     <span class=\"bde-accordion__title\" >Wie geht Brainsuite mit kulturellen Unterschieden und Zielgruppen um?<\/span>\n     <span class=\"bde-accordion__icon bde-accordion__icon--default\"><\/span>\n     <span class=\"bde-accordion__icon bde-accordion__icon--active\"><\/span>\n  <\/button>\n<\/h3>\n\n<div role=\"region\" class=\"bde-accordion__panel\" id=\"accordion-panel-196\" aria-labelledby=\"accordion-button-196\">\n    <div class=\"bde-accordion__panel-content\">\n        <div class=\"bde-text-86-197 bde-text\">\n<p>Brainsuite konzentriert sich auf universelle Informationsverarbeitungsschritte wie Aufmerksamkeit, Wahrnehmung und Kognition \u2013 Prozesse, die bei allen Zielgruppen gleich funktionieren. Wir prognostizieren nicht, ob eine Kampagnenbotschaft f\u00fcr eine bestimmte Zielgruppe relevant ist \u2013 denn:<\/p><ol><li>Das sollte bereits vor der Asset-Erstellung validiert werden.<\/li><li>Konsumentenpr\u00e4ferenzen sind zu dynamisch, um auf dieser Ebene ein stabiles Modell zur Relevanzprognose zu trainieren.<\/li><\/ol>\n<\/div>\n    <\/div>\n<\/div>\n\n\n\n<\/div>\r\n\r\n<\/div><\/div>\n<\/section><div class=\"bde-globalblock-86-198 bde-globalblock\"><section class=\"bde-section-216-100-216-1 bde-section bde-section-216-100\">\n  \n  \n\t\n\n\n\n<div class=\"section-container\"><h2 class=\"bde-heading-216-101-216-1 bde-heading bde-heading-216-101\">\nStarten Sie noch heute mit der Optimierung Ihrer Marketingerfolge\n<\/h2><div class=\"bde-rich-text-216-102-216-1 bde-rich-text bde-rich-text-216-102 breakdance-rich-text-styles\">\nSchlie\u00dfen Sie sich 400+ globalen Marken an, die mit Brainsuite ihren Marketing-ROI maximieren.\n<\/div><div class=\"bde-button-216-103-216-1 bde-button w-100-m bde-button-216-103\">\n    \n                        \n                        \n    \n    \n    \n    \n            \n                    \n            \n            \n\n    \n    \n    \n    \n    \n    <a class=\"breakdance-link button-atom button-atom--secondary bde-button__button\" href=\"\/de\/demo\" target=\"_self\" data-type=\"url\"  >\n\n    \n        <span class=\"button-atom__text\">Jetzt kostenlose Demo buchen<\/span>\n\n        \n        \n                <\/a>\n\n    \n\n\n<\/div><\/div>\n<\/section><\/div>","protected":false},"excerpt":{"rendered":"<p>Die zentrale KI-Plattform zur Wirksamkeitskontrolle Effektivit\u00e4tskontrolle im gro\u00dfen Ma\u00dfstab \u2013 KI in messbaren Gesch\u00e4ftswert verwandeln.Brainsuite ist die flexible und sichere Plattform zur Integration von Wirksamkeitskontrolle in Ihre bestehenden Prozesse, Workflows und Systeme.Belegen und optimieren Sie den ROI \u00fcber alle Touchpoints hinweg \u2013 ma\u00dfgeschneidert f\u00fcr Ihre Anforderungen. Alles an einem Ort. Jetzt Demo buchen Das umfassendste [&hellip;]<\/p>\n","protected":false},"author":5,"featured_media":0,"parent":0,"menu_order":0,"comment_status":"closed","ping_status":"closed","template":"","meta":{"_breakdance_hide_in_design_set":false,"_breakdance_tags":"","footnotes":""},"class_list":["post-86","page","type-page","status-publish","hentry"],"_links":{"self":[{"href":"https:\/\/brainsuite.ai\/de\/wp-json\/wp\/v2\/pages\/86","targetHints":{"allow":["GET"]}}],"collection":[{"href":"https:\/\/brainsuite.ai\/de\/wp-json\/wp\/v2\/pages"}],"about":[{"href":"https:\/\/brainsuite.ai\/de\/wp-json\/wp\/v2\/types\/page"}],"author":[{"embeddable":true,"href":"https:\/\/brainsuite.ai\/de\/wp-json\/wp\/v2\/users\/5"}],"replies":[{"embeddable":true,"href":"https:\/\/brainsuite.ai\/de\/wp-json\/wp\/v2\/comments?post=86"}],"version-history":[{"count":15,"href":"https:\/\/brainsuite.ai\/de\/wp-json\/wp\/v2\/pages\/86\/revisions"}],"predecessor-version":[{"id":3165,"href":"https:\/\/brainsuite.ai\/de\/wp-json\/wp\/v2\/pages\/86\/revisions\/3165"}],"wp:attachment":[{"href":"https:\/\/brainsuite.ai\/de\/wp-json\/wp\/v2\/media?parent=86"}],"curies":[{"name":"wp","href":"https:\/\/api.w.org\/{rel}","templated":true}]}}