{"id":92,"date":"2025-09-23T14:51:07","date_gmt":"2025-09-23T12:51:07","guid":{"rendered":"https:\/\/brainsuite.ai\/?page_id=92"},"modified":"2026-01-16T12:16:07","modified_gmt":"2026-01-16T11:16:07","slug":"social-media","status":"publish","type":"page","link":"https:\/\/brainsuite.ai\/de\/social-media\/","title":{"rendered":"Social Media"},"content":{"rendered":"<section class=\"bde-section-92-101 bde-section\">\n  \n  \n\t\n\n\n\n<div class=\"section-container\"><div class=\"bde-columns-92-102 bde-columns\"><div class=\"bde-column-92-103 bde-column\">\n  \n  \n\t\n\n\n\n<h1 class=\"bde-heading-92-104 bde-heading\">\nTesten und optimieren Sie die Wirkung Ihrer Social-Media-Kampagnen\n<\/h1><div class=\"bde-rich-text-92-105 bde-rich-text breakdance-rich-text-styles\">\nAutomatisierte Wirksamkeitskontrolle entlang des gesamten Prozesses: Optimieren Sie Ihre Kampagnenleistung, ohne Ihre Abl\u00e4ufe zu verlangsamen \u2013 und sch\u00f6pfen Sie das volle Potenzial Ihres Mediabudgets auf allen relevanten Plattformen aus.\n<\/div><div class=\"bde-button-92-106 bde-button w-100-m\">\n    \n                                    \n    \n    \n    \n    \n            \n                    \n            \n            \n\n    \n    \n    \n    \n    \n    <a class=\"breakdance-link button-atom button-atom--primary bde-button__button\" href=\"\/de\/demo\/\" target=\"_self\" data-type=\"url\"  >\n\n    \n        <span class=\"button-atom__text\">Demo buchen<\/span>\n\n        \n        \n                <\/a>\n\n    \n\n\n<\/div>\n<\/div><div class=\"bde-column-92-107 bde-column\">\n  \n  \n\t\n\n\n\n<img decoding=\"async\" class=\"bde-image2-92-108 bde-image2\" src=\"https:\/\/brainsuite.ai\/wp-content\/uploads\/2025\/10\/sm_Acescore.webp\" loading=\"lazy\" srcset=\"https:\/\/brainsuite.ai\/wp-content\/uploads\/2025\/10\/sm_Acescore.webp 1000w, https:\/\/brainsuite.ai\/wp-content\/uploads\/2025\/10\/sm_Acescore-300x222.webp 300w, https:\/\/brainsuite.ai\/wp-content\/uploads\/2025\/10\/sm_Acescore-768x568.webp 768w\" sizes=\"(max-width: 1000px) 100vw, 1000px\">\n<\/div><\/div><\/div>\n<\/section><section class=\"bde-section-92-109 bde-section\">\n  \n  \n\t\n\n\n\n<div class=\"section-container\"><h2 class=\"bde-heading-92-110 bde-heading\">\nInvestieren Sie nur in Creatives, die wirklich wirken \u2013 und maximieren Sie Ihr Budget\n<\/h2><\/div>\n<\/section><section class=\"bde-section-92-111 bde-section\">\n  \n  \n\t\n\n\n\n<div class=\"section-container\"><div class=\"bde-columns-92-112 bde-columns\"><div class=\"bde-column-92-113 bde-column\">\n  \n  \n\t\n\n\n\n<img decoding=\"async\" class=\"bde-image2-92-114 bde-image2\" src=\"https:\/\/brainsuite.ai\/wp-content\/uploads\/2025\/10\/bestroicreativeassets.webp\" loading=\"lazy\" srcset=\"https:\/\/brainsuite.ai\/wp-content\/uploads\/2025\/10\/bestroicreativeassets.webp 1000w, https:\/\/brainsuite.ai\/wp-content\/uploads\/2025\/10\/bestroicreativeassets-300x261.webp 300w, https:\/\/brainsuite.ai\/wp-content\/uploads\/2025\/10\/bestroicreativeassets-768x669.webp 768w\" sizes=\"(max-width: 1000px) 100vw, 1000px\">\n<\/div><div class=\"bde-column-92-115 bde-column\">\n  \n  \n\t\n\n\n\n<h2 class=\"bde-heading-92-116 bde-heading\">\nWirkung vorhersagen \u2013 nur in Assets investieren, die performen\n<\/h2><div class=\"bde-rich-text-92-117 bde-rich-text breakdance-rich-text-styles\">\nBrainsuite kombiniert neurowissenschaftliche Erkenntnisse mit KI, um die Performance kreativer Inhalte in sozialen Medien pr\u00e4zise zu prognostizieren. Bewertet werden zentrale Wirkfaktoren wie Aufmerksamkeit, Branding, Verarbeitungseffizienz, strategische Passung, emotionale Aktivierung und \u00dcberzeugungskraft.\n<\/div>\n<\/div><\/div><\/div>\n<\/section><section class=\"bde-section-92-118 bde-section\">\n  \n  \n\t\n\n\n\n<div class=\"section-container\"><div class=\"bde-columns-92-119 bde-columns\"><div class=\"bde-column-92-120 bde-column\">\n  \n  \n\t\n\n\n\n<div class=\"bde-image-box-92-121 bde-image-box bde-image-box-content-padding-only\">\n<div class=\"ee-imagebox-image\">\n  <img loading=\"lazy\" decoding=\"async\" class=\"breakdance-image-object\" src=\"https:\/\/brainsuite.ai\/wp-content\/uploads\/2025\/10\/laptop_screen_brainsuite-scaled-e1759391124966.webp\" width=\"401\" height=\"600\" sizes=\"auto, (max-width: 401px) 100vw, 401px\">\n<\/div>\n<div class=\"ee-imagebox-content\">\n      <h3 class=\"ee-imagebox-title bde-h3\" >Marketing<\/h3>\n    \n      <div class=\"ee-imagebox-text\" >Integrieren Sie Wirksamkeitskontrolle nahtlos in Ihre Prozesse \u2013 und holen Sie das Beste aus Ihrem Budget heraus. Belegen Sie die Einhaltung von Best Practices und f\u00fchren Sie fundierte, datengest\u00fctzte Gespr\u00e4che mit Agenturen.<\/div>\n    \n  <\/div>\n\n<\/div>\n<\/div><div class=\"bde-column-92-122 bde-column\">\n  \n  \n\t\n\n\n\n<div class=\"bde-image-box-92-123 bde-image-box bde-image-box-content-padding-only\">\n<div class=\"ee-imagebox-image\">\n  <img loading=\"lazy\" decoding=\"async\" class=\"breakdance-image-object\" src=\"https:\/\/brainsuite.ai\/wp-content\/uploads\/2025\/10\/top-view-people-working-together-office-e1759391198257.webp\" width=\"900\" height=\"600\" sizes=\"auto, (max-width: 900px) 100vw, 900px\">\n<\/div>\n<div class=\"ee-imagebox-content\">\n      <h3 class=\"ee-imagebox-title bde-h3\" >Mediaagentur<\/h3>\n    \n      <div class=\"ee-imagebox-text\" >Erg\u00e4nzen Sie Marketing-Mix-Modelling durch pr\u00e4zise Asset-Pretests und integrieren Sie Qualit\u00e4tskontrollen in Ihre Media-Strategie \u2013 f\u00fcr maximale Budgeteffizienz.<\/div>\n    \n  <\/div>\n\n<\/div>\n<\/div><div class=\"bde-column-92-124 bde-column\">\n  \n  \n\t\n\n\n\n<div class=\"bde-image-box-92-125 bde-image-box bde-image-box-content-padding-only\">\n<div class=\"ee-imagebox-image\">\n  <img loading=\"lazy\" decoding=\"async\" class=\"breakdance-image-object\" src=\"https:\/\/brainsuite.ai\/wp-content\/uploads\/2025\/10\/future-work-startup-team-modern-office-setting-e1759391264458.webp\" width=\"600\" height=\"600\" sizes=\"auto, (max-width: 600px) 100vw, 600px\">\n<\/div>\n<div class=\"ee-imagebox-content\">\n      <h3 class=\"ee-imagebox-title bde-h3\" >Kreativagentur<\/h3>\n    \n      <div class=\"ee-imagebox-text\" >Iterieren Sie schneller, liefern Sie bessere Ergebnisse. Belegen Sie die Qualit\u00e4t Ihrer Arbeit datenbasiert \u2013 f\u00fcr weniger Korrekturschleifen und h\u00f6here Kundenzufriedenheit.<\/div>\n    \n  <\/div>\n\n<\/div>\n<\/div><div class=\"bde-column-92-126 bde-column\">\n  \n  \n\t\n\n\n\n<div class=\"bde-image-box-92-127 bde-image-box bde-image-box-content-padding-only\">\n<div class=\"ee-imagebox-image\">\n  <img loading=\"lazy\" decoding=\"async\" class=\"breakdance-image-object\" src=\"https:\/\/brainsuite.ai\/wp-content\/uploads\/2025\/10\/Brainsuite_Cockpit_Ipad.webp\" width=\"750\" height=\"600\" srcset=\"https:\/\/brainsuite.ai\/wp-content\/uploads\/2025\/10\/Brainsuite_Cockpit_Ipad.webp 750w, https:\/\/brainsuite.ai\/wp-content\/uploads\/2025\/10\/Brainsuite_Cockpit_Ipad-300x240.webp 300w\" sizes=\"auto, (max-width: 750px) 100vw, 750px\">\n<\/div>\n<div class=\"ee-imagebox-content\">\n      <h3 class=\"ee-imagebox-title bde-h3\" >Marktforschung<\/h3>\n    \n      <div class=\"ee-imagebox-text\" >Skalierbare, plattform\u00fcbergreifende Tests \u2013 ohne Zeitverlust. Erstellen Sie Meta-Analysen, um die Wirksamkeit kontinuierlich und touchpoint\u00fcbergreifend zu optimieren.<\/div>\n    \n  <\/div>\n\n<\/div>\n<\/div><\/div><\/div>\n<\/section><section class=\"bde-section-92-128 bde-section\">\n  \n  \n\t\n\n\n\n<div class=\"section-container\"><div class=\"bde-columns-92-129 bde-columns\"><div class=\"bde-column-92-130 bde-column\">\n  \n  \n\t\n\n\n\n<img decoding=\"async\" class=\"bde-image2-92-131 bde-image2\" src=\"https:\/\/brainsuite.ai\/wp-content\/uploads\/2025\/10\/SocialMedia_Bransuite_1@2x.webp\" loading=\"lazy\" srcset=\"https:\/\/brainsuite.ai\/wp-content\/uploads\/2025\/10\/SocialMedia_Bransuite_1@2x.webp 1000w, https:\/\/brainsuite.ai\/wp-content\/uploads\/2025\/10\/SocialMedia_Bransuite_1@2x-298x300.webp 298w, https:\/\/brainsuite.ai\/wp-content\/uploads\/2025\/10\/SocialMedia_Bransuite_1@2x-150x150.webp 150w, https:\/\/brainsuite.ai\/wp-content\/uploads\/2025\/10\/SocialMedia_Bransuite_1@2x-768x773.webp 768w\" sizes=\"(max-width: 1000px) 100vw, 1000px\">\n<\/div><div class=\"bde-column-92-132 bde-column\">\n  \n  \n\t\n\n\n\n<h2 class=\"bde-heading-92-133 bde-heading\">\nEffektivit\u00e4tskontrolle in bestehende Workflows integrieren\n<\/h2><div class=\"bde-rich-text-92-134 bde-rich-text breakdance-rich-text-styles\">\nBinden Sie Brainsuite \u00fcber API direkt in Ihre Systeme ein. Verbinden Sie Ad Manager und DAM-Systeme, automatisieren Sie Optimierungsschritte \u2013 und vereinfachen Sie die Umsetzung.\n<\/div>\n<\/div><\/div><\/div>\n<\/section><section class=\"bde-section-92-135 bde-section\">\n  \n  \n\t\n\n\n\n<div class=\"section-container\"><div class=\"bde-columns-92-136 bde-columns\"><div class=\"bde-column-92-137 bde-column\">\n  \n  \n\t\n\n\n\n<h2 class=\"bde-heading-92-138 bde-heading\">\nBudgetverschwendung vermeiden \u2013 mit Stage-Gate-Logik\n<\/h2><div class=\"bde-rich-text-92-139 bde-rich-text breakdance-rich-text-styles\">\nReduzieren Sie Streuverluste: Testen Sie Ihre Social-Media-Assets vorab und investieren Sie nur in Creatives, die nachweislich Aufmerksamkeit, Markenwirkung und Conversion f\u00f6rdern.\n<\/div>\n<\/div><div class=\"bde-column-92-140 bde-column\">\n  \n  \n\t\n\n\n\n<img decoding=\"async\" class=\"bde-image2-92-141 bde-image2\" src=\"https:\/\/brainsuite.ai\/wp-content\/uploads\/2025\/10\/social_media_video_grafik_brainsuite_ace_score.webp\" loading=\"lazy\" srcset=\"https:\/\/brainsuite.ai\/wp-content\/uploads\/2025\/10\/social_media_video_grafik_brainsuite_ace_score.webp 1000w, https:\/\/brainsuite.ai\/wp-content\/uploads\/2025\/10\/social_media_video_grafik_brainsuite_ace_score-300x182.webp 300w, https:\/\/brainsuite.ai\/wp-content\/uploads\/2025\/10\/social_media_video_grafik_brainsuite_ace_score-768x465.webp 768w\" sizes=\"(max-width: 1000px) 100vw, 1000px\">\n<\/div><\/div><\/div>\n<\/section><section class=\"bde-section-92-142 bde-section\">\n  \n  \n\t\n\n\n\n<div class=\"section-container\"><div class=\"bde-columns-92-143 bde-columns\"><div class=\"bde-column-92-144 bde-column\">\n  \n  \n\t\n\n\n\n<img decoding=\"async\" class=\"bde-image2-92-145 bde-image2\" src=\"https:\/\/brainsuite.ai\/wp-content\/uploads\/2025\/10\/SMcompliance@2x.webp\" loading=\"lazy\" srcset=\"https:\/\/brainsuite.ai\/wp-content\/uploads\/2025\/10\/SMcompliance@2x.webp 750w, https:\/\/brainsuite.ai\/wp-content\/uploads\/2025\/10\/SMcompliance@2x-300x206.webp 300w\" sizes=\"(max-width: 750px) 100vw, 750px\">\n<\/div><div class=\"bde-column-92-146 bde-column\">\n  \n  \n\t\n\n\n\n<h2 class=\"bde-heading-92-147 bde-heading\">\nPlattformanforderungen gezielt erf\u00fcllen\n<\/h2><div class=\"bde-rich-text-92-148 bde-rich-text breakdance-rich-text-styles\">\nJede Plattform hat ihre eigenen Spielregeln. Bei Brainsuite gibt es keine Einheitsl\u00f6sung \u2013 stellen Sie sicher, dass Ihre Assets den spezifischen Anforderungen jedes Kanals gerecht werden.\n<\/div>\n<\/div><\/div><\/div>\n<\/section><section class=\"bde-section-92-149 bde-section\">\n  \n  \n\t\n\n\n\n<div class=\"section-container\"><div class=\"bde-columns-92-150 bde-columns\"><div class=\"bde-column-92-151 bde-column\">\n  \n  \n\t\n\n\n\n<h2 class=\"bde-heading-92-152 bde-heading\">\nKreativleistung kontinuierlich verbessern\n<\/h2><div class=\"bde-rich-text-92-153 bde-rich-text breakdance-rich-text-styles\">\nWas heute wirkt, kann morgen verpuffen. Brainsuite liefert Echtzeit-Insights und datenbasierte Empfehlungen f\u00fcr die kontinuierliche Optimierung Ihrer Creatives. Lernen Sie aus fr\u00fcheren Kampagnen \u2013 und sichern Sie sich den entscheidenden Vorsprung.\n<\/div>\n<\/div><div class=\"bde-column-92-154 bde-column\">\n  \n  \n\t\n\n\n\n<img decoding=\"async\" class=\"bde-image2-92-155 bde-image2\" src=\"https:\/\/brainsuite.ai\/wp-content\/uploads\/2025\/10\/AdsSM_ROI.webp\" loading=\"lazy\" srcset=\"https:\/\/brainsuite.ai\/wp-content\/uploads\/2025\/10\/AdsSM_ROI.webp 750w, https:\/\/brainsuite.ai\/wp-content\/uploads\/2025\/10\/AdsSM_ROI-287x300.webp 287w\" sizes=\"(max-width: 750px) 100vw, 750px\">\n<\/div><\/div><\/div>\n<\/section><section class=\"bde-section-92-156 bde-section\">\n  \n  \n\t\n\n\n\n<div class=\"section-container\"><div class=\"bde-columns-92-157 bde-columns\"><div class=\"bde-column-92-158 bde-column\">\n  \n  \n\t\n\n\n\n<img decoding=\"async\" class=\"bde-image2-92-159 bde-image2\" src=\"https:\/\/brainsuite.ai\/wp-content\/uploads\/2025\/10\/APIBrainsuite_@2x.webp\" loading=\"lazy\" srcset=\"https:\/\/brainsuite.ai\/wp-content\/uploads\/2025\/10\/APIBrainsuite_@2x.webp 1000w, https:\/\/brainsuite.ai\/wp-content\/uploads\/2025\/10\/APIBrainsuite_@2x-300x181.webp 300w, https:\/\/brainsuite.ai\/wp-content\/uploads\/2025\/10\/APIBrainsuite_@2x-768x462.webp 768w\" sizes=\"(max-width: 1000px) 100vw, 1000px\">\n<\/div><div class=\"bde-column-92-160 bde-column\">\n  \n  \n\t\n\n\n\n<h2 class=\"bde-heading-92-161 bde-heading\">\nNahtlose Integration & skalierbare Automatisierung\n<\/h2><div class=\"bde-rich-text-92-162 bde-rich-text breakdance-rich-text-styles\">\nGenerative KI macht Content-Produktion schneller \u2013 aber nur Wirkung z\u00e4hlt. Mit Brainsuite integrieren Sie Wirksamkeitskontrolle direkt im Workflow und w\u00e4hlen gezielt die Assets aus, die performen.\n<\/div><a class=\"bde-text-link-92-164 bde-text-link breakdance-link\" href=\"\/de\/resources\/double-impact-harnessing-generative-and-evaluative-ai\/\" target=\"_self\" data-type=\"url\">\n  Mehr erfahren\n\n<\/a>\n<\/div><\/div><\/div>\n<\/section><div class=\"bde-globalblock-92-163 bde-globalblock\"><section class=\"bde-section-216-100-216-1 bde-section bde-section-216-100\">\n  \n  \n\t\n\n\n\n<div class=\"section-container\"><h2 class=\"bde-heading-216-101-216-1 bde-heading bde-heading-216-101\">\nStarten Sie noch heute mit der Optimierung Ihrer Marketingerfolge\n<\/h2><div class=\"bde-rich-text-216-102-216-1 bde-rich-text bde-rich-text-216-102 breakdance-rich-text-styles\">\nSchlie\u00dfen Sie sich 400+ globalen Marken an, die mit Brainsuite ihren Marketing-ROI maximieren.\n<\/div><div class=\"bde-button-216-103-216-1 bde-button w-100-m bde-button-216-103\">\n    \n                        \n                        \n    \n    \n    \n    \n            \n                    \n            \n            \n\n    \n    \n    \n    \n    \n    <a class=\"breakdance-link button-atom button-atom--secondary bde-button__button\" href=\"\/de\/demo\" target=\"_self\" data-type=\"url\"  >\n\n    \n        <span class=\"button-atom__text\">Jetzt kostenlose Demo buchen<\/span>\n\n        \n        \n                <\/a>\n\n    \n\n\n<\/div><\/div>\n<\/section><\/div>","protected":false},"excerpt":{"rendered":"<p>Testen und optimieren Sie die Wirkung Ihrer Social-Media-Kampagnen Automatisierte Wirksamkeitskontrolle entlang des gesamten Prozesses: Optimieren Sie Ihre Kampagnenleistung, ohne Ihre Abl\u00e4ufe zu verlangsamen \u2013 und sch\u00f6pfen Sie das volle Potenzial Ihres Mediabudgets auf allen relevanten Plattformen aus. Demo buchen Investieren Sie nur in Creatives, die wirklich wirken \u2013 und maximieren Sie Ihr Budget Wirkung vorhersagen [&hellip;]<\/p>\n","protected":false},"author":5,"featured_media":0,"parent":0,"menu_order":0,"comment_status":"closed","ping_status":"closed","template":"","meta":{"_breakdance_hide_in_design_set":false,"_breakdance_tags":"","footnotes":""},"class_list":["post-92","page","type-page","status-publish","hentry"],"_links":{"self":[{"href":"https:\/\/brainsuite.ai\/de\/wp-json\/wp\/v2\/pages\/92","targetHints":{"allow":["GET"]}}],"collection":[{"href":"https:\/\/brainsuite.ai\/de\/wp-json\/wp\/v2\/pages"}],"about":[{"href":"https:\/\/brainsuite.ai\/de\/wp-json\/wp\/v2\/types\/page"}],"author":[{"embeddable":true,"href":"https:\/\/brainsuite.ai\/de\/wp-json\/wp\/v2\/users\/5"}],"replies":[{"embeddable":true,"href":"https:\/\/brainsuite.ai\/de\/wp-json\/wp\/v2\/comments?post=92"}],"version-history":[{"count":10,"href":"https:\/\/brainsuite.ai\/de\/wp-json\/wp\/v2\/pages\/92\/revisions"}],"predecessor-version":[{"id":3657,"href":"https:\/\/brainsuite.ai\/de\/wp-json\/wp\/v2\/pages\/92\/revisions\/3657"}],"wp:attachment":[{"href":"https:\/\/brainsuite.ai\/de\/wp-json\/wp\/v2\/media?parent=92"}],"curies":[{"name":"wp","href":"https:\/\/api.w.org\/{rel}","templated":true}]}}