{"id":94,"date":"2025-09-23T14:51:17","date_gmt":"2025-09-23T12:51:17","guid":{"rendered":"https:\/\/brainsuite.ai\/?page_id=94"},"modified":"2026-01-16T12:17:51","modified_gmt":"2026-01-16T11:17:51","slug":"tv-commercial","status":"publish","type":"page","link":"https:\/\/brainsuite.ai\/de\/tv-commercial\/","title":{"rendered":"TV Commercial"},"content":{"rendered":"<section class=\"bde-section-94-101 bde-section\">\n  \n  \n\t\n\n\n\n<div class=\"section-container\"><div class=\"bde-columns-94-102 bde-columns\"><div class=\"bde-column-94-103 bde-column\">\n  \n  \n\t\n\n\n\n<h1 class=\"bde-heading-94-104 bde-heading\">\nTV-Spots optimieren \u2013 bevor sie ausgestrahlt werden\n<\/h1><div class=\"bde-rich-text-94-105 bde-rich-text breakdance-rich-text-styles\">\nTesten Sie Ihre TV-Kampagnen mit KI und steigern Sie deren Wirkung \u2013 noch bevor sie live gehen.\n<\/div><div class=\"bde-button-94-106 bde-button w-100-m\">\n    \n                        \n                        \n    \n    \n    \n    \n            \n                    \n            \n            \n\n    \n    \n    \n    \n    \n    <a class=\"breakdance-link button-atom button-atom--primary bde-button__button\" href=\"\/de\/demo\/\" target=\"_self\" data-type=\"url\"  >\n\n    \n        <span class=\"button-atom__text\">Demo buchen<\/span>\n\n        \n        \n                <\/a>\n\n    \n\n\n<\/div>\n<\/div><div class=\"bde-column-94-107 bde-column\">\n  \n  \n\t\n\n\n\n<div class=\"bde-video-94-150 bde-video\">\n<div class=\"ee-video-container\">\n            <video class=\"ee-video\" src=\"https:\/\/brainsuite.ai\/wp-content\/uploads\/2026\/01\/TV-Commercial-Grafik-Animation-1.mp4\"\n               autoplay='true'                                                                muted='true'                controlsList=\"nodownload\"                playsinline\n        >\n        <\/video>\n    \n    <\/div>\n\n<\/div>\n<\/div><\/div><\/div>\n<\/section><section class=\"bde-section-94-109 bde-section\">\n  \n  \n\t\n\n\n\n<div class=\"section-container\"><h2 class=\"bde-heading-94-110 bde-heading\">\nDer effektivste Weg, unwirksame Spots auszusortieren \u2013 und Ihren ROI zu maximieren\n<\/h2><\/div>\n<\/section><section class=\"bde-section-94-111 bde-section\">\n  \n  \n\t\n\n\n\n<div class=\"section-container\"><div class=\"bde-columns-94-112 bde-columns\"><div class=\"bde-column-94-113 bde-column\">\n  \n  \n\t\n\n\n\n<img decoding=\"async\" class=\"bde-image2-94-114 bde-image2\" src=\"https:\/\/brainsuite.ai\/wp-content\/uploads\/2025\/10\/predict_ATL_TVC_success_.webp\" loading=\"lazy\" srcset=\"https:\/\/brainsuite.ai\/wp-content\/uploads\/2025\/10\/predict_ATL_TVC_success_.webp 1000w, https:\/\/brainsuite.ai\/wp-content\/uploads\/2025\/10\/predict_ATL_TVC_success_-300x114.webp 300w, https:\/\/brainsuite.ai\/wp-content\/uploads\/2025\/10\/predict_ATL_TVC_success_-768x293.webp 768w\" sizes=\"(max-width: 1000px) 100vw, 1000px\">\n<\/div><div class=\"bde-column-94-115 bde-column\">\n  \n  \n\t\n\n\n\n<h2 class=\"bde-heading-94-116 bde-heading\">\nNur in Ideen investieren, die wirklich performen\n<\/h2><div class=\"bde-rich-text-94-117 bde-rich-text breakdance-rich-text-styles\">\n<p>Mit Brainsuite analysieren und optimieren Sie Animatics, Cutdowns und finale Spots schon vor der Produktion oder teuren Marktforschung. Die KI-gest\u00fctzte ACE TVC-App liefert pr\u00e4zise Erkenntnisse dar\u00fcber, was funktioniert \u2013 und was nicht. So setzen Sie nur auf Assets mit nachgewiesener Wirkung.<\/p><p>Unsere Analyse basiert auf neurowissenschaftlichen Erkenntnissen und zeigt auf, wie das menschliche Gehirn TV-Spots wahrnimmt. Brainsuite bewertet Ihre Spots entlang f\u00fcnf zentraler Erfolgsfaktoren: Aufmerksamkeit, Branding, Verarbeitungsfreundlichkeit, emotionale Ansprache und \u00dcberzeugungskraft.<\/p>\n<\/div>\n<\/div><\/div><\/div>\n<\/section><section class=\"bde-section-94-118 bde-section\">\n  \n  \n\t\n\n\n\n<div class=\"section-container\"><div class=\"bde-columns-94-119 bde-columns\"><div class=\"bde-column-94-120 bde-column\">\n  \n  \n\t\n\n\n\n<div class=\"bde-image-box-94-121 bde-image-box bde-image-box-content-padding-only\">\n<div class=\"ee-imagebox-image\">\n  <img loading=\"lazy\" decoding=\"async\" class=\"breakdance-image-object\" src=\"https:\/\/brainsuite.ai\/wp-content\/uploads\/2025\/10\/laptop_screen_brainsuite-scaled-e1759391124966.webp\" width=\"401\" height=\"600\" sizes=\"auto, (max-width: 401px) 100vw, 401px\">\n<\/div>\n<div class=\"ee-imagebox-content\">\n      <h3 class=\"ee-imagebox-title bde-h3\" >CMOs<\/h3>\n    \n      <div class=\"ee-imagebox-text\" >Reduzieren Sie Risiko und beschleunigen Sie Entscheidungsprozesse \u2013 mit klaren, datengest\u00fctzten Prognosen, die sicherstellen, dass Ihre Kampagnen strategisch wirken.<\/div>\n    \n  <\/div>\n\n<\/div>\n<\/div><div class=\"bde-column-94-122 bde-column\">\n  \n  \n\t\n\n\n\n<div class=\"bde-image-box-94-123 bde-image-box bde-image-box-content-padding-only\">\n<div class=\"ee-imagebox-image\">\n  <img loading=\"lazy\" decoding=\"async\" class=\"breakdance-image-object\" src=\"https:\/\/brainsuite.ai\/wp-content\/uploads\/2025\/10\/top-view-people-working-together-office-e1759391198257.webp\" width=\"900\" height=\"600\" sizes=\"auto, (max-width: 900px) 100vw, 900px\">\n<\/div>\n<div class=\"ee-imagebox-content\">\n      <h3 class=\"ee-imagebox-title bde-h3\" >Brand Managers<\/h3>\n    \n      <div class=\"ee-imagebox-text\" >St\u00e4rken Sie Markenidentit\u00e4t und Wiedererkennung \u2013 durch konsistente, performante TV-Kampagnen in allen M\u00e4rkten.<\/div>\n    \n  <\/div>\n\n<\/div>\n<\/div><div class=\"bde-column-94-124 bde-column\">\n  \n  \n\t\n\n\n\n<div class=\"bde-image-box-94-125 bde-image-box bde-image-box-content-padding-only\">\n<div class=\"ee-imagebox-image\">\n  <img loading=\"lazy\" decoding=\"async\" class=\"breakdance-image-object\" src=\"https:\/\/brainsuite.ai\/wp-content\/uploads\/2025\/10\/future-work-startup-team-modern-office-setting-e1759391264458.webp\" width=\"600\" height=\"600\" sizes=\"auto, (max-width: 600px) 100vw, 600px\">\n<\/div>\n<div class=\"ee-imagebox-content\">\n      <h3 class=\"ee-imagebox-title bde-h3\" >Marketing-Teams<\/h3>\n    \n      <div class=\"ee-imagebox-text\" >Identifizieren Sie Schwachstellen im Spot \u2013 bei Botschaft, Visuals oder Branding \u2013 und optimieren Sie gezielt, bevor Streuverluste entstehen.<\/div>\n    \n  <\/div>\n\n<\/div>\n<\/div><div class=\"bde-column-94-126 bde-column\">\n  \n  \n\t\n\n\n\n<div class=\"bde-image-box-94-127 bde-image-box bde-image-box-content-padding-only\">\n<div class=\"ee-imagebox-image\">\n  <img loading=\"lazy\" decoding=\"async\" class=\"breakdance-image-object\" src=\"https:\/\/brainsuite.ai\/wp-content\/uploads\/2025\/10\/Brainsuite_Cockpit_Ipad.webp\" width=\"750\" height=\"600\" srcset=\"https:\/\/brainsuite.ai\/wp-content\/uploads\/2025\/10\/Brainsuite_Cockpit_Ipad.webp 750w, https:\/\/brainsuite.ai\/wp-content\/uploads\/2025\/10\/Brainsuite_Cockpit_Ipad-300x240.webp 300w\" sizes=\"auto, (max-width: 750px) 100vw, 750px\">\n<\/div>\n<div class=\"ee-imagebox-content\">\n      <h3 class=\"ee-imagebox-title bde-h3\" >Agenturen<\/h3>\n    \n      <div class=\"ee-imagebox-text\" >Nutzen Sie evidenzbasierte Empfehlungen f\u00fcr effektivere kreative Prozesse \u2013 weniger Abstimmungen, mehr Wirkung, bessere Kundenergebnisse.<\/div>\n    \n  <\/div>\n\n<\/div>\n<\/div><\/div><\/div>\n<\/section><section class=\"bde-section-94-128 bde-section\">\n  \n  \n\t\n\n\n\n<div class=\"section-container\"><div class=\"bde-columns-94-129 bde-columns\"><div class=\"bde-column-94-132 bde-column\">\n  \n  \n\t\n\n\n\n<h2 class=\"bde-heading-94-133 bde-heading\">\nKlassische Tests erg\u00e4nzen \u2013 Wirkung standardisieren\n<\/h2><div class=\"bde-rich-text-94-134 bde-rich-text breakdance-rich-text-styles\">\nTraditionelle TVC-Tests sind wertvoll, aber oft teuer, langsam und eingeschr\u00e4nkt. Brainsuite agiert als agile Wirksamkeits-Schnittstelle: Schw\u00e4chen erkennen und beheben \u2013 bevor sie teuer werden. So vermeiden Sie Fehlinvestitionen und gewinnen gleichzeitig an Tempo, Kontrolle und Effizienz.\n<\/div>\n<\/div><div class=\"bde-column-94-130 bde-column\">\n  \n  \n\t\n\n\n\n<img decoding=\"async\" class=\"bde-image2-94-131 bde-image2\" src=\"https:\/\/brainsuite.ai\/wp-content\/uploads\/2025\/10\/optimization-withaipretesttraditionaltesting_2.webp\" loading=\"lazy\" srcset=\"https:\/\/brainsuite.ai\/wp-content\/uploads\/2025\/10\/optimization-withaipretesttraditionaltesting_2.webp 1000w, https:\/\/brainsuite.ai\/wp-content\/uploads\/2025\/10\/optimization-withaipretesttraditionaltesting_2-300x187.webp 300w, https:\/\/brainsuite.ai\/wp-content\/uploads\/2025\/10\/optimization-withaipretesttraditionaltesting_2-768x478.webp 768w\" sizes=\"(max-width: 1000px) 100vw, 1000px\">\n<\/div><\/div><\/div>\n<\/section><section class=\"bde-section-94-135 bde-section\">\n  \n  \n\t\n\n\n\n<div class=\"section-container\"><div class=\"bde-columns-94-136 bde-columns\"><div class=\"bde-column-94-140 bde-column\">\n  \n  \n\t\n\n\n\n<img decoding=\"async\" class=\"bde-image2-94-141 bde-image2\" src=\"https:\/\/brainsuite.ai\/wp-content\/uploads\/2025\/10\/ace_tvc_grafik_3.webp\" loading=\"lazy\" srcset=\"https:\/\/brainsuite.ai\/wp-content\/uploads\/2025\/10\/ace_tvc_grafik_3.webp 750w, https:\/\/brainsuite.ai\/wp-content\/uploads\/2025\/10\/ace_tvc_grafik_3-300x182.webp 300w\" sizes=\"(max-width: 750px) 100vw, 750px\">\n<\/div><div class=\"bde-column-94-137 bde-column\">\n  \n  \n\t\n\n\n\n<h2 class=\"bde-heading-94-138 bde-heading\">\nSzenengenaue Insights, sofort umsetzbar\n<\/h2><div class=\"bde-rich-text-94-139 bde-rich-text breakdance-rich-text-styles\">\nUnsere KI-App analysiert jeden Spot Frame f\u00fcr Frame \u2013 und liefert klare, szenenspezifische Handlungsempfehlungen f\u00fcr kreative Optimierung. Ideal f\u00fcr Agenturen, Markenverantwortliche und alle, die maximale Wirkung ohne Umwege erzielen wollen.\n<\/div>\n<\/div><\/div><\/div>\n<\/section><section class=\"bde-section-94-142 bde-section\">\n  \n  \n\t\n\n\n\n<div class=\"section-container\"><div class=\"bde-columns-94-143 bde-columns\"><div class=\"bde-column-94-146 bde-column\">\n  \n  \n\t\n\n\n\n<h2 class=\"bde-heading-94-147 bde-heading\">\nBenchmarks & Best Practices im Griff\n<\/h2><div class=\"bde-rich-text-94-148 bde-rich-text breakdance-rich-text-styles\">\nVergleichen Sie Ihre Assets mit Wettbewerbern oder fr\u00fcheren Kampagnen \u2013 ganz einfach, jederzeit. Speichern, analysieren und verbessern Sie Ihre TVCs kampagnen- und l\u00e4nder\u00fcbergreifend \u2013 f\u00fcr konsistentes Monitoring, ein effektives Marketing-Mix-Modeling und gezielte kreative Weiterentwicklung.\n<\/div>\n<\/div><div class=\"bde-column-94-144 bde-column\">\n  \n  \n\t\n\n\n\n<img decoding=\"async\" class=\"bde-image2-94-145 bde-image2\" src=\"https:\/\/brainsuite.ai\/wp-content\/uploads\/2025\/10\/increaseROIbypre-testingassets1.webp\" loading=\"lazy\" srcset=\"https:\/\/brainsuite.ai\/wp-content\/uploads\/2025\/10\/increaseROIbypre-testingassets1.webp 750w, https:\/\/brainsuite.ai\/wp-content\/uploads\/2025\/10\/increaseROIbypre-testingassets1-300x216.webp 300w\" sizes=\"(max-width: 750px) 100vw, 750px\">\n<\/div><\/div><\/div>\n<\/section><section class=\"bde-section-94-151 bde-section\">\n  \n  \n\t\n\n\n\n<div class=\"section-container\"><h2 class=\"bde-heading-94-152 bde-heading\">\nSo steigern f\u00fchrende Marken ihre Wirksamkeit mit Brainsuite\n<\/h2><div class=\"bde-post-list-94-154 bde-post-list single-page-recent-post\"><div class=\"bde-loop bde-loop-grid ee-posts ee-posts-grid\">    <article class=\"bde-loop-item ee-post\">\n                                <a class=\"bde-loop-item__image-link ee-post-image-link \" href=\"https:\/\/brainsuite.ai\/de\/resources\/brainsuite-holt-dr-katrin-kizilkan-als-head-of-marketing-an-bord\/\" aria-label=\"Brainsuite holt Dr. Katrin Kizilkan als Head of Marketing an Bord\">\n                <div class=\"bde-loop-item__image ee-post-image\">\n                    <img loading=\"lazy\" decoding=\"async\" width=\"1620\" height=\"1080\" src=\"https:\/\/brainsuite.ai\/wp-content\/uploads\/2026\/02\/Kopie-von-Blogpost_Vorschaubilder_Templates-25.png\" class=\"attachment-full size-full wp-post-image\" alt=\"\" srcset=\"https:\/\/brainsuite.ai\/wp-content\/uploads\/2026\/02\/Kopie-von-Blogpost_Vorschaubilder_Templates-25.png 1620w, https:\/\/brainsuite.ai\/wp-content\/uploads\/2026\/02\/Kopie-von-Blogpost_Vorschaubilder_Templates-25-300x200.png 300w, https:\/\/brainsuite.ai\/wp-content\/uploads\/2026\/02\/Kopie-von-Blogpost_Vorschaubilder_Templates-25-1024x683.png 1024w, https:\/\/brainsuite.ai\/wp-content\/uploads\/2026\/02\/Kopie-von-Blogpost_Vorschaubilder_Templates-25-768x512.png 768w, https:\/\/brainsuite.ai\/wp-content\/uploads\/2026\/02\/Kopie-von-Blogpost_Vorschaubilder_Templates-25-1536x1024.png 1536w\" sizes=\"auto, (max-width: 1620px) 100vw, 1620px\" \/>                <\/div>\n            <\/a>\n        \n        \n        <div class=\"bde-loop-item__wrap ee-post-wrap\">\n            \n                            <h3 class=\"ee-post-title\">\n                    <a class=\"bde-loop-item__title-link ee-post-title-link\" href=\"https:\/\/brainsuite.ai\/de\/resources\/brainsuite-holt-dr-katrin-kizilkan-als-head-of-marketing-an-bord\/\" >\n                        Brainsuite holt Dr. Katrin Kizilkan als Head of Marketing an Bord                    <\/a>\n                <\/h3>\n            \n    \n                        \n                        \n    \n    \n    \n    \n            \n                    \n            \n            \n\n    \n    \n    \n    \n    \n    <a class=\"breakdance-link button-atom button-atom--custom bde-loop-item__button ee-post-button\" href=\"https:\/\/brainsuite.ai\/de\/resources\/brainsuite-holt-dr-katrin-kizilkan-als-head-of-marketing-an-bord\/\" target=\"_self\" data-type=\"\"  >\n\n    \n        <span class=\"button-atom__text\">Weiterlesen<\/span>\n\n        \n        \n                <\/a>\n\n    \n\n\n\n\n            \n        <\/div>\n\n    <\/article>\n\n    <article class=\"bde-loop-item ee-post\">\n                                <a class=\"bde-loop-item__image-link ee-post-image-link \" href=\"https:\/\/brainsuite.ai\/de\/resources\/brainsuite-launcht-mit-sage-script-den-ersten-synthetischen-experten-fuer-tvc-skripte\/\" aria-label=\"Brainsuite launcht mit \u201eSage Script\u201c den ersten synthetischen Experten f\u00fcr TVC-Skripte\">\n                <div class=\"bde-loop-item__image ee-post-image\">\n                    <img loading=\"lazy\" decoding=\"async\" width=\"1620\" height=\"1080\" src=\"https:\/\/brainsuite.ai\/wp-content\/uploads\/2025\/09\/Kopie-von-Blogpost_Vorschaubilder_Templates-19-1.png\" class=\"attachment-full size-full wp-post-image\" alt=\"\" srcset=\"https:\/\/brainsuite.ai\/wp-content\/uploads\/2025\/09\/Kopie-von-Blogpost_Vorschaubilder_Templates-19-1.png 1620w, https:\/\/brainsuite.ai\/wp-content\/uploads\/2025\/09\/Kopie-von-Blogpost_Vorschaubilder_Templates-19-1-300x200.png 300w, https:\/\/brainsuite.ai\/wp-content\/uploads\/2025\/09\/Kopie-von-Blogpost_Vorschaubilder_Templates-19-1-1024x683.png 1024w, https:\/\/brainsuite.ai\/wp-content\/uploads\/2025\/09\/Kopie-von-Blogpost_Vorschaubilder_Templates-19-1-768x512.png 768w, https:\/\/brainsuite.ai\/wp-content\/uploads\/2025\/09\/Kopie-von-Blogpost_Vorschaubilder_Templates-19-1-1536x1024.png 1536w\" sizes=\"auto, (max-width: 1620px) 100vw, 1620px\" \/>                <\/div>\n            <\/a>\n        \n        \n        <div class=\"bde-loop-item__wrap ee-post-wrap\">\n            \n                            <h3 class=\"ee-post-title\">\n                    <a class=\"bde-loop-item__title-link ee-post-title-link\" href=\"https:\/\/brainsuite.ai\/de\/resources\/brainsuite-launcht-mit-sage-script-den-ersten-synthetischen-experten-fuer-tvc-skripte\/\" >\n                        Brainsuite launcht mit \u201eSage Script\u201c den ersten synthetischen Experten f\u00fcr TVC-Skripte                    <\/a>\n                <\/h3>\n            \n    \n                        \n                        \n    \n    \n    \n    \n            \n                    \n            \n            \n\n    \n    \n    \n    \n    \n    <a class=\"breakdance-link button-atom button-atom--custom bde-loop-item__button ee-post-button\" href=\"https:\/\/brainsuite.ai\/de\/resources\/brainsuite-launcht-mit-sage-script-den-ersten-synthetischen-experten-fuer-tvc-skripte\/\" target=\"_self\" data-type=\"\"  >\n\n    \n        <span class=\"button-atom__text\">Weiterlesen<\/span>\n\n        \n        \n                <\/a>\n\n    \n\n\n\n\n            \n        <\/div>\n\n    <\/article>\n\n    <article class=\"bde-loop-item ee-post\">\n                                <a class=\"bde-loop-item__image-link ee-post-image-link \" href=\"https:\/\/brainsuite.ai\/de\/resources\/mehr-markenwirkung-durch-datenbasierte-optimierung-von-ooh-kampagnen\/\" aria-label=\"Mehr Markenwirkung durch datenbasierte Optimierung von OOH-Kampagnen\">\n                <div class=\"bde-loop-item__image ee-post-image\">\n                    <img loading=\"lazy\" decoding=\"async\" width=\"1620\" height=\"1080\" src=\"https:\/\/brainsuite.ai\/wp-content\/uploads\/2025\/09\/Kopie-von-Blogpost_Vorschaubilder_Templates-11.png\" class=\"attachment-full size-full wp-post-image\" alt=\"\" srcset=\"https:\/\/brainsuite.ai\/wp-content\/uploads\/2025\/09\/Kopie-von-Blogpost_Vorschaubilder_Templates-11.png 1620w, https:\/\/brainsuite.ai\/wp-content\/uploads\/2025\/09\/Kopie-von-Blogpost_Vorschaubilder_Templates-11-300x200.png 300w, https:\/\/brainsuite.ai\/wp-content\/uploads\/2025\/09\/Kopie-von-Blogpost_Vorschaubilder_Templates-11-1024x683.png 1024w, https:\/\/brainsuite.ai\/wp-content\/uploads\/2025\/09\/Kopie-von-Blogpost_Vorschaubilder_Templates-11-768x512.png 768w, https:\/\/brainsuite.ai\/wp-content\/uploads\/2025\/09\/Kopie-von-Blogpost_Vorschaubilder_Templates-11-1536x1024.png 1536w\" sizes=\"auto, (max-width: 1620px) 100vw, 1620px\" \/>                <\/div>\n            <\/a>\n        \n        \n        <div class=\"bde-loop-item__wrap ee-post-wrap\">\n            \n                            <h3 class=\"ee-post-title\">\n                    <a class=\"bde-loop-item__title-link ee-post-title-link\" href=\"https:\/\/brainsuite.ai\/de\/resources\/mehr-markenwirkung-durch-datenbasierte-optimierung-von-ooh-kampagnen\/\" >\n                        Mehr Markenwirkung durch datenbasierte Optimierung von OOH-Kampagnen                    <\/a>\n                <\/h3>\n            \n    \n                        \n                        \n    \n    \n    \n    \n            \n                    \n            \n            \n\n    \n    \n    \n    \n    \n    <a class=\"breakdance-link button-atom button-atom--custom bde-loop-item__button ee-post-button\" href=\"https:\/\/brainsuite.ai\/de\/resources\/mehr-markenwirkung-durch-datenbasierte-optimierung-von-ooh-kampagnen\/\" target=\"_self\" data-type=\"\"  >\n\n    \n        <span class=\"button-atom__text\">Weiterlesen<\/span>\n\n        \n        \n                <\/a>\n\n    \n\n\n\n\n            \n        <\/div>\n\n    <\/article>\n\n    <article class=\"bde-loop-item ee-post\">\n                                <a class=\"bde-loop-item__image-link ee-post-image-link \" href=\"https:\/\/brainsuite.ai\/de\/resources\/shopper-marketing-am-pos-wie-imi-salesmarketing-mit-ki-verkaufsflaechen-optimiert\/\" aria-label=\"Shopper Marketing am POS: Wie iMi salesmarketing mit KI Verkaufsfl\u00e4chen optimiert\">\n                <div class=\"bde-loop-item__image ee-post-image\">\n                    <img loading=\"lazy\" decoding=\"async\" width=\"1620\" height=\"1080\" src=\"https:\/\/brainsuite.ai\/wp-content\/uploads\/2025\/10\/KopievonBlogpost_Vorschaubilder_Templates8.webp\" class=\"attachment-full size-full wp-post-image\" alt=\"\" srcset=\"https:\/\/brainsuite.ai\/wp-content\/uploads\/2025\/10\/KopievonBlogpost_Vorschaubilder_Templates8.webp 1620w, https:\/\/brainsuite.ai\/wp-content\/uploads\/2025\/10\/KopievonBlogpost_Vorschaubilder_Templates8-300x200.webp 300w, https:\/\/brainsuite.ai\/wp-content\/uploads\/2025\/10\/KopievonBlogpost_Vorschaubilder_Templates8-1024x683.webp 1024w, https:\/\/brainsuite.ai\/wp-content\/uploads\/2025\/10\/KopievonBlogpost_Vorschaubilder_Templates8-768x512.webp 768w, https:\/\/brainsuite.ai\/wp-content\/uploads\/2025\/10\/KopievonBlogpost_Vorschaubilder_Templates8-1536x1024.webp 1536w\" sizes=\"auto, (max-width: 1620px) 100vw, 1620px\" \/>                <\/div>\n            <\/a>\n        \n        \n        <div class=\"bde-loop-item__wrap ee-post-wrap\">\n            \n                            <h3 class=\"ee-post-title\">\n                    <a class=\"bde-loop-item__title-link ee-post-title-link\" href=\"https:\/\/brainsuite.ai\/de\/resources\/shopper-marketing-am-pos-wie-imi-salesmarketing-mit-ki-verkaufsflaechen-optimiert\/\" >\n                        Shopper Marketing am POS: Wie iMi salesmarketing mit KI Verkaufsfl\u00e4chen optimiert                    <\/a>\n                <\/h3>\n            \n    \n                        \n                        \n    \n    \n    \n    \n            \n                    \n            \n            \n\n    \n    \n    \n    \n    \n    <a class=\"breakdance-link button-atom button-atom--custom bde-loop-item__button ee-post-button\" href=\"https:\/\/brainsuite.ai\/de\/resources\/shopper-marketing-am-pos-wie-imi-salesmarketing-mit-ki-verkaufsflaechen-optimiert\/\" target=\"_self\" data-type=\"\"  >\n\n    \n        <span class=\"button-atom__text\">Weiterlesen<\/span>\n\n        \n        \n                <\/a>\n\n    \n\n\n\n\n            \n        <\/div>\n\n    <\/article>\n\n<\/div><div class='bde-posts-pagination' data-ssr-path='breakdance\/subplugins\/breakdance-elements\/elements\/PostsList\/ssr.php'>\n\n                                    \n    \n    \n    \n    \n            \n            <button type=\"submit\" class=\"button-atom button-atom--custom bde-posts-pagination-loadmore-button\"  >\n    \n        <span class=\"button-atom__text\">Weitere Artikel laden<\/span>\n\n        \n        \n            <\/button>\n    \n\n<\/div><\/div><\/div>\n<\/section><div class=\"bde-globalblock-94-149 bde-globalblock\"><section class=\"bde-section-216-100-216-1 bde-section bde-section-216-100\">\n  \n  \n\t\n\n\n\n<div class=\"section-container\"><h2 class=\"bde-heading-216-101-216-1 bde-heading bde-heading-216-101\">\nStarten Sie noch heute mit der Optimierung Ihrer Marketingerfolge\n<\/h2><div class=\"bde-rich-text-216-102-216-1 bde-rich-text bde-rich-text-216-102 breakdance-rich-text-styles\">\nSchlie\u00dfen Sie sich 400+ globalen Marken an, die mit Brainsuite ihren Marketing-ROI maximieren.\n<\/div><div class=\"bde-button-216-103-216-1 bde-button w-100-m bde-button-216-103\">\n    \n                        \n                        \n    \n    \n    \n    \n            \n                    \n            \n            \n\n    \n    \n    \n    \n    \n    <a class=\"breakdance-link button-atom button-atom--secondary bde-button__button\" href=\"\/de\/demo\" target=\"_self\" data-type=\"url\"  >\n\n    \n        <span class=\"button-atom__text\">Jetzt kostenlose Demo buchen<\/span>\n\n        \n        \n                <\/a>\n\n    \n\n\n<\/div><\/div>\n<\/section><\/div>","protected":false},"excerpt":{"rendered":"","protected":false},"author":5,"featured_media":0,"parent":0,"menu_order":0,"comment_status":"closed","ping_status":"closed","template":"","meta":{"_breakdance_hide_in_design_set":false,"_breakdance_tags":"","footnotes":""},"class_list":["post-94","page","type-page","status-publish","hentry"],"_links":{"self":[{"href":"https:\/\/brainsuite.ai\/de\/wp-json\/wp\/v2\/pages\/94","targetHints":{"allow":["GET"]}}],"collection":[{"href":"https:\/\/brainsuite.ai\/de\/wp-json\/wp\/v2\/pages"}],"about":[{"href":"https:\/\/brainsuite.ai\/de\/wp-json\/wp\/v2\/types\/page"}],"author":[{"embeddable":true,"href":"https:\/\/brainsuite.ai\/de\/wp-json\/wp\/v2\/users\/5"}],"replies":[{"embeddable":true,"href":"https:\/\/brainsuite.ai\/de\/wp-json\/wp\/v2\/comments?post=94"}],"version-history":[{"count":10,"href":"https:\/\/brainsuite.ai\/de\/wp-json\/wp\/v2\/pages\/94\/revisions"}],"predecessor-version":[{"id":3697,"href":"https:\/\/brainsuite.ai\/de\/wp-json\/wp\/v2\/pages\/94\/revisions\/3697"}],"wp:attachment":[{"href":"https:\/\/brainsuite.ai\/de\/wp-json\/wp\/v2\/media?parent=94"}],"curies":[{"name":"wp","href":"https:\/\/api.w.org\/{rel}","templated":true}]}}